{"id":4105,"date":"2022-11-02T17:04:16","date_gmt":"2022-11-02T09:04:16","guid":{"rendered":"https:\/\/www.tesswave.com\/?post_type=product&#038;p=4105"},"modified":"2025-06-19T17:59:04","modified_gmt":"2025-06-19T09:59:04","slug":"2g-3g-4g-lte-magnetic-mount-whip-antenna-698-2700mhz","status":"publish","type":"product","link":"https:\/\/www.tesswave.com\/fr\/product\/2g-3g-4g-lte-magnetic-mount-whip-antenna-698-2700mhz\/","title":{"rendered":"Antenne fouet 2G\/3G\/4G LTE \u00e0 montage magn\u00e9tique 698-2700MHz"},"content":{"rendered":"<figure class=\"wp-block-table is-style-regular\"><table class=\"has-fixed-layout\"><tbody><tr><td><strong><b>Sp\u00e9cifications \u00e9lectriques<\/b><\/strong><\/td><td>&nbsp;<\/td><\/tr><tr><td>Fr\u00e9quence<\/td><td>698-960\/1710-2700 MHz<\/td><\/tr><tr><td>Gain<\/td><td>3\/3.5 dBi<\/td><\/tr><tr><td>TOS<\/td><td>&lt;1.5<\/td><\/tr><tr><td>Polarisation<\/td><td>Vertical<\/td><\/tr><tr><td>Largeur du faisceau horizontal<\/td><td>360\u00b0<\/td><\/tr><tr><td>Largeur du faisceau vertical<\/td><td>60\u00b0<\/td><\/tr><tr><td>Imp\u00e9dance<\/td><td>50 ohms<\/td><\/tr><tr><td>Puissance max. Puissance d'entr\u00e9e<\/td><td>50W<\/td><\/tr><tr><td>Protection contre la foudre<\/td><td>Terre DC<\/td><\/tr><tr><td><strong><b>Sp\u00e9cifications m\u00e9caniques<\/b><\/strong><\/td><td>&nbsp;<\/td><\/tr><tr><td>Connecteur<\/td><td>RP SMA m\u00e2le<\/td><\/tr><tr><td>C\u00e2ble<\/td><td>3 m\u00e8tres RG174<\/td><\/tr><tr><td>Dimension<\/td><td>320 mm<\/td><\/tr><tr><td>Poids<\/td><td>110 g<\/td><\/tr><tr><td>Montage<\/td><td>Base magn\u00e9tique<\/td><\/tr><tr><td>Temp\u00e9rature de fonctionnement<\/td><td>-40\u2103 - +65\u2103<\/td><\/tr><\/tbody><\/table><\/figure>","protected":false},"author":1,"featured_media":6056,"menu_order":0,"template":"","meta":{"_acf_changed":true},"product_cat":[87,337],"product_tag":[],"class_list":["post-4105","product","type-product","status-publish","has-post-thumbnail","hentry","product_cat-4g-lte-antennas","product_cat-698-2700-mhz-antennas"],"acf":{"_sku":"TMM-0727-4V","product-image":[6056],"_price":"8","pdsms":null,"excerpt":"<ul>\r\n<li>698-2700MHz gamme de fr\u00e9quences exploit\u00e9e<\/li>\r\n<li>3\/3,5dBi - diagramme de rayonnement omnidirectionnel \u00e0 gain \u00e9lev\u00e9<\/li>\r\n<li>Convient aux applications 2G\/3G\/4G LTE<\/li>\r\n<li>Base de montage magn\u00e9tique<\/li>\r\n<li>C\u00e2bles RG174 3M ou personnalis\u00e9s<\/li>\r\n<li>Connecteur SMA ou personnalis\u00e9<\/li>\r\n<\/ul>","faqs":""},"_links":{"self":[{"href":"https:\/\/www.tesswave.com\/fr\/wp-json\/wp\/v2\/product\/4105","targetHints":{"allow":["GET"]}}],"collection":[{"href":"https:\/\/www.tesswave.com\/fr\/wp-json\/wp\/v2\/product"}],"about":[{"href":"https:\/\/www.tesswave.com\/fr\/wp-json\/wp\/v2\/types\/product"}],"author":[{"embeddable":true,"href":"https:\/\/www.tesswave.com\/fr\/wp-json\/wp\/v2\/users\/1"}],"acf:attachment":[{"embeddable":true,"href":"https:\/\/www.tesswave.com\/fr\/wp-json\/wp\/v2\/media\/6056"}],"wp:featuredmedia":[{"embeddable":true,"href":"https:\/\/www.tesswave.com\/fr\/wp-json\/wp\/v2\/media\/6056"}],"wp:attachment":[{"href":"https:\/\/www.tesswave.com\/fr\/wp-json\/wp\/v2\/media?parent=4105"}],"wp:term":[{"taxonomy":"product_cat","embeddable":true,"href":"https:\/\/www.tesswave.com\/fr\/wp-json\/wp\/v2\/product_cat?post=4105"},{"taxonomy":"product_tag","embeddable":true,"href":"https:\/\/www.tesswave.com\/fr\/wp-json\/wp\/v2\/product_tag?post=4105"}],"curies":[{"name":"wp","href":"https:\/\/api.w.org\/{rel}","templated":true}]}}