{"id":7551,"date":"2023-09-21T21:09:24","date_gmt":"2023-09-21T13:09:24","guid":{"rendered":"https:\/\/www.tesswave.com\/?post_type=product&#038;p=7551"},"modified":"2025-06-19T17:36:37","modified_gmt":"2025-06-19T09:36:37","slug":"2-4-7-2-ghz-13dbi-4-ports-mimo-panel-antenna","status":"publish","type":"product","link":"https:\/\/www.tesswave.com\/fr\/product\/2-4-7-2-ghz-13dbi-4-ports-mimo-panel-antenna\/","title":{"rendered":"Antenne panneau directionnelle Wi-Fi 6E ext\u00e9rieure 4 ports MIMO 2,4-7,2 GHz 13 dBi"},"content":{"rendered":"<figure class=\"wp-block-table\"><table class=\"has-fixed-layout\"><tbody><tr><td><strong>Sp\u00e9cifications \u00e9lectriques<\/strong><\/td><td colspan=\"2\">&nbsp;<\/td><\/tr><tr><td>Fr\u00e9quence-MHz<\/td><td>2400-2500<\/td><td>4900-7125<\/td><\/tr><tr><td>Gain-dBi<\/td><td>10<\/td><td>13<\/td><\/tr><tr><td>TOS<\/td><td colspan=\"2\">&lt;2<\/td><\/tr><tr><td>Polarisation<\/td><td colspan=\"2\">2*verticale et 2*horizontale<\/td><\/tr><tr><td>Largeur du faisceau horizontal<\/td><td>55\u00b0<\/td><td>44\u00b0<\/td><\/tr><tr><td>Largeur du faisceau vertical<\/td><td>50\u00b0<\/td><td>40\u00b0<\/td><\/tr><tr><td>Rapport F\/B<\/td><td colspan=\"2\">\u226525dB<\/td><\/tr><tr><td>L'isolement<\/td><td colspan=\"2\">\u226528dB<\/td><\/tr><tr><td>Imp\u00e9dance<\/td><td colspan=\"2\">50 ohms<\/td><\/tr><tr><td>Puissance max. Puissance d'entr\u00e9e<\/td><td colspan=\"2\">50W<\/td><\/tr><tr><td>Protection contre la foudre<\/td><td colspan=\"2\">Terre DC<\/td><\/tr><tr><td><strong>Sp\u00e9cifications m\u00e9caniques<\/strong><\/td><td colspan=\"2\">&nbsp;<\/td><\/tr><tr><td>Connecteur<\/td><td colspan=\"2\">4\u00d7N Femelle<\/td><\/tr><tr><td>Dimension<\/td><td colspan=\"2\">250<a>\u00d7<\/a>250\u00d725mm<\/td><\/tr><tr><td>Poids<\/td><td colspan=\"2\">0,7 kg<\/td><\/tr><tr><td>Montage<\/td><td colspan=\"2\">M\u00e2t \u00d830-\u00d850 mm<\/td><\/tr><tr><td>Mat\u00e9riau du rad\u00f4me<\/td><td colspan=\"2\">ABS<\/td><\/tr><tr><td>Vitesse du vent<\/td><td colspan=\"2\">210 km\/h<\/td><\/tr><tr><td>Temp\u00e9rature de fonctionnement<\/td><td colspan=\"2\">-40\u2103 - +65\u2103<\/td><\/tr><\/tbody><\/table><\/figure>","protected":false},"author":1,"featured_media":7556,"menu_order":0,"template":"","meta":{"_acf_changed":true},"product_cat":[166,338,128],"product_tag":[],"class_list":["post-7551","product","type-product","status-publish","has-post-thumbnail","hentry","product_cat-wifi-6-6e-antennas","product_cat-2400-7125-mhz-antennas","product_cat-mimo-panel-antennas"],"acf":{"_sku":"TPC-2472-13BD","product-image":[7556],"_price":"","pdsms":null,"excerpt":"<ul>\r\n<li>Fonctionne sur la bande 2400-2500\/4900-7125MHz<\/li>\r\n<li>10\/13dBi gain \u00e9lev\u00e9<\/li>\r\n<li>Diagramme de rayonnement directionnel<\/li>\r\n<li>Montage sur poteau pour une utilisation en ext\u00e9rieur<\/li>\r\n<li>4*N Connecteur femelle<\/li>\r\n<\/ul>","faqs":""},"_links":{"self":[{"href":"https:\/\/www.tesswave.com\/fr\/wp-json\/wp\/v2\/product\/7551","targetHints":{"allow":["GET"]}}],"collection":[{"href":"https:\/\/www.tesswave.com\/fr\/wp-json\/wp\/v2\/product"}],"about":[{"href":"https:\/\/www.tesswave.com\/fr\/wp-json\/wp\/v2\/types\/product"}],"author":[{"embeddable":true,"href":"https:\/\/www.tesswave.com\/fr\/wp-json\/wp\/v2\/users\/1"}],"acf:attachment":[{"embeddable":true,"href":"https:\/\/www.tesswave.com\/fr\/wp-json\/wp\/v2\/media\/7556"}],"wp:featuredmedia":[{"embeddable":true,"href":"https:\/\/www.tesswave.com\/fr\/wp-json\/wp\/v2\/media\/7556"}],"wp:attachment":[{"href":"https:\/\/www.tesswave.com\/fr\/wp-json\/wp\/v2\/media?parent=7551"}],"wp:term":[{"taxonomy":"product_cat","embeddable":true,"href":"https:\/\/www.tesswave.com\/fr\/wp-json\/wp\/v2\/product_cat?post=7551"},{"taxonomy":"product_tag","embeddable":true,"href":"https:\/\/www.tesswave.com\/fr\/wp-json\/wp\/v2\/product_tag?post=7551"}],"curies":[{"name":"wp","href":"https:\/\/api.w.org\/{rel}","templated":true}]}}