{"id":7559,"date":"2023-09-21T21:13:50","date_gmt":"2023-09-21T13:13:50","guid":{"rendered":"https:\/\/www.tesswave.com\/?post_type=product&#038;p=7559"},"modified":"2025-06-19T17:36:17","modified_gmt":"2025-06-19T09:36:17","slug":"2400-7125-mhz-6-ports-mimo-panel-antenna","status":"publish","type":"product","link":"https:\/\/www.tesswave.com\/fr\/product\/2400-7125-mhz-6-ports-mimo-panel-antenna\/","title":{"rendered":"Antenne panneau Wi-Fi 6E MIMO 6 ports 2400-7125 MHz 13 dBi pour ext\u00e9rieur"},"content":{"rendered":"<figure class=\"wp-block-table\"><table class=\"has-fixed-layout\"><tbody><tr><td><strong>Sp\u00e9cifications \u00e9lectriques<\/strong><\/td><td colspan=\"2\">&nbsp;<\/td><\/tr><tr><td>Fr\u00e9quence-MHz<\/td><td>2400-2500<\/td><td>4900-7125<\/td><\/tr><tr><td>Gain-dBi<\/td><td>10<\/td><td>13<\/td><\/tr><tr><td>TOS<\/td><td colspan=\"2\">&lt;2<\/td><\/tr><tr><td>Polarisation<\/td><td colspan=\"2\">3*verticale et 3*horizontale<\/td><\/tr><tr><td>Largeur du faisceau horizontal<\/td><td>55\u00b0<\/td><td>44\u00b0<\/td><\/tr><tr><td>Largeur du faisceau vertical<\/td><td>50\u00b0<\/td><td>40\u00b0<\/td><\/tr><tr><td>Rapport F\/B<\/td><td colspan=\"2\">\u226525dB<\/td><\/tr><tr><td>L'isolement<\/td><td colspan=\"2\">\u226528dB<\/td><\/tr><tr><td>Imp\u00e9dance<\/td><td colspan=\"2\">50 ohms<\/td><\/tr><tr><td>Puissance max. Puissance d'entr\u00e9e<\/td><td colspan=\"2\">50W<\/td><\/tr><tr><td>Protection contre la foudre<\/td><td colspan=\"2\">Terre DC<\/td><\/tr><tr><td><strong>Sp\u00e9cifications m\u00e9caniques<\/strong><\/td><td colspan=\"2\">&nbsp;<\/td><\/tr><tr><td>Connecteur<\/td><td colspan=\"2\">6xN Femelle<\/td><\/tr><tr><td>Dimension<\/td><td colspan=\"2\">305x305x25 mm<\/td><\/tr><tr><td>Poids<\/td><td colspan=\"2\">0,9 kg<\/td><\/tr><tr><td>Montage<\/td><td colspan=\"2\">M\u00e2t \u00d830-\u00d850 mm<\/td><\/tr><tr><td>Mat\u00e9riau du rad\u00f4me<\/td><td colspan=\"2\">ABS<\/td><\/tr><tr><td>Vitesse du vent<\/td><td colspan=\"2\">210 km\/h<\/td><\/tr><tr><td>Temp\u00e9rature de fonctionnement<\/td><td colspan=\"2\">-40\u2103 - +65\u2103<\/td><\/tr><\/tbody><\/table><\/figure>","protected":false},"author":1,"featured_media":7560,"menu_order":0,"template":"","meta":{"_acf_changed":true},"product_cat":[166,338,128],"product_tag":[],"class_list":["post-7559","product","type-product","status-publish","has-post-thumbnail","hentry","product_cat-wifi-6-6e-antennas","product_cat-2400-7125-mhz-antennas","product_cat-mimo-panel-antennas"],"acf":{"_sku":"TPC-2472-13CD","product-image":[7560],"_price":"","pdsms":null,"excerpt":"<ul>\r\n<li>Fonctionne sur la bande 2400-2500\/4900-7125MHz<\/li>\r\n<li>10\/13dBi gain \u00e9lev\u00e9<\/li>\r\n<li>Diagramme de rayonnement directionnel<\/li>\r\n<li>Montage sur poteau pour une utilisation en ext\u00e9rieur<\/li>\r\n<li>6 x N Connecteur femelle<\/li>\r\n<\/ul>","faqs":""},"_links":{"self":[{"href":"https:\/\/www.tesswave.com\/fr\/wp-json\/wp\/v2\/product\/7559","targetHints":{"allow":["GET"]}}],"collection":[{"href":"https:\/\/www.tesswave.com\/fr\/wp-json\/wp\/v2\/product"}],"about":[{"href":"https:\/\/www.tesswave.com\/fr\/wp-json\/wp\/v2\/types\/product"}],"author":[{"embeddable":true,"href":"https:\/\/www.tesswave.com\/fr\/wp-json\/wp\/v2\/users\/1"}],"acf:attachment":[{"embeddable":true,"href":"https:\/\/www.tesswave.com\/fr\/wp-json\/wp\/v2\/media\/7560"}],"wp:featuredmedia":[{"embeddable":true,"href":"https:\/\/www.tesswave.com\/fr\/wp-json\/wp\/v2\/media\/7560"}],"wp:attachment":[{"href":"https:\/\/www.tesswave.com\/fr\/wp-json\/wp\/v2\/media?parent=7559"}],"wp:term":[{"taxonomy":"product_cat","embeddable":true,"href":"https:\/\/www.tesswave.com\/fr\/wp-json\/wp\/v2\/product_cat?post=7559"},{"taxonomy":"product_tag","embeddable":true,"href":"https:\/\/www.tesswave.com\/fr\/wp-json\/wp\/v2\/product_tag?post=7559"}],"curies":[{"name":"wp","href":"https:\/\/api.w.org\/{rel}","templated":true}]}}