{"id":7563,"date":"2023-09-21T21:20:41","date_gmt":"2023-09-21T13:20:41","guid":{"rendered":"https:\/\/www.tesswave.com\/?post_type=product&#038;p=7563"},"modified":"2025-06-19T17:35:53","modified_gmt":"2025-06-19T09:35:53","slug":"4900-7125-mhz-17dbi-mimo-panel-antenna","status":"publish","type":"product","link":"https:\/\/www.tesswave.com\/fr\/product\/4900-7125-mhz-17dbi-mimo-panel-antenna\/","title":{"rendered":"4900-7125MHz 17dBi Directionnel 2-Ports MIMO WiFi 6E Panel Antenna"},"content":{"rendered":"<h3 class=\"wp-block-heading\">Aper\u00e7u du produit<\/h3>\n\n\n\n<p>La TPC-4972-17D est une antenne panneau MIMO WiFi 6E directionnelle \u00e0 gain \u00e9lev\u00e9 et \u00e0 haute performance, con\u00e7ue pour les r\u00e9seaux WiFi 6E, fonctionnant dans la gamme de fr\u00e9quences 4900-7125MHz. Dot\u00e9e d'un double port <a href=\"https:\/\/www.tesswave.com\/fr\/what-is-mimo-technology\/\" target=\"_blank\" data-type=\"post\" data-id=\"3205\" rel=\"noreferrer noopener\">Technologie MIMO<\/a> et la prise en charge de la polarisation horizontale et verticale, cette antenne offre un gain \u00e9lev\u00e9, un faible ROS et une excellente directivit\u00e9, ce qui la rend id\u00e9ale pour les sc\u00e9narios de communication sans fil \u00e0 longue port\u00e9e en ext\u00e9rieur.<\/p>\n\n\n\n<p>Cette antenne panneau ext\u00e9rieure WiFi 6E utilise la technologie de rayonnement directionnel pour concentrer l'\u00e9nergie du signal dans une direction sp\u00e9cifique, am\u00e9liorant ainsi la distance de couverture et la qualit\u00e9 du signal. Sa conception \u00e0 double polarisation (horizontale + verticale) prend en charge la technologie MIMO, permettant la transmission simultan\u00e9e de signaux multicanaux afin d'am\u00e9liorer de mani\u00e8re significative le d\u00e9bit du r\u00e9seau et les capacit\u00e9s anti-interf\u00e9rences. La faible <a href=\"https:\/\/www.antenna-theory.com\/m\/definitions\/vswr.php\" target=\"_blank\" rel=\"noopener\">TOS<\/a> et une isolation \u00e9lev\u00e9e optimisent encore l'efficacit\u00e9 de la transmission des signaux, ce qui le rend adapt\u00e9 aux environnements de r\u00e9seau \u00e0 haute densit\u00e9.<\/p>\n\n\n\n<figure class=\"wp-block-table\"><table class=\"has-fixed-layout\"><tbody><tr><td><strong>Sp\u00e9cifications \u00e9lectriques<\/strong><\/td><td>&nbsp;<\/td><\/tr><tr><td>Fr\u00e9quence<\/td><td>4900-7125 MHz<\/td><\/tr><tr><td>Gain<\/td><td>4900-5150MHz @ 15dBi<br>5150-7125MHz @ 17dBi<\/td><\/tr><tr><td>TOS<\/td><td>&lt;1.5<\/td><\/tr><tr><td>Polarisation<\/td><td>Horizontal et vertical<\/td><\/tr><tr><td>Largeur du faisceau horizontal<\/td><td>25\u00b0<\/td><\/tr><tr><td>Largeur du faisceau vertical<\/td><td>22\u00b0<\/td><\/tr><tr><td>Rapport F\/B<\/td><td>\u226523dB<\/td><\/tr><tr><td>L'isolement<\/td><td>\u226528dB<\/td><\/tr><tr><td>Imp\u00e9dance<\/td><td>50 ohms<\/td><\/tr><tr><td>Puissance max. Puissance d'entr\u00e9e<\/td><td>100W<\/td><\/tr><tr><td>Protection contre la foudre<\/td><td>Terre DC<\/td><\/tr><tr><td><strong>Sp\u00e9cifications m\u00e9caniques<\/strong><\/td><td>&nbsp;<\/td><\/tr><tr><td>Connecteur<\/td><td>2\u00d7N femelle<\/td><\/tr><tr><td>Dimension<\/td><td>250\u00d7250\u00d735mm<\/td><\/tr><tr><td>Poids<\/td><td>0,7 kg<\/td><\/tr><tr><td>Montage<\/td><td>M\u00e2t \u00d840-\u00d860 mm<\/td><\/tr><tr><td>Mat\u00e9riau du rad\u00f4me<\/td><td>ABS<\/td><\/tr><tr><td>Vitesse du vent<\/td><td>210 km\/h<\/td><\/tr><tr><td>Temp\u00e9rature de fonctionnement<\/td><td>-40\u2103 - +65\u2103<\/td><\/tr><\/tbody><\/table><\/figure>\n\n\n\n<h3 class=\"wp-block-heading\">Caract\u00e9ristiques du produit\uff1a<\/h3>\n\n\n\n<p><strong>Couverture du signal haute performance<\/strong><\/p>\n\n\n\n<ul class=\"wp-block-list\">\n<li>Gain \u00e9lev\u00e9 : 15dBi dans la bande 4900-5150MHz et jusqu'\u00e0 17dBi dans la bande 5150-7125MHz, ce qui am\u00e9liore consid\u00e9rablement la distance de transmission du signal et la stabilit\u00e9.<\/li>\n\n\n\n<li>Faible VSWR : &lt;1,5, assurant une efficacit\u00e9 maximale de la transmission du signal.<\/li>\n\n\n\n<li>Isolation \u00e9lev\u00e9e : \u226528dB, r\u00e9duisant les interf\u00e9rences et am\u00e9liorant la connectivit\u00e9 multi-appareils.<\/li>\n<\/ul>\n\n\n\n<p><strong>Rayonnement directionnel<\/strong><\/p>\n\n\n\n<ul class=\"wp-block-list\">\n<li>Largeur de faisceau \u00e9troite : largeur de faisceau horizontale de 25\u00b0 et verticale de 22\u00b0 pour des performances directionnelles pr\u00e9cises.<\/li>\n\n\n\n<li>Rapport avant-arri\u00e8re (rapport F\/B) : \u226523dB, supprimant efficacement les interf\u00e9rences arri\u00e8re et am\u00e9liorant la directivit\u00e9 du signal.<\/li>\n<\/ul>\n\n\n\n<p><strong>Conception durable<\/strong><\/p>\n\n\n\n<ul class=\"wp-block-list\">\n<li>Bo\u00eetier robuste : Construit en ABS, il est \u00e9tanche et r\u00e9sistant aux UV pour les environnements ext\u00e9rieurs difficiles.<\/li>\n\n\n\n<li>R\u00e9sistance au vent : R\u00e9siste \u00e0 des vitesses de vent allant jusqu'\u00e0 210 km\/h, garantissant un fonctionnement stable dans des conditions m\u00e9t\u00e9orologiques extr\u00eames.<\/li>\n\n\n\n<li>Large plage de temp\u00e9rature de fonctionnement : -40\u2103 \u00e0 +65\u2103, adapt\u00e9e aux conditions climatiques extr\u00eames.<\/li>\n<\/ul>\n\n\n\n<p><strong>Installation facile<\/strong><\/p>\n\n\n\n<ul class=\"wp-block-list\">\n<li>Montage sur m\u00e2t : Compatible avec les m\u00e2ts de \u00d840-\u00d860mm pour les toits, les tours ou les installations similaires. Les pinces de montage sont incluses pour une installation simple et rapide.<\/li>\n\n\n\n<li>Conception l\u00e9g\u00e8re : Ne p\u00e8se que 0,7 kg pour une installation sans effort.<\/li>\n<\/ul>\n\n\n\n<p><strong>Conception \u00e0 double polarisation et \u00e0 double port<\/strong><\/p>\n\n\n\n<ul class=\"wp-block-list\">\n<li>Technologie MIMO : \u00c9quip\u00e9 de deux connecteurs de type N, enti\u00e8rement compatible avec les appareils sans fil MIMO courants.<\/li>\n\n\n\n<li>Interfaces personnalisables : Contactez-nous pour conna\u00eetre vos besoins sp\u00e9cifiques en mati\u00e8re de connecteurs.<\/li>\n<\/ul>\n\n\n\n<h3 class=\"wp-block-heading\">Applications de l'antenne panneau WiFi 6E<\/h3>\n\n\n\n<p>L'antenne TPC-4972-17D convient aux sc\u00e9narios suivants :<\/p>\n\n\n\n<ul class=\"wp-block-list\">\n<li>Extension du r\u00e9seau WiFi 6E : Fournit une couverture sans fil \u00e0 haut d\u00e9bit et \u00e0 faible latence pour les habitations, les entreprises ou les installations industrielles.<\/li>\n\n\n\n<li>Communication point \u00e0 point \u00e0 longue port\u00e9e : Id\u00e9al pour le pontage sans fil, la transmission de surveillance et d'autres besoins de transmission sur de longues distances.<\/li>\n\n\n\n<li>Couverture sans fil en ext\u00e9rieur : Am\u00e9liore la puissance du signal dans les grandes zones telles que les campus, les entrep\u00f4ts et les stades.<\/li>\n\n\n\n<li>Syst\u00e8mes MIMO : Prise en charge de la technologie MIMO \u00e0 double port pour augmenter la capacit\u00e9 du r\u00e9seau et l'efficacit\u00e9 de la transmission.<\/li>\n<\/ul>\n\n\n\n<h3 class=\"wp-block-heading\">Guide d'installation de l'antenne panneau WiFi 6E<\/h3>\n\n\n\n<p><strong>Pr\u00e9paration avant l'installation<\/strong><\/p>\n\n\n\n<ul class=\"wp-block-list\">\n<li>Installez l'antenne \u00e0 un endroit \u00e9lev\u00e9 et d\u00e9gag\u00e9, en l'orientant vers la zone cible.<\/li>\n\n\n\n<li>S'assurer que le diam\u00e8tre du poteau de montage (\u00d840-\u00d860mm) est conforme aux sp\u00e9cifications.<\/li>\n\n\n\n<li>L'antenne est class\u00e9e IP66 pour l'\u00e9tanch\u00e9it\u00e9, ne n\u00e9cessitant aucune mesure d'\u00e9tanch\u00e9it\u00e9 suppl\u00e9mentaire.<\/li>\n<\/ul>\n\n\n\n<p><strong>\u00c9tapes de l'installation<\/strong><\/p>\n\n\n\n<ol start=\"1\" class=\"wp-block-list\">\n<li>Fixez l'antenne panneau WiFi 6E au poteau \u00e0 l'aide des pinces fournies.<\/li>\n\n\n\n<li>R\u00e9glez la direction de l'antenne pour aligner le faisceau principal sur la zone cible.<\/li>\n\n\n\n<li>Connectez les ports de type N au routeur ou \u00e0 l'appareil sans fil \u00e0 l'aide du c\u00e2ble (nous fournissons \u00e9galement toutes sortes de c\u00e2bles, veuillez nous contacter si n\u00e9cessaire).<\/li>\n\n\n\n<li>V\u00e9rifier que tous les raccords sont bien fix\u00e9s et appliquer un produit d'\u00e9tanch\u00e9it\u00e9 (par exemple, un ruban adh\u00e9sif ou un produit d'\u00e9tanch\u00e9it\u00e9) sur les joints.<\/li>\n<\/ol>\n\n\n\n<p><strong>Pr\u00e9cautions<\/strong><\/p>\n\n\n\n<ul class=\"wp-block-list\">\n<li>\u00c9vitez d'orienter l'antenne vers des sources d'interf\u00e9rences importantes (par exemple, d'autres appareils \u00e0 haute fr\u00e9quence).<\/li>\n\n\n\n<li>Assurer une mise \u00e0 la terre correcte pour la protection contre la foudre (DC Ground).<\/li>\n<\/ul>","protected":false},"author":1,"featured_media":7564,"menu_order":0,"template":"","meta":{"_acf_changed":true},"product_cat":[166,338,128],"product_tag":[],"class_list":["post-7563","product","type-product","status-publish","has-post-thumbnail","hentry","product_cat-wifi-6-6e-antennas","product_cat-2400-7125-mhz-antennas","product_cat-mimo-panel-antennas"],"acf":{"_sku":"TPC-4972-17D","product-image":[7564],"_price":"","pdsms":null,"excerpt":"<ul>\r\n<li>Fonctionne sur la bande 4900-7125MHz<\/li>\r\n<li>15\/17dBi gain \u00e9lev\u00e9<\/li>\r\n<li>Diagramme de rayonnement directionnel<\/li>\r\n<li>Montage sur poteau pour une utilisation en ext\u00e9rieur<\/li>\r\n<li>2*N Connecteur femelle<\/li>\r\n<\/ul>","faqs":""},"_links":{"self":[{"href":"https:\/\/www.tesswave.com\/fr\/wp-json\/wp\/v2\/product\/7563","targetHints":{"allow":["GET"]}}],"collection":[{"href":"https:\/\/www.tesswave.com\/fr\/wp-json\/wp\/v2\/product"}],"about":[{"href":"https:\/\/www.tesswave.com\/fr\/wp-json\/wp\/v2\/types\/product"}],"author":[{"embeddable":true,"href":"https:\/\/www.tesswave.com\/fr\/wp-json\/wp\/v2\/users\/1"}],"acf:attachment":[{"embeddable":true,"href":"https:\/\/www.tesswave.com\/fr\/wp-json\/wp\/v2\/media\/7564"}],"wp:featuredmedia":[{"embeddable":true,"href":"https:\/\/www.tesswave.com\/fr\/wp-json\/wp\/v2\/media\/7564"}],"wp:attachment":[{"href":"https:\/\/www.tesswave.com\/fr\/wp-json\/wp\/v2\/media?parent=7563"}],"wp:term":[{"taxonomy":"product_cat","embeddable":true,"href":"https:\/\/www.tesswave.com\/fr\/wp-json\/wp\/v2\/product_cat?post=7563"},{"taxonomy":"product_tag","embeddable":true,"href":"https:\/\/www.tesswave.com\/fr\/wp-json\/wp\/v2\/product_tag?post=7563"}],"curies":[{"name":"wp","href":"https:\/\/api.w.org\/{rel}","templated":true}]}}