{"id":7574,"date":"2023-09-21T21:59:21","date_gmt":"2023-09-21T13:59:21","guid":{"rendered":"https:\/\/www.tesswave.com\/?post_type=product&#038;p=7574"},"modified":"2025-06-19T17:35:31","modified_gmt":"2025-06-19T09:35:31","slug":"2-4-7-2-ghz-outdoor-omni-3-ports-mimo-antenna","status":"publish","type":"product","link":"https:\/\/www.tesswave.com\/fr\/product\/2-4-7-2-ghz-outdoor-omni-3-ports-mimo-antenna\/","title":{"rendered":"2400-7125MHz Antenne ext\u00e9rieure omnidirectionnelle 3\u00d73 MIMO WiFi 6E 3-Ports"},"content":{"rendered":"<figure class=\"wp-block-table\"><table class=\"has-fixed-layout\"><tbody><tr><td><strong>Sp\u00e9cifications \u00e9lectriques<\/strong><\/td><td colspan=\"2\">&nbsp;<\/td><\/tr><tr><td>Fr\u00e9quence-MHz<\/td><td>2400-2500<\/td><td>4900-7125<\/td><\/tr><tr><td>Gain-dBi<\/td><td>4<\/td><td>6<\/td><\/tr><tr><td>TOS<\/td><td>&lt;1.5<\/td><td>&lt;2.2<\/td><\/tr><tr><td>Polarisation<\/td><td colspan=\"2\">Vertical<\/td><\/tr><tr><td>Largeur du faisceau horizontal<\/td><td colspan=\"2\">360\u00b0<\/td><\/tr><tr><td>Largeur du faisceau vertical<\/td><td>48\u00b0<\/td><td>28\u00b0<\/td><\/tr><tr><td>Imp\u00e9dance<\/td><td colspan=\"2\">50\u03a9<\/td><\/tr><tr><td>Puissance max. Puissance d'entr\u00e9e<\/td><td colspan=\"2\">50W<\/td><\/tr><tr><td>Protection contre la foudre<\/td><td colspan=\"2\">Terre DC<\/td><\/tr><tr><td><strong>Sp\u00e9cifications m\u00e9caniques<\/strong><\/td><td colspan=\"2\">&nbsp;<\/td><\/tr><tr><td>Connecteur<\/td><td colspan=\"2\">3\u00d7RP SMA m\u00e2le<\/td><\/tr><tr><td>Dimension<\/td><td colspan=\"2\">\u00d8128\u00d7220 mm<\/td><\/tr><tr><td>Poids<\/td><td colspan=\"2\">1,3 kg<\/td><\/tr><tr><td>Montage<\/td><td colspan=\"2\">M\u00e2t \u00d830-\u00d850 mm<\/td><\/tr><tr><td>Mat\u00e9riau du rad\u00f4me<\/td><td colspan=\"2\">R\u00e9sistance aux UV PVC<\/td><\/tr><tr><td>Vitesse du vent<\/td><td colspan=\"2\">210 km\/h<\/td><\/tr><tr><td>Temp\u00e9rature de fonctionnement<\/td><td colspan=\"2\">-40\u2103 - +65\u2103<\/td><\/tr><\/tbody><\/table><\/figure>","protected":false},"author":1,"featured_media":7575,"menu_order":0,"template":"","meta":{"_acf_changed":true},"product_cat":[166,338,247],"product_tag":[],"class_list":["post-7574","product","type-product","status-publish","has-post-thumbnail","hentry","product_cat-wifi-6-6e-antennas","product_cat-2400-7125-mhz-antennas","product_cat-mimo-omni-antennas"],"acf":{"_sku":"TOF-2472-6CV","product-image":[7575],"_price":"","pdsms":null,"excerpt":"<ul>\r\n<li>Fonctionne sur la bande de fr\u00e9quence 2400-2500\/4900-7125MHz sur chaque port<\/li>\r\n<li>Gain r\u00e9el : 4dBi@2.4GHz et 6dBi@5\/6GHz<\/li>\r\n<li>Trois antennes verticales ind\u00e9pendantes dans un seul bo\u00eetier<\/li>\r\n<li>Installation sur poteau \u00e0 l'ext\u00e9rieur<\/li>\r\n<li>Bo\u00eetier d'antenne robuste en PVC prot\u00e9g\u00e9 contre les UV<\/li>\r\n<li>Dimensions : \u03a6128\u00d7220 mm<\/li>\r\n<li>3\u00d7RP-SMA connecteur m\u00e2le avec c\u00e2ble de 30cm<\/li>\r\n<\/ul>","faqs":""},"_links":{"self":[{"href":"https:\/\/www.tesswave.com\/fr\/wp-json\/wp\/v2\/product\/7574","targetHints":{"allow":["GET"]}}],"collection":[{"href":"https:\/\/www.tesswave.com\/fr\/wp-json\/wp\/v2\/product"}],"about":[{"href":"https:\/\/www.tesswave.com\/fr\/wp-json\/wp\/v2\/types\/product"}],"author":[{"embeddable":true,"href":"https:\/\/www.tesswave.com\/fr\/wp-json\/wp\/v2\/users\/1"}],"acf:attachment":[{"embeddable":true,"href":"https:\/\/www.tesswave.com\/fr\/wp-json\/wp\/v2\/media\/7575"}],"wp:featuredmedia":[{"embeddable":true,"href":"https:\/\/www.tesswave.com\/fr\/wp-json\/wp\/v2\/media\/7575"}],"wp:attachment":[{"href":"https:\/\/www.tesswave.com\/fr\/wp-json\/wp\/v2\/media?parent=7574"}],"wp:term":[{"taxonomy":"product_cat","embeddable":true,"href":"https:\/\/www.tesswave.com\/fr\/wp-json\/wp\/v2\/product_cat?post=7574"},{"taxonomy":"product_tag","embeddable":true,"href":"https:\/\/www.tesswave.com\/fr\/wp-json\/wp\/v2\/product_tag?post=7574"}],"curies":[{"name":"wp","href":"https:\/\/api.w.org\/{rel}","templated":true}]}}