{"id":2227,"date":"2022-05-24T10:35:11","date_gmt":"2022-05-24T02:35:11","guid":{"rendered":"https:\/\/www.tesswave.com\/?post_type=product&#038;p=2227"},"modified":"2025-06-19T19:47:13","modified_gmt":"2025-06-19T11:47:13","slug":"2-4-ghz-12dbi-yagi-wifi-antenna","status":"publish","type":"product","link":"https:\/\/www.tesswave.com\/it\/product\/2-4-ghz-12dbi-yagi-wifi-antenna\/","title":{"rendered":"2.4GHz 12dBi Antenna WiFi direzionale da esterno Yagi"},"content":{"rendered":"<p>La nostra antenna WiFi Yagi funziona nella banda di frequenza 2.4GHz e 5GHz. \u00c8 un'antenna WiFi direzionale da esterno conveniente, utilizzata principalmente per le installazioni client. Come la&nbsp;<a href=\"https:\/\/www.tesswave.com\/it\/products\/wifi-antennas\/panel-wifi-antennas\/\">antenne WiFi a pannello<\/a>L'antenna WiFi Yagi \u00e8 inoltre caratterizzata da un elevato guadagno e da un fascio stretto, ideale per le connessioni wireless esterne punto-punto o punto-multipunto. L'antenna Yagi si collega al router, all'access point o ad altri dispositivi WiFi utilizzando un adattatore per cavo coassiale, diventando cos\u00ec un&nbsp;<a href=\"https:\/\/www.tesswave.com\/it\/what-is-wireless-bridge\/\">ponte wireless<\/a>&nbsp;che pu\u00f2 realizzare la connessione dati WiFi, trasmettere segnali video wireless e altre applicazioni di connessione WiFi wireless all'aperto.<\/p>\n\n\n\n<p>L'antenna WiFi Yagi \u00e8 un'antenna direzionale molto tipica. \u00c8 costituita da pi\u00f9 elementi tubolari cavi e da un braccio, entrambi in alluminio; questi elementi tubolari sono montati parallelamente al braccio; l'elemento all'estremit\u00e0 del feed \u00e8 pi\u00f9 lungo e viene utilizzato come riflettore; antenne con frequenze diverse hanno lunghezze diverse di questi elementi; le antenne Yagi ad alta frequenza sono generalmente molto pi\u00f9 piccole rispetto alle antenne a bassa frequenza.&nbsp;<\/p>\n\n\n\n<p>Queste antenne WiFi Yagi devono essere montate su un traliccio ed \u00e8 preferibile che si trovino sul tetto o in un luogo pi\u00f9 alto per evitare perdite di segnale dovute a ostruzioni. L'antenna viene fornita con un kit di montaggio per impieghi gravosi, il suo design semplice consente di installarla facilmente ed \u00e8 facile regolare l'angolo dell'antenna; inoltre, il kit di montaggio \u00e8 progettato per consentire di montare l'antenna in orizzontale o in verticale. L'antenna \u00e8 realizzata in materiale metallico di alluminio, che non arrugginisce e pu\u00f2 resistere a diversi ambienti esterni difficili.<\/p>\n\n\n\n<p>La nostra antenna WiFi Yagi viene fornita con un tipico connettore N femmina e 30cm di cavo coassiale RG58, per chi&nbsp;<a href=\"https:\/\/www.tesswave.com\/it\/customization\/\">ordini personalizzati<\/a>Possiamo anche fornirvi altri connettori (come SMA, TNC e BNC ecc.) e altri tipi di cavo coassiale (RG58U, LMR200 o LMR240 ecc.). L'antenna WiFi Yagi \u00e8 un'antenna direzionale conveniente, in grado di fornire una connessione WiFi a media e lunga distanza, se avete bisogno di raggiungere una connessione a distanza ultra-lunga e avete un budget sufficiente, potete provare il nostro&nbsp;<a href=\"https:\/\/www.tesswave.com\/it\/products\/wifi-antennas\/parabolic-wifi-antennas\/\">antenna WiFi parabolica<\/a>&nbsp;che \u00e8 ad alto guadagno e ha un fascio ultra-stretto.<\/p>\n\n\n\n<figure class=\"wp-block-table is-style-regular\"><table class=\"has-fixed-layout\"><tbody><tr><td>Numero di modello<\/td><td>TYC-2400-12E<\/td><\/tr><tr><td><strong>Specifiche elettriche<\/strong><\/td><td><\/td><\/tr><tr><td>Frequenza-MHz<\/td><td>2400-2500<\/td><\/tr><tr><td>Guadagno-dBi<\/td><td>12<\/td><\/tr><tr><td>VSWR<\/td><td>&lt;1.5<\/td><\/tr><tr><td>Polarizzazione<\/td><td>Verticale<\/td><\/tr><tr><td>Larghezza del fascio orizzontale<\/td><td>48\u00b0<\/td><\/tr><tr><td>Larghezza del fascio verticale<\/td><td>48\u00b0<\/td><\/tr><tr><td>Rapporto F\/B-dB<\/td><td>\u226516<\/td><\/tr><tr><td>Impedenza-ohm<\/td><td>50<\/td><\/tr><tr><td>Max. Potenza d'ingresso W<\/td><td>100<\/td><\/tr><tr><td>Protezione dai fulmini<\/td><td>Massa CC<\/td><\/tr><tr><td><strong>Specifiche meccaniche<\/strong><\/td><td>&nbsp;<\/td><\/tr><tr><td>Connettore<\/td><td>N Femminile<\/td><\/tr><tr><td>Dimensione-mm<\/td><td>350<\/td><\/tr><tr><td>Peso-kg<\/td><td>0.25<\/td><\/tr><tr><td>Montaggio-mm<\/td><td>Montante \u00d840-\u00d860<\/td><\/tr><tr><td>Velocit\u00e0 del vento-km\/h<\/td><td>210<\/td><\/tr><tr><td>Temperatura di esercizio<\/td><td>-40\u2103 - +65\u2103<\/td><\/tr><\/tbody><\/table><\/figure>","protected":false},"author":1,"featured_media":5031,"menu_order":0,"template":"","meta":{"_acf_changed":true},"product_cat":[243,332],"product_tag":[],"class_list":["post-2227","product","type-product","status-publish","has-post-thumbnail","hentry","product_cat-yagi-wifi-antennas","product_cat-2-4-ghz-antennas"],"acf":{"_sku":"TYC-2400-12E","product-image":[5031],"_price":"11","pdsms":null,"excerpt":"<ul>\r\n<li>Funzionante con la banda di frequenza 2400-2500MHz<\/li>\r\n<li>Elevato guadagno per l'uso direzionale punto-punto all'aperto<\/li>\r\n<li>Installazione su palo per esterni<\/li>\r\n<li>Connettore N femmina con cavo 30cm RG58 (accetta altre opzioni)<\/li>\r\n<li>Realizzato in alluminio, resistente per gli ambienti esterni pi\u00f9 difficili<\/li>\r\n<\/ul>","faqs":""},"_links":{"self":[{"href":"https:\/\/www.tesswave.com\/it\/wp-json\/wp\/v2\/product\/2227","targetHints":{"allow":["GET"]}}],"collection":[{"href":"https:\/\/www.tesswave.com\/it\/wp-json\/wp\/v2\/product"}],"about":[{"href":"https:\/\/www.tesswave.com\/it\/wp-json\/wp\/v2\/types\/product"}],"author":[{"embeddable":true,"href":"https:\/\/www.tesswave.com\/it\/wp-json\/wp\/v2\/users\/1"}],"acf:attachment":[{"embeddable":true,"href":"https:\/\/www.tesswave.com\/it\/wp-json\/wp\/v2\/media\/5031"}],"wp:featuredmedia":[{"embeddable":true,"href":"https:\/\/www.tesswave.com\/it\/wp-json\/wp\/v2\/media\/5031"}],"wp:attachment":[{"href":"https:\/\/www.tesswave.com\/it\/wp-json\/wp\/v2\/media?parent=2227"}],"wp:term":[{"taxonomy":"product_cat","embeddable":true,"href":"https:\/\/www.tesswave.com\/it\/wp-json\/wp\/v2\/product_cat?post=2227"},{"taxonomy":"product_tag","embeddable":true,"href":"https:\/\/www.tesswave.com\/it\/wp-json\/wp\/v2\/product_tag?post=2227"}],"curies":[{"name":"wp","href":"https:\/\/api.w.org\/{rel}","templated":true}]}}