{"id":1333,"date":"2021-09-18T17:05:57","date_gmt":"2021-09-18T09:05:57","guid":{"rendered":"https:\/\/www.tesswave.com\/?page_id=1333"},"modified":"2025-06-21T22:58:36","modified_gmt":"2025-06-21T14:58:36","slug":"quality-control","status":"publish","type":"page","link":"https:\/\/www.tesswave.com\/pl\/quality-control\/","title":{"rendered":"Kontrola jako\u015bci"},"content":{"rendered":"<div data-elementor-type=\"wp-page\" data-elementor-id=\"1333\" class=\"elementor elementor-1333\" data-elementor-post-type=\"page\">\n\t\t\t\t<div class=\"elementor-element elementor-element-51020ca e-flex e-con-boxed e-con e-parent\" data-id=\"51020ca\" data-element_type=\"container\" data-e-type=\"container\" data-settings=\"{&quot;background_background&quot;:&quot;classic&quot;,&quot;ekit_has_onepagescroll_dot&quot;:&quot;yes&quot;}\">\n\t\t\t\t\t<div class=\"e-con-inner\">\n\t\t\t\t<div class=\"elementor-element elementor-element-f07d8b8 elementor-widget elementor-widget-heading\" data-id=\"f07d8b8\" data-element_type=\"widget\" data-e-type=\"widget\" data-settings=\"{&quot;ekit_we_effect_on&quot;:&quot;none&quot;}\" data-widget_type=\"heading.default\">\n\t\t\t\t<div class=\"elementor-widget-container\">\n\t\t\t\t\t<h2 class=\"elementor-heading-title elementor-size-default\">Kontrola jako\u015bci<\/h2>\t\t\t\t<\/div>\n\t\t\t\t<\/div>\n\t\t\t\t<div class=\"elementor-element elementor-element-6b79359 elementor-widget elementor-widget-breadcrumbs\" data-id=\"6b79359\" data-element_type=\"widget\" data-e-type=\"widget\" data-settings=\"{&quot;ekit_we_effect_on&quot;:&quot;none&quot;}\" data-widget_type=\"breadcrumbs.default\">\n\t\t\t\t<div class=\"elementor-widget-container\">\n\t\t\t\t\t<nav aria-label=\"bu\u0142ka tarta\" class=\"rank-math-breadcrumb\"><p><span class=\"last\">Strona g\u0142\u00f3wna<\/span><\/p><\/nav>\t\t\t\t<\/div>\n\t\t\t\t<\/div>\n\t\t\t\t\t<\/div>\n\t\t\t\t<\/div>\n\t\t<div class=\"elementor-element elementor-element-56d2d13 e-flex e-con-boxed e-con e-parent\" data-id=\"56d2d13\" data-element_type=\"container\" data-e-type=\"container\" data-settings=\"{&quot;ekit_has_onepagescroll_dot&quot;:&quot;yes&quot;}\">\n\t\t\t\t\t<div class=\"e-con-inner\">\n\t\t\t\t<div class=\"elementor-element elementor-element-2c58611 elementor-widget elementor-widget-heading\" data-id=\"2c58611\" data-element_type=\"widget\" data-e-type=\"widget\" data-settings=\"{&quot;ekit_we_effect_on&quot;:&quot;none&quot;}\" data-widget_type=\"heading.default\">\n\t\t\t\t<div class=\"elementor-widget-container\">\n\t\t\t\t\t<h2 class=\"elementor-heading-title elementor-size-large\">Postrzegamy jako\u015b\u0107 jako \u017cycie<\/h2>\t\t\t\t<\/div>\n\t\t\t\t<\/div>\n\t\t\t\t<div class=\"elementor-element elementor-element-9e2ca8c elementor-widget__width-initial elementor-widget elementor-widget-text-editor\" data-id=\"9e2ca8c\" data-element_type=\"widget\" data-e-type=\"widget\" data-settings=\"{&quot;ekit_we_effect_on&quot;:&quot;none&quot;}\" data-widget_type=\"text-editor.default\">\n\t\t\t\t<div class=\"elementor-widget-container\">\n\t\t\t\t\t\t\t\t\t<p>Jako firma produkuj\u0105ca anteny, kt\u00f3ra przesz\u0142a <a href=\"https:\/\/www.tesswave.com\/pl\/certifications\/\">Certyfikat ISO 9001:2015<\/a>Zawsze stawiali\u015bmy jako\u015b\u0107 produktu na najwa\u017cniejszym miejscu. Firma posiada \u015bcis\u0142y system kontroli jako\u015bci od surowc\u00f3w do gotowych produkt\u00f3w, aby zapewni\u0107, \u017ce dostarcza najwy\u017cszej jako\u015bci produkty antenowe klientom na ca\u0142ym \u015bwiecie.<\/p>\t\t\t\t\t\t\t\t<\/div>\n\t\t\t\t<\/div>\n\t\t\t\t\t<\/div>\n\t\t\t\t<\/div>\n\t\t<div class=\"elementor-element elementor-element-07c86bb e-flex e-con-boxed e-con e-parent\" data-id=\"07c86bb\" data-element_type=\"container\" data-e-type=\"container\" data-settings=\"{&quot;ekit_has_onepagescroll_dot&quot;:&quot;yes&quot;}\">\n\t\t\t\t\t<div class=\"e-con-inner\">\n\t\t<div class=\"elementor-element elementor-element-b5c56d8 e-con-full e-flex e-con e-child\" data-id=\"b5c56d8\" data-element_type=\"container\" data-e-type=\"container\" data-settings=\"{&quot;ekit_has_onepagescroll_dot&quot;:&quot;yes&quot;}\">\n\t\t\t\t<div class=\"elementor-element elementor-element-a0b35ae elementor-widget elementor-widget-heading\" data-id=\"a0b35ae\" data-element_type=\"widget\" data-e-type=\"widget\" data-settings=\"{&quot;ekit_we_effect_on&quot;:&quot;none&quot;}\" data-widget_type=\"heading.default\">\n\t\t\t\t<div class=\"elementor-widget-container\">\n\t\t\t\t\t<h2 class=\"elementor-heading-title elementor-size-default\">Kontrola surowc\u00f3w<\/h2>\t\t\t\t<\/div>\n\t\t\t\t<\/div>\n\t\t\t\t<div class=\"elementor-element elementor-element-0b66d8b elementor-widget elementor-widget-text-editor\" data-id=\"0b66d8b\" data-element_type=\"widget\" data-e-type=\"widget\" data-settings=\"{&quot;ekit_we_effect_on&quot;:&quot;none&quot;}\" data-widget_type=\"text-editor.default\">\n\t\t\t\t<div class=\"elementor-widget-container\">\n\t\t\t\t\t\t\t\t\t<p>Zawsze wierzyli\u015bmy, \u017ce kontrola jako\u015bci surowc\u00f3w jest najwa\u017cniejsz\u0105 i niezb\u0119dn\u0105 cz\u0119\u015bci\u0105 przemys\u0142u wytw\u00f3rczego. Wk\u0142adamy wiele wysi\u0142ku w dob\u00f3r dostawc\u00f3w surowc\u00f3w, aby zapewni\u0107 odpowiedni poziom kwalifikacji surowc\u00f3w, a tym samym poprawi\u0107 nasz\u0105 wydajno\u015b\u0107 produkcji i zoptymalizowa\u0107 cykl produkcyjny.<\/p>\t\t\t\t\t\t\t\t<\/div>\n\t\t\t\t<\/div>\n\t\t\t\t<\/div>\n\t\t<div class=\"elementor-element elementor-element-5beec8c e-con-full e-flex e-con e-child\" data-id=\"5beec8c\" data-element_type=\"container\" data-e-type=\"container\" data-settings=\"{&quot;ekit_has_onepagescroll_dot&quot;:&quot;yes&quot;}\">\n\t\t\t\t<div class=\"elementor-element elementor-element-25a4082 elementor-widget elementor-widget-image\" data-id=\"25a4082\" data-element_type=\"widget\" data-e-type=\"widget\" data-settings=\"{&quot;ekit_we_effect_on&quot;:&quot;none&quot;}\" data-widget_type=\"image.default\">\n\t\t\t\t<div class=\"elementor-widget-container\">\n\t\t\t\t\t\t\t\t\t\t\t\t\t\t\t<img fetchpriority=\"high\" decoding=\"async\" width=\"725\" height=\"525\" src=\"https:\/\/www.tesswave.com\/wp-content\/uploads\/2023\/03\/121.jpg\" class=\"attachment-large size-large wp-image-4734\" alt=\"\" srcset=\"https:\/\/www.tesswave.com\/wp-content\/uploads\/2023\/03\/121.jpg 725w, https:\/\/www.tesswave.com\/wp-content\/uploads\/2023\/03\/121-300x217.jpg 300w, https:\/\/www.tesswave.com\/wp-content\/uploads\/2023\/03\/121-50x36.jpg 50w\" sizes=\"(max-width: 725px) 100vw, 725px\" \/>\t\t\t\t\t\t\t\t\t\t\t\t\t\t\t<\/div>\n\t\t\t\t<\/div>\n\t\t\t\t<\/div>\n\t\t\t\t\t<\/div>\n\t\t\t\t<\/div>\n\t\t<div class=\"elementor-element elementor-element-535f458 e-flex e-con-boxed e-con e-parent\" data-id=\"535f458\" data-element_type=\"container\" data-e-type=\"container\" data-settings=\"{&quot;ekit_has_onepagescroll_dot&quot;:&quot;yes&quot;}\">\n\t\t\t\t\t<div class=\"e-con-inner\">\n\t\t<div class=\"elementor-element elementor-element-6b1fe3e e-con-full e-flex e-con e-child\" data-id=\"6b1fe3e\" data-element_type=\"container\" data-e-type=\"container\" data-settings=\"{&quot;ekit_has_onepagescroll_dot&quot;:&quot;yes&quot;}\">\n\t\t\t\t<div class=\"elementor-element elementor-element-0f5d291 elementor-widget elementor-widget-image\" data-id=\"0f5d291\" data-element_type=\"widget\" data-e-type=\"widget\" data-settings=\"{&quot;ekit_we_effect_on&quot;:&quot;none&quot;}\" data-widget_type=\"image.default\">\n\t\t\t\t<div class=\"elementor-widget-container\">\n\t\t\t\t\t\t\t\t\t\t\t\t\t\t\t<img decoding=\"async\" width=\"725\" height=\"525\" src=\"https:\/\/www.tesswave.com\/wp-content\/uploads\/2023\/03\/12-1.jpg\" class=\"attachment-large size-large wp-image-4735\" alt=\"\" srcset=\"https:\/\/www.tesswave.com\/wp-content\/uploads\/2023\/03\/12-1.jpg 725w, https:\/\/www.tesswave.com\/wp-content\/uploads\/2023\/03\/12-1-300x217.jpg 300w, https:\/\/www.tesswave.com\/wp-content\/uploads\/2023\/03\/12-1-50x36.jpg 50w\" sizes=\"(max-width: 725px) 100vw, 725px\" \/>\t\t\t\t\t\t\t\t\t\t\t\t\t\t\t<\/div>\n\t\t\t\t<\/div>\n\t\t\t\t<\/div>\n\t\t<div class=\"elementor-element elementor-element-86a09c7 e-con-full e-flex e-con e-child\" data-id=\"86a09c7\" data-element_type=\"container\" data-e-type=\"container\" data-settings=\"{&quot;ekit_has_onepagescroll_dot&quot;:&quot;yes&quot;}\">\n\t\t\t\t<div class=\"elementor-element elementor-element-f27b89d elementor-widget elementor-widget-heading\" data-id=\"f27b89d\" data-element_type=\"widget\" data-e-type=\"widget\" data-settings=\"{&quot;ekit_we_effect_on&quot;:&quot;none&quot;}\" data-widget_type=\"heading.default\">\n\t\t\t\t<div class=\"elementor-widget-container\">\n\t\t\t\t\t<h2 class=\"elementor-heading-title elementor-size-default\">Rozs\u0105dne i naukowe planowanie<\/h2>\t\t\t\t<\/div>\n\t\t\t\t<\/div>\n\t\t\t\t<div class=\"elementor-element elementor-element-ae075b8 elementor-widget elementor-widget-text-editor\" data-id=\"ae075b8\" data-element_type=\"widget\" data-e-type=\"widget\" data-settings=\"{&quot;ekit_we_effect_on&quot;:&quot;none&quot;}\" data-widget_type=\"text-editor.default\">\n\t\t\t\t<div class=\"elementor-widget-container\">\n\t\t\t\t\t\t\t\t\t<p>Firma posiada profesjonalny system zarz\u0105dzania produkcj\u0105 ERP. Dzi\u0119ki efektywnemu planowaniu produkcji personel zarz\u0105dzaj\u0105cy mo\u017ce unikn\u0105\u0107 utraty energii personelu firmy, zmaksymalizowa\u0107 wydajno\u015b\u0107 produkcji i zapewni\u0107 cykl produkcyjny.<\/p>\t\t\t\t\t\t\t\t<\/div>\n\t\t\t\t<\/div>\n\t\t\t\t<\/div>\n\t\t\t\t\t<\/div>\n\t\t\t\t<\/div>\n\t\t<div class=\"elementor-element elementor-element-e588ebc e-flex e-con-boxed e-con e-parent\" data-id=\"e588ebc\" data-element_type=\"container\" data-e-type=\"container\" data-settings=\"{&quot;ekit_has_onepagescroll_dot&quot;:&quot;yes&quot;}\">\n\t\t\t\t\t<div class=\"e-con-inner\">\n\t\t<div class=\"elementor-element elementor-element-7eebe22 e-con-full e-flex e-con e-child\" data-id=\"7eebe22\" data-element_type=\"container\" data-e-type=\"container\" data-settings=\"{&quot;ekit_has_onepagescroll_dot&quot;:&quot;yes&quot;}\">\n\t\t\t\t<div class=\"elementor-element elementor-element-d1ee6a8 elementor-widget elementor-widget-heading\" data-id=\"d1ee6a8\" data-element_type=\"widget\" data-e-type=\"widget\" data-settings=\"{&quot;ekit_we_effect_on&quot;:&quot;none&quot;}\" data-widget_type=\"heading.default\">\n\t\t\t\t<div class=\"elementor-widget-container\">\n\t\t\t\t\t<h2 class=\"elementor-heading-title elementor-size-default\">Kontrola procesu produkcji<\/h2>\t\t\t\t<\/div>\n\t\t\t\t<\/div>\n\t\t\t\t<div class=\"elementor-element elementor-element-d92853e elementor-widget elementor-widget-text-editor\" data-id=\"d92853e\" data-element_type=\"widget\" data-e-type=\"widget\" data-settings=\"{&quot;ekit_we_effect_on&quot;:&quot;none&quot;}\" data-widget_type=\"text-editor.default\">\n\t\t\t\t<div class=\"elementor-widget-container\">\n\t\t\t\t\t\t\t\t\tDysponujemy profesjonalnymi wytycznymi i standardami dla ka\u017cdego produktu. Ponad 100 wykwalifikowanych pracownik\u00f3w mo\u017ce post\u0119powa\u0107 zgodnie z wytycznymi dotycz\u0105cymi pracy, w tym instalacji anteny, spawania i pierwszego testu. Zakupili\u015bmy kilka profesjonalnych narz\u0119dzi produkcyjnych, aby poprawi\u0107 wydajno\u015b\u0107 produkcji i chroni\u0107 bezpiecze\u0144stwo pracownik\u00f3w.\t\t\t\t\t\t\t\t<\/div>\n\t\t\t\t<\/div>\n\t\t\t\t<\/div>\n\t\t<div class=\"elementor-element elementor-element-298bd28 e-con-full e-flex e-con e-child\" data-id=\"298bd28\" data-element_type=\"container\" data-e-type=\"container\" data-settings=\"{&quot;ekit_has_onepagescroll_dot&quot;:&quot;yes&quot;}\">\n\t\t\t\t<div class=\"elementor-element elementor-element-5965fe6 elementor-widget elementor-widget-image\" data-id=\"5965fe6\" data-element_type=\"widget\" data-e-type=\"widget\" data-settings=\"{&quot;ekit_we_effect_on&quot;:&quot;none&quot;}\" data-widget_type=\"image.default\">\n\t\t\t\t<div class=\"elementor-widget-container\">\n\t\t\t\t\t\t\t\t\t\t\t\t\t\t\t<img decoding=\"async\" width=\"725\" height=\"525\" src=\"https:\/\/www.tesswave.com\/wp-content\/uploads\/2023\/03\/1.jpg\" class=\"attachment-large size-large wp-image-4736\" alt=\"\" srcset=\"https:\/\/www.tesswave.com\/wp-content\/uploads\/2023\/03\/1.jpg 725w, https:\/\/www.tesswave.com\/wp-content\/uploads\/2023\/03\/1-300x217.jpg 300w, https:\/\/www.tesswave.com\/wp-content\/uploads\/2023\/03\/1-50x36.jpg 50w\" sizes=\"(max-width: 725px) 100vw, 725px\" \/>\t\t\t\t\t\t\t\t\t\t\t\t\t\t\t<\/div>\n\t\t\t\t<\/div>\n\t\t\t\t<\/div>\n\t\t\t\t\t<\/div>\n\t\t\t\t<\/div>\n\t\t<div class=\"elementor-element elementor-element-44770ac e-flex e-con-boxed e-con e-parent\" data-id=\"44770ac\" data-element_type=\"container\" data-e-type=\"container\" data-settings=\"{&quot;ekit_has_onepagescroll_dot&quot;:&quot;yes&quot;}\">\n\t\t\t\t\t<div class=\"e-con-inner\">\n\t\t<div class=\"elementor-element elementor-element-5c6654d e-con-full e-flex e-con e-child\" data-id=\"5c6654d\" data-element_type=\"container\" data-e-type=\"container\" data-settings=\"{&quot;ekit_has_onepagescroll_dot&quot;:&quot;yes&quot;}\">\n\t\t\t\t<div class=\"elementor-element elementor-element-f418379 elementor-widget elementor-widget-image\" data-id=\"f418379\" data-element_type=\"widget\" data-e-type=\"widget\" data-settings=\"{&quot;ekit_we_effect_on&quot;:&quot;none&quot;}\" data-widget_type=\"image.default\">\n\t\t\t\t<div class=\"elementor-widget-container\">\n\t\t\t\t\t\t\t\t\t\t\t\t\t\t\t<img loading=\"lazy\" decoding=\"async\" width=\"725\" height=\"525\" src=\"https:\/\/www.tesswave.com\/wp-content\/uploads\/2023\/03\/11.jpg\" class=\"attachment-large size-large wp-image-4737\" alt=\"\" srcset=\"https:\/\/www.tesswave.com\/wp-content\/uploads\/2023\/03\/11.jpg 725w, https:\/\/www.tesswave.com\/wp-content\/uploads\/2023\/03\/11-300x217.jpg 300w, https:\/\/www.tesswave.com\/wp-content\/uploads\/2023\/03\/11-50x36.jpg 50w\" sizes=\"(max-width: 725px) 100vw, 725px\" \/>\t\t\t\t\t\t\t\t\t\t\t\t\t\t\t<\/div>\n\t\t\t\t<\/div>\n\t\t\t\t<\/div>\n\t\t<div class=\"elementor-element elementor-element-adb78cb e-con-full e-flex e-con e-child\" data-id=\"adb78cb\" data-element_type=\"container\" data-e-type=\"container\" data-settings=\"{&quot;ekit_has_onepagescroll_dot&quot;:&quot;yes&quot;}\">\n\t\t\t\t<div class=\"elementor-element elementor-element-7a936c9 elementor-widget elementor-widget-heading\" data-id=\"7a936c9\" data-element_type=\"widget\" data-e-type=\"widget\" data-settings=\"{&quot;ekit_we_effect_on&quot;:&quot;none&quot;}\" data-widget_type=\"heading.default\">\n\t\t\t\t<div class=\"elementor-widget-container\">\n\t\t\t\t\t<h2 class=\"elementor-heading-title elementor-size-default\">100% Test przed wysy\u0142k\u0105<\/h2>\t\t\t\t<\/div>\n\t\t\t\t<\/div>\n\t\t\t\t<div class=\"elementor-element elementor-element-6074b4a elementor-widget elementor-widget-text-editor\" data-id=\"6074b4a\" data-element_type=\"widget\" data-e-type=\"widget\" data-settings=\"{&quot;ekit_we_effect_on&quot;:&quot;none&quot;}\" data-widget_type=\"text-editor.default\">\n\t\t\t\t<div class=\"elementor-widget-container\">\n\t\t\t\t\t\t\t\t\tPo zmontowaniu anteny przeprowadzimy test wydajno\u015bci 100% przed zapakowaniem i wymagamy wska\u017anika pozytywnego 100%. Przed wysy\u0142k\u0105 przeprowadzimy losowe kontrole ka\u017cdego pude\u0142ka towar\u00f3w. Je\u015bli wykryty zostanie wska\u017anik defekt\u00f3w wi\u0119kszy ni\u017c 3%, wszystkie produkty zostan\u0105 ponownie przetestowane.\t\t\t\t\t\t\t\t<\/div>\n\t\t\t\t<\/div>\n\t\t\t\t<\/div>\n\t\t\t\t\t<\/div>\n\t\t\t\t<\/div>\n\t\t\t\t<\/div>","protected":false},"excerpt":{"rendered":"<p>Home We regard quality as life As an\u00a0antenna manufacturing company\u00a0that has passed ISO 9001:2015 certification, we have always put product quality in the most important position. The company has a strict quality control system from raw materials to finished products to ensure that it provides the highest quality antenna products to customers around the world. [&hellip;]<\/p>\n","protected":false},"author":1,"featured_media":0,"parent":0,"menu_order":0,"comment_status":"closed","ping_status":"closed","template":"elementor_header_footer","meta":{"_acf_changed":false,"footnotes":""},"class_list":["post-1333","page","type-page","status-publish","hentry"],"acf":[],"_links":{"self":[{"href":"https:\/\/www.tesswave.com\/pl\/wp-json\/wp\/v2\/pages\/1333","targetHints":{"allow":["GET"]}}],"collection":[{"href":"https:\/\/www.tesswave.com\/pl\/wp-json\/wp\/v2\/pages"}],"about":[{"href":"https:\/\/www.tesswave.com\/pl\/wp-json\/wp\/v2\/types\/page"}],"author":[{"embeddable":true,"href":"https:\/\/www.tesswave.com\/pl\/wp-json\/wp\/v2\/users\/1"}],"replies":[{"embeddable":true,"href":"https:\/\/www.tesswave.com\/pl\/wp-json\/wp\/v2\/comments?post=1333"}],"version-history":[{"count":3,"href":"https:\/\/www.tesswave.com\/pl\/wp-json\/wp\/v2\/pages\/1333\/revisions"}],"predecessor-version":[{"id":10184,"href":"https:\/\/www.tesswave.com\/pl\/wp-json\/wp\/v2\/pages\/1333\/revisions\/10184"}],"wp:attachment":[{"href":"https:\/\/www.tesswave.com\/pl\/wp-json\/wp\/v2\/media?parent=1333"}],"curies":[{"name":"wp","href":"https:\/\/api.w.org\/{rel}","templated":true}]}}