{"id":2188,"date":"2022-05-24T08:06:46","date_gmt":"2022-05-24T00:06:46","guid":{"rendered":"https:\/\/www.tesswave.com\/?post_type=product&#038;p=2188"},"modified":"2025-06-19T19:50:57","modified_gmt":"2025-06-19T11:50:57","slug":"5ghz-16dbi-90-degree-mimo-sector-antenna","status":"publish","type":"product","link":"https:\/\/www.tesswave.com\/pl\/product\/5ghz-16dbi-90-degree-mimo-sector-antenna\/","title":{"rendered":"4.9-5.8GHz 16dBi 90-stopniowa kierunkowa antena sektorowa WiFi MIMO o wysokim wzmocnieniu"},"content":{"rendered":"<figure class=\"wp-block-table is-style-regular\"><table class=\"has-fixed-layout\"><tbody><tr><td><strong>Specyfikacje elektryczne<\/strong><\/td><td>&nbsp;<\/td><\/tr><tr><td>Cz\u0119stotliwo\u015b\u0107<\/td><td>4900-5850 MHz<\/td><\/tr><tr><td>Zysk<\/td><td>16 dBi<\/td><\/tr><tr><td>VSWR<\/td><td>&lt;1.8<\/td><\/tr><tr><td>Polaryzacja<\/td><td>Poziomy i pionowy<\/td><\/tr><tr><td>Szeroko\u015b\u0107 wi\u0105zki poziomej<\/td><td>90\u00b0<\/td><\/tr><tr><td>Szeroko\u015b\u0107 wi\u0105zki pionowej<\/td><td>7\u00b0<\/td><\/tr><tr><td>Stosunek F\/B<\/td><td>\u226525dB<\/td><\/tr><tr><td>Izolacja<\/td><td>\u226528dB<\/td><\/tr><tr><td>Impedancja<\/td><td>50 om\u00f3w<\/td><\/tr><tr><td>Maks. Moc wej\u015bciowa<\/td><td>100W<\/td><\/tr><tr><td>Ochrona odgromowa<\/td><td>Uziemienie DC<\/td><\/tr><tr><td><strong>Specyfikacje mechaniczne<\/strong><\/td><td>&nbsp;<\/td><\/tr><tr><td>Z\u0142\u0105cze<\/td><td>2\u00d7N \u017ce\u0144ski<\/td><\/tr><tr><td>Wymiar<\/td><td>504\u00d7165\u00d760mm<\/td><\/tr><tr><td>Waga<\/td><td>2 kg<\/td><\/tr><tr><td>Monta\u017c<\/td><td>Maszt \u00d840-\u00d860 mm<\/td><\/tr><tr><td>Materia\u0142 kopu\u0142y<\/td><td>Odporno\u015b\u0107 na promieniowanie UV PVC<\/td><\/tr><tr><td>Pr\u0119dko\u015b\u0107 wiatru<\/td><td>210 km\/h<\/td><\/tr><tr><td>Temperatura pracy<\/td><td>-40\u2103 - +65\u2103<\/td><\/tr><\/tbody><\/table><\/figure>","protected":false},"author":1,"featured_media":5052,"menu_order":0,"template":"","meta":{"_acf_changed":true},"product_cat":[131,334,244],"product_tag":[],"class_list":["post-2188","product","type-product","status-publish","has-post-thumbnail","hentry","product_cat-mimo-sector-antennas","product_cat-5-ghz-antennas","product_cat-sector-wifi-antennas"],"acf":{"_sku":"TSC-4958-16D90","product-image":[5052],"_price":"42","pdsms":null,"excerpt":"<ul>\r\n<li>Pasmo cz\u0119stotliwo\u015bci 4900-5850MHz<\/li>\r\n<li>Prawdziwe wzmocnienie 16dBi dla ka\u017cdego promiennika<\/li>\r\n<li>Szeroko\u015b\u0107 wi\u0105zki poziomej 90 stopni 3dB<\/li>\r\n<li>Podw\u00f3jna polaryzacja V\/H<\/li>\r\n<li>Wytrzyma\u0142e wsporniki monta\u017cowe<\/li>\r\n<li>Wytrzyma\u0142a obudowa anteny z PVC chroniona przed promieniowaniem UV<\/li>\r\n<li>Wymiary: 504\u00d7165\u00d760mm<\/li>\r\n<li>Z\u0142\u0105cze \u017ce\u0144skie 2\u00d7N<\/li>\r\n<\/ul>","faqs":""},"_links":{"self":[{"href":"https:\/\/www.tesswave.com\/pl\/wp-json\/wp\/v2\/product\/2188","targetHints":{"allow":["GET"]}}],"collection":[{"href":"https:\/\/www.tesswave.com\/pl\/wp-json\/wp\/v2\/product"}],"about":[{"href":"https:\/\/www.tesswave.com\/pl\/wp-json\/wp\/v2\/types\/product"}],"author":[{"embeddable":true,"href":"https:\/\/www.tesswave.com\/pl\/wp-json\/wp\/v2\/users\/1"}],"acf:attachment":[{"embeddable":true,"href":"https:\/\/www.tesswave.com\/pl\/wp-json\/wp\/v2\/media\/5052"}],"wp:featuredmedia":[{"embeddable":true,"href":"https:\/\/www.tesswave.com\/pl\/wp-json\/wp\/v2\/media\/5052"}],"wp:attachment":[{"href":"https:\/\/www.tesswave.com\/pl\/wp-json\/wp\/v2\/media?parent=2188"}],"wp:term":[{"taxonomy":"product_cat","embeddable":true,"href":"https:\/\/www.tesswave.com\/pl\/wp-json\/wp\/v2\/product_cat?post=2188"},{"taxonomy":"product_tag","embeddable":true,"href":"https:\/\/www.tesswave.com\/pl\/wp-json\/wp\/v2\/product_tag?post=2188"}],"curies":[{"name":"wp","href":"https:\/\/api.w.org\/{rel}","templated":true}]}}