{"id":2227,"date":"2022-05-24T10:35:11","date_gmt":"2022-05-24T02:35:11","guid":{"rendered":"https:\/\/www.tesswave.com\/?post_type=product&#038;p=2227"},"modified":"2025-06-19T19:47:13","modified_gmt":"2025-06-19T11:47:13","slug":"2-4-ghz-12dbi-yagi-wifi-antenna","status":"publish","type":"product","link":"https:\/\/www.tesswave.com\/pl\/product\/2-4-ghz-12dbi-yagi-wifi-antenna\/","title":{"rendered":"2.4GHz 12dBi Zewn\u0119trzna kierunkowa antena WiFi Yagi"},"content":{"rendered":"<p>Nasza antena Yagi WiFi dzia\u0142a w pa\u015bmie cz\u0119stotliwo\u015bci 2.4GHz i 5GHz, jest to ekonomiczna zewn\u0119trzna kierunkowa antena WiFi, kt\u00f3ra jest u\u017cywana g\u0142\u00f3wnie do instalacji klienckich. Taka sama jak&nbsp;<a href=\"https:\/\/www.tesswave.com\/pl\/products\/wifi-antennas\/panel-wifi-antennas\/\">panelowe anteny WiFi<\/a>Antena Yagi WiFi charakteryzuje si\u0119 r\u00f3wnie\u017c wysokim zyskiem i w\u0105sk\u0105 wi\u0105zk\u0105, kt\u00f3ra idealnie nadaje si\u0119 do zewn\u0119trznego po\u0142\u0105czenia bezprzewodowego punkt-punkt lub punkt-wielopunkt. Antena Yagi jest pod\u0142\u0105czana do routera, punktu dost\u0119powego lub innych urz\u0105dze\u0144 WiFi za pomoc\u0105 adaptera kabla koncentrycznego, dzi\u0119ki czemu staje si\u0119 ona idealnym rozwi\u0105zaniem.&nbsp;<a href=\"https:\/\/www.tesswave.com\/pl\/what-is-wireless-bridge\/\">mostek bezprzewodowy<\/a>&nbsp;kt\u00f3ry mo\u017ce realizowa\u0107 po\u0142\u0105czenie danych WiFi, przesy\u0142a\u0107 bezprzewodowe sygna\u0142y wideo i inne aplikacje bezprzewodowego po\u0142\u0105czenia WiFi na zewn\u0105trz.<\/p>\n\n\n\n<p>Anteny Yagi WiFi to bardzo typowa antena kierunkowa. Sk\u0142ada si\u0119 z wielu wydr\u0105\u017conych element\u00f3w rurowych i wysi\u0119gnika, kt\u00f3re s\u0105 wykonane z aluminium, te elementy rurowe s\u0105 zamontowane r\u00f3wnolegle do wysi\u0119gnika, element na ko\u0144cu kana\u0142u jest najd\u0142u\u017cszy i u\u017cywany jako reflektor, anteny o r\u00f3\u017cnych cz\u0119stotliwo\u015bciach maj\u0105 r\u00f3\u017cne d\u0142ugo\u015bci tych element\u00f3w, anteny Yagi o wysokiej cz\u0119stotliwo\u015bci s\u0105 og\u00f3lnie znacznie mniejsze ni\u017c anteny o niskiej cz\u0119stotliwo\u015bci.&nbsp;<\/p>\n\n\n\n<p>Te anteny WiFi Yagi musz\u0105 by\u0107 zamontowane na maszcie i najlepiej jest umie\u015bci\u0107 je na dachu lub w wy\u017cszym miejscu, aby unikn\u0105\u0107 utraty sygna\u0142u z powodu przeszk\u00f3d. Antena jest dostarczana z wytrzyma\u0142ym zestawem monta\u017cowym, a jej prosta konstrukcja pozwala na \u0142atw\u0105 instalacj\u0119 i \u0142atw\u0105 regulacj\u0119 k\u0105ta anteny, ponadto zestaw monta\u017cowy zosta\u0142 zaprojektowany tak, aby umo\u017cliwi\u0107 monta\u017c anteny w poziomie lub w pionie. Antena jest wykonana z metalowego aluminium, kt\u00f3re nie rdzewieje i mo\u017ce wytrzyma\u0107 r\u00f3\u017cne trudne warunki zewn\u0119trzne.<\/p>\n\n\n\n<p>Nasza antena Yagi WiFi jest dostarczana z typowym z\u0142\u0105czem \u017ce\u0144skim N i kablem koncentrycznym RG58 30cm, dla tych, kt\u00f3rzy&nbsp;<a href=\"https:\/\/www.tesswave.com\/pl\/customization\/\">zam\u00f3wienia niestandardowe<\/a>Mo\u017cemy r\u00f3wnie\u017c dostarczy\u0107 inne z\u0142\u0105cza (takie jak SMA, TNC i BNC itp.) Oraz inny rodzaj kabla koncentrycznego (RG58U, LMR200 lub LMR240 itp.). Antena WiFi Yagi to op\u0142acalna antena kierunkowa, kt\u00f3ra mo\u017ce zapewni\u0107 po\u0142\u0105czenie WiFi na \u015brednim i d\u0142ugim dystansie, je\u015bli potrzebujesz po\u0142\u0105czenia na bardzo du\u017ce odleg\u0142o\u015bci i masz wystarczaj\u0105cy bud\u017cet, mo\u017cesz wypr\u00f3bowa\u0107 nasz\u0105 ofert\u0119.&nbsp;<a href=\"https:\/\/www.tesswave.com\/pl\/products\/wifi-antennas\/parabolic-wifi-antennas\/\">paraboliczna antena WiFi<\/a>&nbsp;kt\u00f3ry charakteryzuje si\u0119 wysokim wzmocnieniem i bardzo w\u0105sk\u0105 wi\u0105zk\u0105.<\/p>\n\n\n\n<figure class=\"wp-block-table is-style-regular\"><table class=\"has-fixed-layout\"><tbody><tr><td>Numer modelu<\/td><td>TYC-2400-12E<\/td><\/tr><tr><td><strong>Specyfikacje elektryczne<\/strong><\/td><td><\/td><\/tr><tr><td>Cz\u0119stotliwo\u015b\u0107-MHz<\/td><td>2400-2500<\/td><\/tr><tr><td>Gain-dBi<\/td><td>12<\/td><\/tr><tr><td>VSWR<\/td><td>&lt;1.5<\/td><\/tr><tr><td>Polaryzacja<\/td><td>Pionowy<\/td><\/tr><tr><td>Szeroko\u015b\u0107 wi\u0105zki poziomej<\/td><td>48\u00b0<\/td><\/tr><tr><td>Szeroko\u015b\u0107 wi\u0105zki pionowej<\/td><td>48\u00b0<\/td><\/tr><tr><td>Wsp\u00f3\u0142czynnik F\/B-dB<\/td><td>\u226516<\/td><\/tr><tr><td>Impedancja w omach<\/td><td>50<\/td><\/tr><tr><td>Maks. Moc wej\u015bciowa-W<\/td><td>100<\/td><\/tr><tr><td>Ochrona odgromowa<\/td><td>Uziemienie DC<\/td><\/tr><tr><td><strong>Specyfikacje mechaniczne<\/strong><\/td><td>&nbsp;<\/td><\/tr><tr><td>Z\u0142\u0105cze<\/td><td>N Kobieta<\/td><\/tr><tr><td>Wymiar-mm<\/td><td>350<\/td><\/tr><tr><td>Waga-kg<\/td><td>0.25<\/td><\/tr><tr><td>Monta\u017c mm<\/td><td>Maszt \u00d840-\u00d860<\/td><\/tr><tr><td>Pr\u0119dko\u015b\u0107 wiatru km\/h<\/td><td>210<\/td><\/tr><tr><td>Temperatura pracy<\/td><td>-40\u2103 - +65\u2103<\/td><\/tr><\/tbody><\/table><\/figure>","protected":false},"author":1,"featured_media":5031,"menu_order":0,"template":"","meta":{"_acf_changed":true},"product_cat":[243,332],"product_tag":[],"class_list":["post-2227","product","type-product","status-publish","has-post-thumbnail","hentry","product_cat-yagi-wifi-antennas","product_cat-2-4-ghz-antennas"],"acf":{"_sku":"TYC-2400-12E","product-image":[5031],"_price":"11","pdsms":null,"excerpt":"<ul>\r\n<li>Dzia\u0142a w pa\u015bmie cz\u0119stotliwo\u015bci 2400-2500MHz<\/li>\r\n<li>Wysokie wzmocnienie do zastosowa\u0144 kierunkowych punkt-punkt na zewn\u0105trz budynk\u00f3w<\/li>\r\n<li>Monta\u017c na s\u0142upie zewn\u0119trznym<\/li>\r\n<li>Z\u0142\u0105cze \u017ce\u0144skie N z kablem 30cm RG58 (akceptuje inne opcje)<\/li>\r\n<li>Wykonany z aluminium, wytrzyma\u0142y na trudne warunki zewn\u0119trzne<\/li>\r\n<\/ul>","faqs":""},"_links":{"self":[{"href":"https:\/\/www.tesswave.com\/pl\/wp-json\/wp\/v2\/product\/2227","targetHints":{"allow":["GET"]}}],"collection":[{"href":"https:\/\/www.tesswave.com\/pl\/wp-json\/wp\/v2\/product"}],"about":[{"href":"https:\/\/www.tesswave.com\/pl\/wp-json\/wp\/v2\/types\/product"}],"author":[{"embeddable":true,"href":"https:\/\/www.tesswave.com\/pl\/wp-json\/wp\/v2\/users\/1"}],"acf:attachment":[{"embeddable":true,"href":"https:\/\/www.tesswave.com\/pl\/wp-json\/wp\/v2\/media\/5031"}],"wp:featuredmedia":[{"embeddable":true,"href":"https:\/\/www.tesswave.com\/pl\/wp-json\/wp\/v2\/media\/5031"}],"wp:attachment":[{"href":"https:\/\/www.tesswave.com\/pl\/wp-json\/wp\/v2\/media?parent=2227"}],"wp:term":[{"taxonomy":"product_cat","embeddable":true,"href":"https:\/\/www.tesswave.com\/pl\/wp-json\/wp\/v2\/product_cat?post=2227"},{"taxonomy":"product_tag","embeddable":true,"href":"https:\/\/www.tesswave.com\/pl\/wp-json\/wp\/v2\/product_tag?post=2227"}],"curies":[{"name":"wp","href":"https:\/\/api.w.org\/{rel}","templated":true}]}}