{"id":2230,"date":"2022-05-24T10:43:07","date_gmt":"2022-05-24T02:43:07","guid":{"rendered":"https:\/\/www.tesswave.com\/?post_type=product&#038;p=2230"},"modified":"2025-06-19T19:45:55","modified_gmt":"2025-06-19T11:45:55","slug":"5ghz-12dbi-outdoor-omni-wifi-antenna","status":"publish","type":"product","link":"https:\/\/www.tesswave.com\/pl\/product\/5ghz-12dbi-outdoor-omni-wifi-antenna\/","title":{"rendered":"5.1-5.8GHz 12dBi Zewn\u0119trzna wielokierunkowa antena WiFi"},"content":{"rendered":"<p>Oferujemy gam\u0119 zewn\u0119trznych anten wielokierunkowych WiFi pracuj\u0105cych w pa\u015bmie cz\u0119stotliwo\u015bci 5GHz, kt\u00f3re jest szeroko kompatybilne z sieciami bezprzewodowymi.&nbsp;<a href=\"https:\/\/www.tesswave.com\/pl\/what-are-the-ieee-802-11-standards\/\">standardy IEEE<\/a>&nbsp;802.11b\/g\/n, idealnie nadaj\u0105 si\u0119 do u\u017cycia na routerze WiFi, modemie, punkcie dost\u0119powym, repeaterze, wzmacniaczu WiFi i bramie za po\u015brednictwem kabla koncentrycznego lub bezpo\u015bredniego pod\u0142\u0105czenia do urz\u0105dzenia bezprzewodowego. Nasze wielokierunkowe anteny Wi-Fi s\u0105 zwykle u\u017cywane w nast\u0119puj\u0105cych zastosowaniach: publiczne WiFi, ogrody zoologiczne, parki publiczne i tereny rekreacyjne na \u015bwie\u017cym powietrzu, a tak\u017ce wi\u0119kszo\u015b\u0107 przystani i park\u00f3w dla kamper\u00f3w.<\/p>\n\n\n\n<p>Antena WiFi typu omni nie ma kierunkowo\u015bci, emituje sygna\u0142 w uk\u0142adzie 360 stopni, co jest idealne dla system\u00f3w, w kt\u00f3rych kierunek do zdalnego terminala jest nieznany lub zmienny. Zosta\u0142y zaprojektowane w celu zwi\u0119kszenia si\u0142y sygna\u0142u i zasi\u0119gu urz\u0105dze\u0144 WiFi, wysoki zysk z wi\u0119ksz\u0105 moc\u0105 we wszystkich kierunkach jest idealny do zewn\u0119trznego pokrycia WiFi od punktu do wielu punkt\u00f3w.<\/p>\n\n\n\n<p>Te zewn\u0119trzne dook\u00f3lne anteny WiFi s\u0105 trwa\u0142e do instalacji na zewn\u0105trz dzi\u0119ki kopu\u0142ce z w\u0142\u00f3kna szklanego lub UV-PVC i uszczelnieniu o stopniu ochrony IP66, wszystkie nasze anteny s\u0105 wyposa\u017cone w wytrzyma\u0142y zestaw monta\u017cowy, kt\u00f3ry umo\u017cliwia \u0142atw\u0105 i szybk\u0105 instalacj\u0119 naszych anten na s\u0142upie.<\/p>\n\n\n\n<p>Oferujemy zar\u00f3wno opcje anten SISO (Single Input Single Output), jak i MIMO (Multiple Input Multiple Output), aby spe\u0142ni\u0107 wymagania urz\u0105dzenia. Poniewa\u017c wi\u0119kszo\u015b\u0107 nowoczesnych urz\u0105dze\u0144 WiFi obs\u0142uguje teraz technologi\u0119 MIMO, zalecamy nasze<a href=\"https:\/\/www.tesswave.com\/pl\/products\/mimo-antennas\/mimo-omni-antennas\/\">Antena dook\u00f3lna MIMO<\/a> kt\u00f3ry jest wyposa\u017cony w wiele port\u00f3w zapewniaj\u0105cych bezproblemow\u0105 kompatybilno\u015b\u0107 z wieloportowymi urz\u0105dzeniami bezprzewodowymi.<\/p>\n\n\n\n<p>Ponadto oferujemy szerok\u0105 gam\u0119 kierunkowych anten WiFi, w tym modele panelowe, Yagi, sektorowe i paraboliczne, aby zaspokoi\u0107 r\u00f3\u017cne potrzeby w zakresie \u0142\u0105czno\u015bci.<\/p>\n\n\n\n<p>Aby uzyska\u0107 wi\u0119cej informacji lub bezp\u0142atn\u0105 wycen\u0119, odwied\u017a nasz\u0105 stron\u0119 internetow\u0105 lub skontaktuj si\u0119 z nami bezpo\u015brednio!<\/p>\n\n\n\n<figure class=\"wp-block-table is-style-stripes\"><table class=\"has-fixed-layout\"><tbody><tr><td><strong>Specyfikacje elektryczne<\/strong><\/td><td>&nbsp;<\/td><\/tr><tr><td>Cz\u0119stotliwo\u015b\u0107<\/td><td>5150-5850 MHz<\/td><\/tr><tr><td>Zysk<\/td><td>12 dBi<\/td><\/tr><tr><td>VSWR<\/td><td>&lt;1.5<\/td><\/tr><tr><td>Polaryzacja<\/td><td>Pionowy<\/td><\/tr><tr><td>Szeroko\u015b\u0107 wi\u0105zki poziomej<\/td><td>360\u00b0<\/td><\/tr><tr><td>Szeroko\u015b\u0107 wi\u0105zki pionowej<\/td><td>8\u00b0<\/td><\/tr><tr><td>Impedancja<\/td><td>50 om\u00f3w<\/td><\/tr><tr><td>Maks. Moc wej\u015bciowa<\/td><td>100W<\/td><\/tr><tr><td>Ochrona odgromowa<\/td><td>Uziemienie DC<\/td><\/tr><tr><td><strong>Specyfikacje mechaniczne<\/strong><\/td><td>&nbsp;<\/td><\/tr><tr><td>Z\u0142\u0105cze<\/td><td>N Kobieta<\/td><\/tr><tr><td>Wymiar<\/td><td>\u00d820\u00d7480mm<\/td><\/tr><tr><td>Waga<\/td><td>0,5 kg<\/td><\/tr><tr><td>Monta\u017c<\/td><td>Maszt \u00d840-\u00d860 mm<\/td><\/tr><tr><td>Materia\u0142 kopu\u0142y<\/td><td>W\u0142\u00f3kno szklane (bia\u0142e)<\/td><\/tr><tr><td>Pr\u0119dko\u015b\u0107 wiatru<\/td><td>210 km\/h<\/td><\/tr><tr><td>Temperatura pracy<\/td><td>-40\u2103 - +65\u2103<\/td><\/tr><\/tbody><\/table><\/figure>","protected":false},"author":1,"featured_media":4965,"menu_order":0,"template":"","meta":{"_acf_changed":true},"product_cat":[242,334],"product_tag":[],"class_list":["post-2230","product","type-product","status-publish","has-post-thumbnail","hentry","product_cat-omnidirectional-wifi-antennas","product_cat-5-ghz-antennas"],"acf":{"_sku":"TOF-5158-12V","product-image":[4965],"_price":"25","pdsms":null,"excerpt":"<ul>\r\n<li>Dzia\u0142a w pa\u015bmie cz\u0119stotliwo\u015bci 5150-5850MHz<\/li>\r\n<li>Prawdziwe wysokie wzmocnienie 12dBi<\/li>\r\n<li>Antena dook\u00f3lna, idealna do odbioru sygna\u0142u na zewn\u0105trz budynk\u00f3w<\/li>\r\n<li>Monta\u017c na s\u0142upie zewn\u0119trznym<\/li>\r\n<li>Wytrzyma\u0142a, odporna na warunki atmosferyczne obudowa anteny z w\u0142\u00f3kna szklanego<\/li>\r\n<li>Wymiary: \u00d820\u00d7480mm<\/li>\r\n<li>Odporno\u015b\u0107 na deszcz i py\u0142 IP55<\/li>\r\n<li>Typowe z\u0142\u0105cze \u017ce\u0144skie N<\/li>\r\n<\/ul>","faqs":""},"_links":{"self":[{"href":"https:\/\/www.tesswave.com\/pl\/wp-json\/wp\/v2\/product\/2230","targetHints":{"allow":["GET"]}}],"collection":[{"href":"https:\/\/www.tesswave.com\/pl\/wp-json\/wp\/v2\/product"}],"about":[{"href":"https:\/\/www.tesswave.com\/pl\/wp-json\/wp\/v2\/types\/product"}],"author":[{"embeddable":true,"href":"https:\/\/www.tesswave.com\/pl\/wp-json\/wp\/v2\/users\/1"}],"acf:attachment":[{"embeddable":true,"href":"https:\/\/www.tesswave.com\/pl\/wp-json\/wp\/v2\/media\/4965"}],"wp:featuredmedia":[{"embeddable":true,"href":"https:\/\/www.tesswave.com\/pl\/wp-json\/wp\/v2\/media\/4965"}],"wp:attachment":[{"href":"https:\/\/www.tesswave.com\/pl\/wp-json\/wp\/v2\/media?parent=2230"}],"wp:term":[{"taxonomy":"product_cat","embeddable":true,"href":"https:\/\/www.tesswave.com\/pl\/wp-json\/wp\/v2\/product_cat?post=2230"},{"taxonomy":"product_tag","embeddable":true,"href":"https:\/\/www.tesswave.com\/pl\/wp-json\/wp\/v2\/product_tag?post=2230"}],"curies":[{"name":"wp","href":"https:\/\/api.w.org\/{rel}","templated":true}]}}