{"id":2237,"date":"2022-05-24T10:55:53","date_gmt":"2022-05-24T02:55:53","guid":{"rendered":"https:\/\/www.tesswave.com\/?post_type=product&#038;p=2237"},"modified":"2025-06-19T19:44:04","modified_gmt":"2025-06-19T11:44:04","slug":"2-4-ghz-12dbi-outdoor-omni-wifi-antenna","status":"publish","type":"product","link":"https:\/\/www.tesswave.com\/pl\/product\/2-4-ghz-12dbi-outdoor-omni-wifi-antenna\/","title":{"rendered":"2.4GHz 12dBi Zewn\u0119trzna dook\u00f3lna antena WiFi o wysokim wzmocnieniu"},"content":{"rendered":"<p>Wielokierunkowa antena Wi-Fi z serii TOF-2400 o wysokim zysku, zaprojektowana do zewn\u0119trznego pokrycia sygna\u0142em Wi-Fi, zwi\u0119kszaj\u0105ca si\u0142\u0119 sygna\u0142u i zasi\u0119g urz\u0105dze\u0144 Wi-Fi 2.4GHz, w tym router\u00f3w, bram, modem\u00f3w, most\u00f3w, wzmacniaczy i repeater\u00f3w we wszystkich kierunkach. Pracuj\u0105c w pa\u015bmie cz\u0119stotliwo\u015bci 2400-2500MHz, idealnie nadaje si\u0119 do wielu zastosowa\u0144, takich jak Wi-Fi, Bluetooth, Zigbee, IoT, <a href=\"https:\/\/www.tesswave.com\/pl\/what-are-lora-and-lorawan\/\">LoRa\/LoRaWAN<\/a> i RFID itp,<\/p>\n\n\n\n<p><strong>FUNKCJE:<\/strong><\/p>\n\n\n\n<ul class=\"wp-block-list\">\n<li>Wysokie wzmocnienie na zewn\u0105trz maksymalizuje zasi\u0119g sygna\u0142u WiFi<\/li>\n\n\n\n<li>Zaprojektowany z my\u015bl\u0105 o wysokiej wydajno\u015bci, doskona\u0142ym wzorcu promieniowania<\/li>\n\n\n\n<li>Dobry VSWR, poni\u017cej 1,5 lub lepszy<\/li>\n\n\n\n<li>Odporna na warunki atmosferyczne konstrukcja zewn\u0119trzna z wytrzyma\u0142\u0105 os\u0142on\u0105 anteny z w\u0142\u00f3kna szklanego i stopniem ochrony IP66<\/li>\n\n\n\n<li>Typowe z\u0142\u0105cze \u017ce\u0144skie N, kt\u00f3re jest kompatybilne z wi\u0119kszo\u015bci\u0105 urz\u0105dze\u0144 bezprzewodowych<\/li>\n\n\n\n<li>Dostarczony zestaw do monta\u017cu na s\u0142upie lub \u015bcianie o du\u017cej wytrzyma\u0142o\u015bci dla r\u00f3\u017cnych \u015brodowisk<\/li>\n<\/ul>\n\n\n\n<p>Zewn\u0119trzna dook\u00f3lna antena WiFi 2.4GHz emituje sygna\u0142 w uk\u0142adzie 360 stopni, kt\u00f3ry przesy\u0142a sygna\u0142 na maksymaln\u0105 mo\u017cliw\u0105 odleg\u0142o\u015b\u0107, a jej gotowa do u\u017cycia konstrukcja pozwala na szybkie pod\u0142\u0105czenie jej do istniej\u0105cych router\u00f3w lub punkt\u00f3w dost\u0119powych w celu przesy\u0142ania najwy\u017cszego sygna\u0142u WiFi we wszystkich kierunkach. Nale\u017cy jednak pami\u0119ta\u0107, \u017ce anten\u0119 WiFi 2.4GHz mo\u017cna pod\u0142\u0105czy\u0107 tylko do urz\u0105dze\u0144 obs\u0142uguj\u0105cych pasmo cz\u0119stotliwo\u015bci 2.4GHz.<\/p>\n\n\n\n<h2 class=\"wp-block-heading\">Doskona\u0142a konstrukcja<\/h2>\n\n\n\n<p>Konstrukcja anteny Omni WiFi wykonana w ca\u0142o\u015bci z miedzi zapewnia doskona\u0142\u0105 wydajno\u015b\u0107 elektryczn\u0105, a metalowe elementy charakteryzuj\u0105 si\u0119 lepsz\u0105 i bardziej stabiln\u0105 wydajno\u015bci\u0105. Wytrzyma\u0142a obudowa z w\u0142\u00f3kna szklanego jest przeznaczona do instalacji na zewn\u0105trz przed kurzem i deszczem, mo\u017ce wytrzyma\u0107 trudne warunki na zewn\u0105trz. Wyposa\u017cona w typowe z\u0142\u0105cze \u017ce\u0144skie typu N w dolnej cz\u0119\u015bci anteny jest r\u00f3wnie\u017c wodoodporna, aby zapobiec przedostawaniu si\u0119 wody z powrotem, poza tym z\u0142\u0105cze typu N jest szeroko kompatybilne z wi\u0119kszo\u015bci\u0105 urz\u0105dze\u0144 bezprzewodowych wykorzystuj\u0105cych kabel koncentryczny.<\/p>\n\n\n\n<h2 class=\"wp-block-heading\">Instalacja anteny<\/h2>\n\n\n\n<p>Wszystkie nasze anteny s\u0105 dostarczane z zestawem monta\u017cowym o du\u017cej wytrzyma\u0142o\u015bci, w tym \u015brubami w kszta\u0142cie litery U i nakr\u0119tkami, s\u0105 bardzo \u0142atwe do zainstalowania na s\u0142upie lub bezpo\u015brednio na \u015bcianie. Antena dook\u00f3lna jest zwykle instalowana na dachu bez \u017cadnych przeszk\u00f3d, aby maksymalnie przesy\u0142a\u0107 sygna\u0142 WiFi do u\u017cytkownik\u00f3w ko\u0144cowych.<\/p>\n\n\n\n<h2 class=\"wp-block-heading\">Personalizacja<\/h2>\n\n\n\n<p>Akceptujemy us\u0142ug\u0119 dostosowywania, w tym z\u0142\u0105cze, cz\u0119stotliwo\u015b\u0107, wygl\u0105d anteny, zestaw monta\u017cowy i drukowanie logo, opakowanie itp,<\/p>\n\n\n\n<p>&nbsp;<\/p>\n\n\n\n<figure class=\"wp-block-table\"><table class=\"has-fixed-layout\"><tbody><tr><td><strong>Specyfikacje elektryczne<\/strong><\/td><td><\/td><\/tr><tr><td>Cz\u0119stotliwo\u015b\u0107<\/td><td>2400-2500 MHz<\/td><\/tr><tr><td>Zysk<\/td><td>12 dBi<\/td><\/tr><tr><td>VSWR<\/td><td>&lt;1.5<\/td><\/tr><tr><td>Polaryzacja<\/td><td>Pionowy<\/td><\/tr><tr><td>Szeroko\u015b\u0107 wi\u0105zki poziomej<\/td><td>360\u00b0<\/td><\/tr><tr><td>Szeroko\u015b\u0107 wi\u0105zki pionowej<\/td><td>7.5\u00b0<\/td><\/tr><tr><td>Impedancja<\/td><td>50 om\u00f3w<\/td><\/tr><tr><td>Maks. Moc wej\u015bciowa<\/td><td>100W<\/td><\/tr><tr><td>Ochrona odgromowa<\/td><td>Uziemienie DC<\/td><\/tr><tr><td><strong>Specyfikacje mechaniczne<\/strong><\/td><td>&nbsp;<\/td><\/tr><tr><td>Z\u0142\u0105cze<\/td><td>N Kobieta<\/td><\/tr><tr><td>Wymiar<\/td><td>\u00d825\u00d7960mm<\/td><\/tr><tr><td>Waga<\/td><td>0,7 kg<\/td><\/tr><tr><td>Monta\u017c<\/td><td>Maszt \u00d840-\u00d860 mm<\/td><\/tr><tr><td>Materia\u0142 kopu\u0142y<\/td><td>W\u0142\u00f3kno szklane (bia\u0142e)<\/td><\/tr><tr><td>Pr\u0119dko\u015b\u0107 wiatru<\/td><td>210 km\/h<\/td><\/tr><tr><td>Ochrona przed wnikaniem<\/td><td>IP66<\/td><\/tr><tr><td>Temperatura pracy<\/td><td>-40\u2103 - +65\u2103<\/td><\/tr><\/tbody><\/table><\/figure>\n\n\n\n<p>&nbsp;<\/p>","protected":false},"author":1,"featured_media":4970,"menu_order":0,"template":"","meta":{"_acf_changed":true},"product_cat":[242,332,254],"product_tag":[],"class_list":["post-2237","product","type-product","status-publish","has-post-thumbnail","hentry","product_cat-omnidirectional-wifi-antennas","product_cat-2-4-ghz-antennas","product_cat-2-4-ghz-lora-antennas"],"acf":{"_sku":"TOF-2400-12V","product-image":[4970],"_price":"25","pdsms":null,"excerpt":"<ul>\r\n<li>Praca w pa\u015bmie cz\u0119stotliwo\u015bci 2.4\/5GHz<\/li>\r\n<li>Wysokiej jako\u015bci elementy miedziane wewn\u0105trz zapewniaj\u0105 wysokie wzmocnienie<\/li>\r\n<li>Promieniuje sygna\u0142 we wszystkich kierunkach, idealny do pokrycia sygna\u0142em zewn\u0119trznym<\/li>\r\n<li>Monta\u017c na s\u0142upie zewn\u0119trznym<\/li>\r\n<li>Wytrzyma\u0142a, odporna na warunki atmosferyczne obudowa anteny z w\u0142\u00f3kna szklanego<\/li>\r\n<li>Odporno\u015b\u0107 na deszcz i py\u0142 IP66<\/li>\r\n<li>Typowe z\u0142\u0105cze \u017ce\u0144skie N (akceptuje inne z\u0142\u0105cza)<\/li>\r\n<\/ul>","faqs":""},"_links":{"self":[{"href":"https:\/\/www.tesswave.com\/pl\/wp-json\/wp\/v2\/product\/2237","targetHints":{"allow":["GET"]}}],"collection":[{"href":"https:\/\/www.tesswave.com\/pl\/wp-json\/wp\/v2\/product"}],"about":[{"href":"https:\/\/www.tesswave.com\/pl\/wp-json\/wp\/v2\/types\/product"}],"author":[{"embeddable":true,"href":"https:\/\/www.tesswave.com\/pl\/wp-json\/wp\/v2\/users\/1"}],"acf:attachment":[{"embeddable":true,"href":"https:\/\/www.tesswave.com\/pl\/wp-json\/wp\/v2\/media\/4970"}],"wp:featuredmedia":[{"embeddable":true,"href":"https:\/\/www.tesswave.com\/pl\/wp-json\/wp\/v2\/media\/4970"}],"wp:attachment":[{"href":"https:\/\/www.tesswave.com\/pl\/wp-json\/wp\/v2\/media?parent=2237"}],"wp:term":[{"taxonomy":"product_cat","embeddable":true,"href":"https:\/\/www.tesswave.com\/pl\/wp-json\/wp\/v2\/product_cat?post=2237"},{"taxonomy":"product_tag","embeddable":true,"href":"https:\/\/www.tesswave.com\/pl\/wp-json\/wp\/v2\/product_tag?post=2237"}],"curies":[{"name":"wp","href":"https:\/\/api.w.org\/{rel}","templated":true}]}}