{"id":2275,"date":"2022-05-24T16:58:42","date_gmt":"2022-05-24T08:58:42","guid":{"rendered":"https:\/\/www.tesswave.com\/?post_type=product&#038;p=2275"},"modified":"2025-06-19T19:38:25","modified_gmt":"2025-06-19T11:38:25","slug":"2-4-ghz-18dbi-directional-panel-antenna","status":"publish","type":"product","link":"https:\/\/www.tesswave.com\/pl\/product\/2-4-ghz-18dbi-directional-panel-antenna\/","title":{"rendered":"2.4GHz 18dBi Zewn\u0119trzna kierunkowa antena panelowa WiFi o wysokim wzmocnieniu"},"content":{"rendered":"<figure class=\"wp-block-table is-style-regular\"><table class=\"has-fixed-layout\"><tbody><tr><td><strong>Specyfikacje elektryczne<\/strong><\/td><td>&nbsp;<\/td><\/tr><tr><td>Cz\u0119stotliwo\u015b\u0107<\/td><td>2400-2500 MHz<\/td><\/tr><tr><td>Zysk<\/td><td>18 dBi<\/td><\/tr><tr><td>VSWR<\/td><td>&lt;1.5<\/td><\/tr><tr><td>Polaryzacja<\/td><td>Pionowy<\/td><\/tr><tr><td>Szeroko\u015b\u0107 wi\u0105zki poziomej<\/td><td>20\u00b0<\/td><\/tr><tr><td>Szeroko\u015b\u0107 wi\u0105zki pionowej<\/td><td>20\u00b0<\/td><\/tr><tr><td>Stosunek F\/B<\/td><td>\u226520dB<\/td><\/tr><tr><td>Impedancja<\/td><td>50 om\u00f3w<\/td><\/tr><tr><td>Maks. Moc wej\u015bciowa<\/td><td>100W<\/td><\/tr><tr><td>Ochrona odgromowa<\/td><td>Uziemienie DC<\/td><\/tr><tr><td><strong>Specyfikacje mechaniczne<\/strong><\/td><td>&nbsp;<\/td><\/tr><tr><td>Z\u0142\u0105cze<\/td><td>N Kobieta<\/td><\/tr><tr><td>Wymiar<\/td><td>305\u00d7305\u00d725mm<\/td><\/tr><tr><td>Waga<\/td><td>0,7 kg<\/td><\/tr><tr><td>Monta\u017c<\/td><td>Maszt \u00d840-\u00d860 mm<\/td><\/tr><tr><td>Materia\u0142 kopu\u0142y<\/td><td>ABS<\/td><\/tr><tr><td>Pr\u0119dko\u015b\u0107 wiatru<\/td><td>210 km\/h<\/td><\/tr><tr><td>Temperatura pracy<\/td><td>-40\u2103 - +65\u2103<\/td><\/tr><\/tbody><\/table><\/figure>","protected":false},"author":1,"featured_media":5097,"menu_order":0,"template":"","meta":{"_acf_changed":true},"product_cat":[241,332],"product_tag":[],"class_list":["post-2275","product","type-product","status-publish","has-post-thumbnail","hentry","product_cat-flat-panel-wifi-antennas","product_cat-2-4-ghz-antennas"],"acf":{"_sku":"TPC-2400-18E","product-image":[5097],"_price":"29","pdsms":null,"excerpt":"<ul>\r\n<li>Dzia\u0142a w pa\u015bmie cz\u0119stotliwo\u015bci 2400-2500MHz<\/li>\r\n<li>Wysokie wzmocnienie True 18dBi<\/li>\r\n<li>W\u0105ska wi\u0105zka o szeroko\u015bci 20 stopni dla po\u0142\u0105cze\u0144 punkt-punkt<\/li>\r\n<li>Monta\u017c na s\u0142upie zewn\u0119trznym<\/li>\r\n<li>Wytrzyma\u0142a, odporna na warunki atmosferyczne obudowa anteny z tworzywa ABS<\/li>\r\n<li>Wymiary: 305\u00d7305\u00d725 mm<\/li>\r\n<li>N Z\u0142\u0105cze \u017ce\u0144skie<\/li>\r\n<li>Odporno\u015b\u0107 na deszcz i py\u0142 IP55<\/li>\r\n<\/ul>","faqs":""},"_links":{"self":[{"href":"https:\/\/www.tesswave.com\/pl\/wp-json\/wp\/v2\/product\/2275","targetHints":{"allow":["GET"]}}],"collection":[{"href":"https:\/\/www.tesswave.com\/pl\/wp-json\/wp\/v2\/product"}],"about":[{"href":"https:\/\/www.tesswave.com\/pl\/wp-json\/wp\/v2\/types\/product"}],"author":[{"embeddable":true,"href":"https:\/\/www.tesswave.com\/pl\/wp-json\/wp\/v2\/users\/1"}],"acf:attachment":[{"embeddable":true,"href":"https:\/\/www.tesswave.com\/pl\/wp-json\/wp\/v2\/media\/5097"}],"wp:featuredmedia":[{"embeddable":true,"href":"https:\/\/www.tesswave.com\/pl\/wp-json\/wp\/v2\/media\/5097"}],"wp:attachment":[{"href":"https:\/\/www.tesswave.com\/pl\/wp-json\/wp\/v2\/media?parent=2275"}],"wp:term":[{"taxonomy":"product_cat","embeddable":true,"href":"https:\/\/www.tesswave.com\/pl\/wp-json\/wp\/v2\/product_cat?post=2275"},{"taxonomy":"product_tag","embeddable":true,"href":"https:\/\/www.tesswave.com\/pl\/wp-json\/wp\/v2\/product_tag?post=2275"}],"curies":[{"name":"wp","href":"https:\/\/api.w.org\/{rel}","templated":true}]}}