{"id":2284,"date":"2022-05-25T11:30:06","date_gmt":"2022-05-25T03:30:06","guid":{"rendered":"https:\/\/www.tesswave.com\/?post_type=product&#038;p=2284"},"modified":"2025-06-19T19:37:44","modified_gmt":"2025-06-19T11:37:44","slug":"2-4-5-ghz-13dbi-dual-band-directional-antenna","status":"publish","type":"product","link":"https:\/\/www.tesswave.com\/pl\/product\/2-4-5-ghz-13dbi-dual-band-directional-antenna\/","title":{"rendered":"Dwuzakresowa kierunkowa antena panelowa WiFi 2,4\/5 GHz 13dBi"},"content":{"rendered":"<figure class=\"wp-block-table is-style-stripes\"><table class=\"has-fixed-layout\"><tbody><tr><td><strong>Specyfikacje elektryczne<\/strong><\/td><td>&nbsp;<\/td><\/tr><tr><td>Cz\u0119stotliwo\u015b\u0107-MHz<\/td><td>2400-2500\/5150-5850<\/td><\/tr><tr><td>Zysk<\/td><td>13dBi<\/td><\/tr><tr><td>VSWR<\/td><td>&lt;2<\/td><\/tr><tr><td>Polaryzacja<\/td><td>Pionowy<\/td><\/tr><tr><td>Szeroko\u015b\u0107 wi\u0105zki poziomej<\/td><td>40\u00b0<\/td><\/tr><tr><td>Szeroko\u015b\u0107 wi\u0105zki pionowej<\/td><td>33\u00b0<\/td><\/tr><tr><td>Stosunek F\/B<\/td><td><a>\u2265<\/a>20dB<\/td><\/tr><tr><td>Impedancja<\/td><td>50 om\u00f3w<\/td><\/tr><tr><td>Maks. Moc wej\u015bciowa<\/td><td>100W<\/td><\/tr><tr><td>Ochrona odgromowa<\/td><td>Uziemienie DC<\/td><\/tr><tr><td><strong>Specyfikacje mechaniczne<\/strong><\/td><td>&nbsp;<\/td><\/tr><tr><td>Z\u0142\u0105cze<\/td><td>N Kobieta<\/td><\/tr><tr><td>Wymiar<\/td><td>140\u00d7120\u00d740mm<\/td><\/tr><tr><td>Waga<\/td><td>0,3 kg<\/td><\/tr><tr><td>Monta\u017c<\/td><td>Maszt \u00d840-\u00d860 mm<\/td><\/tr><tr><td>Materia\u0142 kopu\u0142y<\/td><td>ABS<\/td><\/tr><tr><td>Pr\u0119dko\u015b\u0107 wiatru<\/td><td>210 km\/h<\/td><\/tr><tr><td>Temperatura pracy<\/td><td>-40\u2103 - +65\u2103<\/td><\/tr><\/tbody><\/table><\/figure>","protected":false},"author":1,"featured_media":4824,"menu_order":0,"template":"","meta":{"_acf_changed":true},"product_cat":[327,335],"product_tag":[],"class_list":["post-2284","product","type-product","status-publish","has-post-thumbnail","hentry","product_cat-dual-band-wifi-antennas","product_cat-2-4-5-ghz-antennas"],"acf":{"_sku":"TPC-2458-13V","product-image":[4824],"_price":"12","pdsms":null,"excerpt":"<ul>\r\n<li>Praca w dwuzakresowym pa\u015bmie 2400-2500\/5150-5850MHz<\/li>\r\n<li>Prawdziwe wzmocnienie 13dBi<\/li>\r\n<li>Antena kierunkowa do zastosowa\u0144 zewn\u0119trznych typu punkt-punkt<\/li>\r\n<li>Monta\u017c na s\u0142upie do instalacji na zewn\u0105trz<\/li>\r\n<li>Obudowa anteny UV-ABS zapewniaj\u0105ca odporno\u015b\u0107 na warunki atmosferyczne<\/li>\r\n<li>Wymiary: 140*120*40 mm<\/li>\r\n<li>Typowe z\u0142\u0105cze \u017ce\u0144skie N<\/li>\r\n<li>Odporno\u015b\u0107 na deszcz i py\u0142 IP55<\/li>\r\n<\/ul>","faqs":""},"_links":{"self":[{"href":"https:\/\/www.tesswave.com\/pl\/wp-json\/wp\/v2\/product\/2284","targetHints":{"allow":["GET"]}}],"collection":[{"href":"https:\/\/www.tesswave.com\/pl\/wp-json\/wp\/v2\/product"}],"about":[{"href":"https:\/\/www.tesswave.com\/pl\/wp-json\/wp\/v2\/types\/product"}],"author":[{"embeddable":true,"href":"https:\/\/www.tesswave.com\/pl\/wp-json\/wp\/v2\/users\/1"}],"acf:attachment":[{"embeddable":true,"href":"https:\/\/www.tesswave.com\/pl\/wp-json\/wp\/v2\/media\/4824"}],"wp:featuredmedia":[{"embeddable":true,"href":"https:\/\/www.tesswave.com\/pl\/wp-json\/wp\/v2\/media\/4824"}],"wp:attachment":[{"href":"https:\/\/www.tesswave.com\/pl\/wp-json\/wp\/v2\/media?parent=2284"}],"wp:term":[{"taxonomy":"product_cat","embeddable":true,"href":"https:\/\/www.tesswave.com\/pl\/wp-json\/wp\/v2\/product_cat?post=2284"},{"taxonomy":"product_tag","embeddable":true,"href":"https:\/\/www.tesswave.com\/pl\/wp-json\/wp\/v2\/product_tag?post=2284"}],"curies":[{"name":"wp","href":"https:\/\/api.w.org\/{rel}","templated":true}]}}