{"id":2287,"date":"2022-05-25T11:33:56","date_gmt":"2022-05-25T03:33:56","guid":{"rendered":"https:\/\/www.tesswave.com\/?post_type=product&#038;p=2287"},"modified":"2025-06-19T19:37:21","modified_gmt":"2025-06-19T11:37:21","slug":"2-4-5-ghz-13dbi-6-port-mimo-panel-antenna","status":"publish","type":"product","link":"https:\/\/www.tesswave.com\/pl\/product\/2-4-5-ghz-13dbi-6-port-mimo-panel-antenna\/","title":{"rendered":"2.4\/5GHz 13dBi Zewn\u0119trzna kierunkowa dwuzakresowa 6-portowa antena panelowa 6\u00d76 MIMO"},"content":{"rendered":"<figure class=\"wp-block-table\"><table><tbody><tr><td><strong>Specyfikacje elektryczne<\/strong><\/td><td colspan=\"2\"><\/td><\/tr><tr><td>Cz\u0119stotliwo\u015b\u0107-MHz<\/td><td>2400-2500<\/td><td>4900-5850<\/td><\/tr><tr><td>Gain-dBi<\/td><td>10<\/td><td>13<\/td><\/tr><tr><td>VSWR<\/td><td colspan=\"2\">&lt;1.8<\/td><\/tr><tr><td>Polaryzacja<\/td><td colspan=\"2\">3 \u00d7 w poziomie i 3 \u00d7 w pionie<\/td><\/tr><tr><td>Szeroko\u015b\u0107 wi\u0105zki poziomej<\/td><td>48\u00b0<\/td><td>35\u00b0<\/td><\/tr><tr><td>Szeroko\u015b\u0107 wi\u0105zki pionowej<\/td><td>45\u00b0<\/td><td>20\u00b0<\/td><\/tr><tr><td>Stosunek F\/B<\/td><td colspan=\"2\">\u226518dB<\/td><\/tr><tr><td>Izolacja<\/td><td colspan=\"2\">\u226528dB<\/td><\/tr><tr><td>Impedancja<\/td><td colspan=\"2\">50 om\u00f3w<\/td><\/tr><tr><td>Maks. Moc wej\u015bciowa<\/td><td colspan=\"2\">100W<\/td><\/tr><tr><td>Ochrona odgromowa<\/td><td colspan=\"2\">Uziemienie DC<\/td><\/tr><tr><td><strong>Specyfikacje mechaniczne<\/strong><\/td><td colspan=\"2\">&nbsp;<\/td><\/tr><tr><td>Z\u0142\u0105cze<\/td><td colspan=\"2\">6\u00d7N \u017ce\u0144ski<\/td><\/tr><tr><td>Wymiar<\/td><td colspan=\"2\">305\u00d7305\u00d725mm<\/td><\/tr><tr><td>Waga<\/td><td colspan=\"2\">0,7 kg<\/td><\/tr><tr><td>Monta\u017c<\/td><td colspan=\"2\">Maszt \u00d840-\u00d860 mm<\/td><\/tr><tr><td>Materia\u0142 kopu\u0142y<\/td><td colspan=\"2\">ABS<\/td><\/tr><tr><td>Pr\u0119dko\u015b\u0107 wiatru<\/td><td colspan=\"2\">210 km\/h<\/td><\/tr><tr><td>Temperatura pracy<\/td><td colspan=\"2\">-40\u2103 - +65\u2103<\/td><\/tr><\/tbody><\/table><\/figure>","protected":false},"author":1,"featured_media":4820,"menu_order":0,"template":"","meta":{"_acf_changed":true},"product_cat":[128,335,327,241],"product_tag":[],"class_list":["post-2287","product","type-product","status-publish","has-post-thumbnail","hentry","product_cat-mimo-panel-antennas","product_cat-2-4-5-ghz-antennas","product_cat-dual-band-wifi-antennas","product_cat-flat-panel-wifi-antennas"],"acf":{"_sku":"TPC-2458-13CD","product-image":[4820],"_price":"33","pdsms":null,"excerpt":"<ul>\r\n<li>Praca w pa\u015bmie 2400-2500\/4900-5850MHz z podw\u00f3jn\u0105 cz\u0119stotliwo\u015bci\u0105<\/li>\r\n<li>Rzeczywiste wzmocnienie 10dbi@2.4GHz, 13dBi@5GHz<\/li>\r\n<li>Antena kierunkowa do zastosowa\u0144 zewn\u0119trznych typu punkt-punkt<\/li>\r\n<li>Monta\u017c na s\u0142upie do instalacji na zewn\u0105trz<\/li>\r\n<li>Obudowa anteny z tworzywa ABS chronionego przed promieniowaniem UV, odporna na warunki atmosferyczne<\/li>\r\n<li>Wymiary: 305\u00d7305\u00d725mm<\/li>\r\n<li>Z\u0142\u0105cze \u017ce\u0144skie 6\u00d7N<\/li>\r\n<li>Odporno\u015b\u0107 na deszcz i py\u0142 IP55<\/li>\r\n<\/ul>","faqs":""},"_links":{"self":[{"href":"https:\/\/www.tesswave.com\/pl\/wp-json\/wp\/v2\/product\/2287","targetHints":{"allow":["GET"]}}],"collection":[{"href":"https:\/\/www.tesswave.com\/pl\/wp-json\/wp\/v2\/product"}],"about":[{"href":"https:\/\/www.tesswave.com\/pl\/wp-json\/wp\/v2\/types\/product"}],"author":[{"embeddable":true,"href":"https:\/\/www.tesswave.com\/pl\/wp-json\/wp\/v2\/users\/1"}],"acf:attachment":[{"embeddable":true,"href":"https:\/\/www.tesswave.com\/pl\/wp-json\/wp\/v2\/media\/4820"}],"wp:featuredmedia":[{"embeddable":true,"href":"https:\/\/www.tesswave.com\/pl\/wp-json\/wp\/v2\/media\/4820"}],"wp:attachment":[{"href":"https:\/\/www.tesswave.com\/pl\/wp-json\/wp\/v2\/media?parent=2287"}],"wp:term":[{"taxonomy":"product_cat","embeddable":true,"href":"https:\/\/www.tesswave.com\/pl\/wp-json\/wp\/v2\/product_cat?post=2287"},{"taxonomy":"product_tag","embeddable":true,"href":"https:\/\/www.tesswave.com\/pl\/wp-json\/wp\/v2\/product_tag?post=2287"}],"curies":[{"name":"wp","href":"https:\/\/api.w.org\/{rel}","templated":true}]}}