{"id":2290,"date":"2022-05-25T11:36:58","date_gmt":"2022-05-25T03:36:58","guid":{"rendered":"https:\/\/www.tesswave.com\/?post_type=product&#038;p=2290"},"modified":"2025-06-19T19:35:25","modified_gmt":"2025-06-19T11:35:25","slug":"2-4-5-ghz-6x6-mimo-panel-antenna","status":"publish","type":"product","link":"https:\/\/www.tesswave.com\/pl\/product\/2-4-5-ghz-6x6-mimo-panel-antenna\/","title":{"rendered":"2.4\/5GHz 6dBi Dwuzakresowa zewn\u0119trzna antena panelowa 6\u00d76 MIMO"},"content":{"rendered":"<figure class=\"wp-block-table is-style-regular\"><table class=\"has-fixed-layout\"><tbody><tr><td><strong>Specyfikacje elektryczne<\/strong><\/td><td>&nbsp;<\/td><\/tr><tr><td>Cz\u0119stotliwo\u015b\u0107-MHz<\/td><td>2400-2500\/4900-5850<\/td><\/tr><tr><td>Zysk<\/td><td>6 dBi<\/td><\/tr><tr><td>VSWR<\/td><td>&lt;1.7<\/td><\/tr><tr><td>Polaryzacja<\/td><td>3 \u00d7 w poziomie i 3 \u00d7 w pionie<\/td><\/tr><tr><td>Szeroko\u015b\u0107 wi\u0105zki poziomej<\/td><td>70\u00b0<\/td><\/tr><tr><td>Szeroko\u015b\u0107 wi\u0105zki pionowej<\/td><td>70\u00b0<\/td><\/tr><tr><td>Stosunek F\/B<\/td><td>\u226516dB<\/td><\/tr><tr><td>Izolacja<\/td><td>\u226520dB<\/td><\/tr><tr><td>Impedancja<\/td><td>50 om\u00f3w<\/td><\/tr><tr><td>Maks. Moc wej\u015bciowa<\/td><td>100W<\/td><\/tr><tr><td>Ochrona odgromowa<\/td><td>Uziemienie DC<\/td><\/tr><tr><td><strong>Specyfikacje mechaniczne<\/strong><\/td><td>&nbsp;<\/td><\/tr><tr><td>Z\u0142\u0105cze<\/td><td>6\u00d7N \u017ce\u0144ski<\/td><\/tr><tr><td>Wymiar<\/td><td>210\u00d7180\u00d744mm<\/td><\/tr><tr><td>Waga<\/td><td>0,5 kg<\/td><\/tr><tr><td>Monta\u017c<\/td><td>Maszt \u00d840-\u00d860 mm<\/td><\/tr><tr><td>Materia\u0142 kopu\u0142y<\/td><td>ABS<\/td><\/tr><tr><td>Pr\u0119dko\u015b\u0107 wiatru<\/td><td>210 km\/h<\/td><\/tr><tr><td>Temperatura pracy<\/td><td>-40\u2103 - +65\u2103<\/td><\/tr><\/tbody><\/table><\/figure>","protected":false},"author":1,"featured_media":4795,"menu_order":0,"template":"","meta":{"_acf_changed":true},"product_cat":[],"product_tag":[],"class_list":["post-2290","product","type-product","status-publish","has-post-thumbnail","hentry"],"acf":{"_sku":"TPC-2458-6CD","product-image":[4795],"_price":"25","pdsms":null,"excerpt":"<ul>\r\n<li>Praca w pa\u015bmie 2400-2500\/4900-5850MHz z podw\u00f3jn\u0105 cz\u0119stotliwo\u015bci\u0105<\/li>\r\n<li>Rzeczywiste wzmocnienie 6dbi<\/li>\r\n<li>Antena kierunkowa do zastosowa\u0144 zewn\u0119trznych typu punkt-punkt<\/li>\r\n<li>Monta\u017c na s\u0142upie do instalacji na zewn\u0105trz<\/li>\r\n<li>Obudowa anteny z tworzywa ABS chronionego przed promieniowaniem UV, odporna na warunki atmosferyczne<\/li>\r\n<li>Wymiary: 210\u00d7180\u00d744mm<\/li>\r\n<li>Z\u0142\u0105cze \u017ce\u0144skie 6\u00d7N<\/li>\r\n<li>Odporno\u015b\u0107 na deszcz i py\u0142 IP55<\/li>\r\n<\/ul>","faqs":""},"_links":{"self":[{"href":"https:\/\/www.tesswave.com\/pl\/wp-json\/wp\/v2\/product\/2290","targetHints":{"allow":["GET"]}}],"collection":[{"href":"https:\/\/www.tesswave.com\/pl\/wp-json\/wp\/v2\/product"}],"about":[{"href":"https:\/\/www.tesswave.com\/pl\/wp-json\/wp\/v2\/types\/product"}],"author":[{"embeddable":true,"href":"https:\/\/www.tesswave.com\/pl\/wp-json\/wp\/v2\/users\/1"}],"acf:attachment":[{"embeddable":true,"href":"https:\/\/www.tesswave.com\/pl\/wp-json\/wp\/v2\/media\/4795"}],"wp:featuredmedia":[{"embeddable":true,"href":"https:\/\/www.tesswave.com\/pl\/wp-json\/wp\/v2\/media\/4795"}],"wp:attachment":[{"href":"https:\/\/www.tesswave.com\/pl\/wp-json\/wp\/v2\/media?parent=2290"}],"wp:term":[{"taxonomy":"product_cat","embeddable":true,"href":"https:\/\/www.tesswave.com\/pl\/wp-json\/wp\/v2\/product_cat?post=2290"},{"taxonomy":"product_tag","embeddable":true,"href":"https:\/\/www.tesswave.com\/pl\/wp-json\/wp\/v2\/product_tag?post=2290"}],"curies":[{"name":"wp","href":"https:\/\/api.w.org\/{rel}","templated":true}]}}