{"id":2293,"date":"2022-05-25T11:43:02","date_gmt":"2022-05-25T03:43:02","guid":{"rendered":"https:\/\/www.tesswave.com\/?post_type=product&#038;p=2293"},"modified":"2025-06-19T19:35:06","modified_gmt":"2025-06-19T11:35:06","slug":"2-4-5-ghz-15dbi-mimo-panel-antenna","status":"publish","type":"product","link":"https:\/\/www.tesswave.com\/pl\/product\/2-4-5-ghz-15dbi-mimo-panel-antenna\/","title":{"rendered":"2.4\/5GHz 15dBi Kierunkowa dwuzakresowa antena panelowa 4\u00d74 MIMO"},"content":{"rendered":"<figure class=\"wp-block-table is-style-regular\"><table class=\"has-fixed-layout\"><tbody><tr><td><strong>Specyfikacje elektryczne<\/strong><\/td><td>&nbsp;<\/td><td>&nbsp;<\/td><\/tr><tr><td>Cz\u0119stotliwo\u015b\u0107-MHz<\/td><td>2400-2500<\/td><td>4900-5850<\/td><\/tr><tr><td>Gain-dBi<\/td><td>12.5<\/td><td>14.5<\/td><\/tr><tr><td>VSWR<\/td><td>&lt;2<\/td><td>&nbsp;<\/td><\/tr><tr><td>Polaryzacja<\/td><td>2 \u00d7 w poziomie i 2 \u00d7 w pionie<\/td><td>&nbsp;<\/td><\/tr><tr><td>Szeroko\u015b\u0107 wi\u0105zki poziomej<\/td><td>40\u00b0<\/td><td>30\u00b0<\/td><\/tr><tr><td>Szeroko\u015b\u0107 wi\u0105zki pionowej<\/td><td>40\u00b0<\/td><td>28\u00b0<\/td><\/tr><tr><td>Stosunek F\/B<\/td><td>\u226520dB<\/td><td>&nbsp;<\/td><\/tr><tr><td>Izolacja<\/td><td>\u226528dB<\/td><td>&nbsp;<\/td><\/tr><tr><td>Impedancja<\/td><td>50 om\u00f3w<\/td><td>&nbsp;<\/td><\/tr><tr><td>Maks. Moc wej\u015bciowa<\/td><td>100W<\/td><td>&nbsp;<\/td><\/tr><tr><td>Ochrona odgromowa<\/td><td>Uziemienie DC<\/td><td>&nbsp;<\/td><\/tr><tr><td><strong>Specyfikacje mechaniczne<\/strong><\/td><td>&nbsp;<\/td><td>&nbsp;<\/td><\/tr><tr><td>Z\u0142\u0105cze<\/td><td>4\u00d7N \u017ce\u0144ski<\/td><td>&nbsp;<\/td><\/tr><tr><td>Wymiar<\/td><td>305\u00d7305\u00d725mm<\/td><td>&nbsp;<\/td><\/tr><tr><td>Waga<\/td><td>0,7 kg<\/td><td>&nbsp;<\/td><\/tr><tr><td>Monta\u017c<\/td><td>Maszt \u00d840-\u00d860 mm<\/td><td>&nbsp;<\/td><\/tr><tr><td>Materia\u0142 kopu\u0142y<\/td><td>ABS<\/td><td>&nbsp;<\/td><\/tr><tr><td>Pr\u0119dko\u015b\u0107 wiatru<\/td><td>210 km\/h<\/td><td>&nbsp;<\/td><\/tr><tr><td>Temperatura pracy<\/td><td>-40\u2103 - +65\u2103<\/td><td>&nbsp;<\/td><\/tr><\/tbody><\/table><\/figure>","protected":false},"author":1,"featured_media":4822,"menu_order":0,"template":"","meta":{"_acf_changed":true},"product_cat":[128,335,327,241],"product_tag":[],"class_list":["post-2293","product","type-product","status-publish","has-post-thumbnail","hentry","product_cat-mimo-panel-antennas","product_cat-2-4-5-ghz-antennas","product_cat-dual-band-wifi-antennas","product_cat-flat-panel-wifi-antennas"],"acf":{"_sku":"TPC-2458-15BD","product-image":[4822],"_price":"29","pdsms":null,"excerpt":"<ul>\r\n<li>Praca w pa\u015bmie 2400-2500\/4900-5850MHz z podw\u00f3jn\u0105 cz\u0119stotliwo\u015bci\u0105<\/li>\r\n<li>Rzeczywiste wzmocnienie 12.5dbi@2.4GHz, 14.5dBi@5GHz<\/li>\r\n<li>Antena kierunkowa do zastosowa\u0144 zewn\u0119trznych typu punkt-punkt<\/li>\r\n<li>Monta\u017c na s\u0142upie do instalacji na zewn\u0105trz<\/li>\r\n<li>Obudowa anteny z tworzywa ABS chronionego przed promieniowaniem UV, odporna na warunki atmosferyczne<\/li>\r\n<li>Wymiary: 305\u00d7305\u00d725mm<\/li>\r\n<li>Z\u0142\u0105cze \u017ce\u0144skie 4\u00d7N<\/li>\r\n<li>Odporno\u015b\u0107 na deszcz i py\u0142 IP55<\/li>\r\n<\/ul>","faqs":""},"_links":{"self":[{"href":"https:\/\/www.tesswave.com\/pl\/wp-json\/wp\/v2\/product\/2293","targetHints":{"allow":["GET"]}}],"collection":[{"href":"https:\/\/www.tesswave.com\/pl\/wp-json\/wp\/v2\/product"}],"about":[{"href":"https:\/\/www.tesswave.com\/pl\/wp-json\/wp\/v2\/types\/product"}],"author":[{"embeddable":true,"href":"https:\/\/www.tesswave.com\/pl\/wp-json\/wp\/v2\/users\/1"}],"acf:attachment":[{"embeddable":true,"href":"https:\/\/www.tesswave.com\/pl\/wp-json\/wp\/v2\/media\/4822"}],"wp:featuredmedia":[{"embeddable":true,"href":"https:\/\/www.tesswave.com\/pl\/wp-json\/wp\/v2\/media\/4822"}],"wp:attachment":[{"href":"https:\/\/www.tesswave.com\/pl\/wp-json\/wp\/v2\/media?parent=2293"}],"wp:term":[{"taxonomy":"product_cat","embeddable":true,"href":"https:\/\/www.tesswave.com\/pl\/wp-json\/wp\/v2\/product_cat?post=2293"},{"taxonomy":"product_tag","embeddable":true,"href":"https:\/\/www.tesswave.com\/pl\/wp-json\/wp\/v2\/product_tag?post=2293"}],"curies":[{"name":"wp","href":"https:\/\/api.w.org\/{rel}","templated":true}]}}