{"id":2309,"date":"2022-05-25T15:44:28","date_gmt":"2022-05-25T07:44:28","guid":{"rendered":"https:\/\/www.tesswave.com\/?post_type=product&#038;p=2309"},"modified":"2025-06-19T19:30:42","modified_gmt":"2025-06-19T11:30:42","slug":"2-4-5-ghz-dual-band-omnidirectional-wifi-antenna","status":"publish","type":"product","link":"https:\/\/www.tesswave.com\/pl\/product\/2-4-5-ghz-dual-band-omnidirectional-wifi-antenna\/","title":{"rendered":"Dwuzakresowa dook\u00f3lna antena WiFi 2,4\/5 GHz"},"content":{"rendered":"<figure class=\"wp-block-table is-style-regular\"><table class=\"has-fixed-layout\"><tbody><tr><td><strong>Specyfikacje elektryczne<\/strong><\/td><td>&nbsp;<\/td><\/tr><tr><td>Cz\u0119stotliwo\u015b\u0107-MHz<\/td><td>2400-2500\/5150-5850<\/td><\/tr><tr><td>Gain-dBi<\/td><td>5.5\/7.5<\/td><\/tr><tr><td>VSWR<\/td><td>&lt;1.5 \/ &lt;2<\/td><\/tr><tr><td>Polaryzacja<\/td><td>Pionowy<\/td><\/tr><tr><td>Szeroko\u015b\u0107 wi\u0105zki poziomej<\/td><td>360\u00b0<\/td><\/tr><tr><td>Szeroko\u015b\u0107 wi\u0105zki pionowej<\/td><td>28\u00b0\/22\u00b0<\/td><\/tr><tr><td>Impedancja w omach<\/td><td>50 <\/td><\/tr><tr><td>Maks. Moc wej\u015bciowa-W<\/td><td>100<\/td><\/tr><tr><td>Ochrona odgromowa<\/td><td>Uziemienie DC<\/td><\/tr><tr><td><strong>Specyfikacje mechaniczne<\/strong><\/td><td>&nbsp;<\/td><\/tr><tr><td>Z\u0142\u0105cze<\/td><td>N Kobieta<\/td><\/tr><tr><td>Wymiar-mm<\/td><td>\u00d820\u00d7283<\/td><\/tr><tr><td>Waga-kg<\/td><td>0.2<\/td><\/tr><tr><td>Monta\u017c<\/td><td>Wkr\u0119cane<\/td><\/tr><tr><td>Materia\u0142 kopu\u0142y<\/td><td>ABS chroni\u0105cy przed promieniowaniem UV (bia\u0142y)<\/td><\/tr><tr><td>Pr\u0119dko\u015b\u0107 wiatru<\/td><td>210 km\/h<\/td><\/tr><tr><td>Temperatura pracy<\/td><td>-40\u2103 - +65\u2103<\/td><\/tr><\/tbody><\/table><\/figure>","protected":false},"author":1,"featured_media":5141,"menu_order":0,"template":"","meta":{"_acf_changed":true},"product_cat":[242,335,327],"product_tag":[],"class_list":["post-2309","product","type-product","status-publish","has-post-thumbnail","hentry","product_cat-omnidirectional-wifi-antennas","product_cat-2-4-5-ghz-antennas","product_cat-dual-band-wifi-antennas"],"acf":{"_sku":"TOF-2458-8V","product-image":[5141],"_price":"9.9","pdsms":null,"excerpt":"<ul>\r\n<li>Praca w dwuzakresowym pa\u015bmie 2400-2500\/5150-5850MHz<\/li>\r\n<li>Antena dook\u00f3lna, idealna do odbioru sygna\u0142u na zewn\u0105trz budynk\u00f3w<\/li>\r\n<li>Bezpo\u015brednia instalacja do routera lub inne opcje<\/li>\r\n<li>Obudowa anteny ABS chroni\u0105ca przed promieniowaniem UV i odporna na warunki atmosferyczne<\/li>\r\n<li>Odporno\u015b\u0107 na deszcz i py\u0142 IP66<\/li>\r\n<\/ul>","faqs":""},"_links":{"self":[{"href":"https:\/\/www.tesswave.com\/pl\/wp-json\/wp\/v2\/product\/2309","targetHints":{"allow":["GET"]}}],"collection":[{"href":"https:\/\/www.tesswave.com\/pl\/wp-json\/wp\/v2\/product"}],"about":[{"href":"https:\/\/www.tesswave.com\/pl\/wp-json\/wp\/v2\/types\/product"}],"author":[{"embeddable":true,"href":"https:\/\/www.tesswave.com\/pl\/wp-json\/wp\/v2\/users\/1"}],"acf:attachment":[{"embeddable":true,"href":"https:\/\/www.tesswave.com\/pl\/wp-json\/wp\/v2\/media\/5141"}],"wp:featuredmedia":[{"embeddable":true,"href":"https:\/\/www.tesswave.com\/pl\/wp-json\/wp\/v2\/media\/5141"}],"wp:attachment":[{"href":"https:\/\/www.tesswave.com\/pl\/wp-json\/wp\/v2\/media?parent=2309"}],"wp:term":[{"taxonomy":"product_cat","embeddable":true,"href":"https:\/\/www.tesswave.com\/pl\/wp-json\/wp\/v2\/product_cat?post=2309"},{"taxonomy":"product_tag","embeddable":true,"href":"https:\/\/www.tesswave.com\/pl\/wp-json\/wp\/v2\/product_tag?post=2309"}],"curies":[{"name":"wp","href":"https:\/\/api.w.org\/{rel}","templated":true}]}}