{"id":2312,"date":"2022-05-25T15:47:58","date_gmt":"2022-05-25T07:47:58","guid":{"rendered":"https:\/\/www.tesswave.com\/?post_type=product&#038;p=2312"},"modified":"2025-06-19T19:30:23","modified_gmt":"2025-06-19T11:30:23","slug":"2-4-5-ghz-3-port-mimo-omni-antenna","status":"publish","type":"product","link":"https:\/\/www.tesswave.com\/pl\/product\/2-4-5-ghz-3-port-mimo-omni-antenna\/","title":{"rendered":"Dwuzakresowa, 3-portowa, zewn\u0119trzna, dook\u00f3lna antena WiFi MIMO 2,4\/5 GHz"},"content":{"rendered":"<figure class=\"wp-block-table is-style-regular\"><table class=\"has-fixed-layout\"><tbody><tr><td><strong>Specyfikacje elektryczne<\/strong><\/td><td>&nbsp;<\/td><td>&nbsp;<\/td><\/tr><tr><td>Cz\u0119stotliwo\u015b\u0107-MHz<\/td><td>2400-2500<\/td><td>5150-5850<\/td><\/tr><tr><td>Gain-dBi<\/td><td>5.5<\/td><td>7.5<\/td><\/tr><tr><td>VSWR<\/td><td>&lt;1.5<\/td><td>&lt;2<\/td><\/tr><tr><td>Polaryzacja<\/td><td>3\u00d7Pionowo<\/td><td>&nbsp;<\/td><\/tr><tr><td>Szeroko\u015b\u0107 wi\u0105zki poziomej<\/td><td>360\u00b0<\/td><td>&nbsp;<\/td><\/tr><tr><td>Szeroko\u015b\u0107 wi\u0105zki pionowej<\/td><td>28\u00b0<\/td><td>22\u00b0<\/td><\/tr><tr><td>Impedancja<\/td><td>50 om\u00f3w<\/td><td>&nbsp;<\/td><\/tr><tr><td>Maks. Moc wej\u015bciowa<\/td><td>100W<\/td><td>&nbsp;<\/td><\/tr><tr><td>Ochrona odgromowa<\/td><td>Uziemienie DC<\/td><td>&nbsp;<\/td><\/tr><tr><td><strong>Specyfikacje mechaniczne<\/strong><\/td><td>&nbsp;<\/td><td>&nbsp;<\/td><\/tr><tr><td>Z\u0142\u0105cze<\/td><td>3<a>\u00d7<\/a>SMA M\u0119skie<\/td><td>&nbsp;<\/td><\/tr><tr><td>Wymiar<\/td><td>\u00d8132\u00d7280mm<\/td><td>&nbsp;<\/td><\/tr><tr><td>Waga<\/td><td>0,5 kg<\/td><td>&nbsp;<\/td><\/tr><tr><td>Monta\u017c<\/td><td>Maszt \u00d840-\u00d860 mm<\/td><td>&nbsp;<\/td><\/tr><tr><td>Materia\u0142 kopu\u0142y<\/td><td>Odporno\u015b\u0107 na promieniowanie UV PVC<\/td><td>&nbsp;<\/td><\/tr><tr><td>Pr\u0119dko\u015b\u0107 wiatru<\/td><td>210 km\/h<\/td><td>&nbsp;<\/td><\/tr><tr><td>Temperatura pracy<\/td><td>-40\u2103 - +65\u2103<\/td><td>&nbsp;<\/td><\/tr><\/tbody><\/table><\/figure>","protected":false},"author":1,"featured_media":4788,"menu_order":0,"template":"","meta":{"_acf_changed":true},"product_cat":[242,335,327,247],"product_tag":[],"class_list":["post-2312","product","type-product","status-publish","has-post-thumbnail","hentry","product_cat-omnidirectional-wifi-antennas","product_cat-2-4-5-ghz-antennas","product_cat-dual-band-wifi-antennas","product_cat-mimo-omni-antennas"],"acf":{"_sku":"TOF-2458-8CV","product-image":[4788],"_price":"35","pdsms":null,"excerpt":"<ul>\r\n<li>Pasmo cz\u0119stotliwo\u015bci 2400-2500\/5150-5850MHz na ka\u017cdym porcie<\/li>\r\n<li>Rzeczywiste wzmocnienie: 5.5dBi@2.4GHz i 7.5dBi@5GHz<\/li>\r\n<li>Trzy niezale\u017cne anteny pionowe w jednej obudowie<\/li>\r\n<li>Monta\u017c na s\u0142upie zewn\u0119trznym<\/li>\r\n<li>Wytrzyma\u0142a obudowa anteny z tworzywa ABS chronionego przed promieniowaniem UV<\/li>\r\n<li>Wymiary: \u03a6132\u00d7280 mm<\/li>\r\n<li>Z\u0142\u0105cze m\u0119skie 3\u00d7SMA z kablem 30cm<\/li>\r\n<\/ul>","faqs":""},"_links":{"self":[{"href":"https:\/\/www.tesswave.com\/pl\/wp-json\/wp\/v2\/product\/2312","targetHints":{"allow":["GET"]}}],"collection":[{"href":"https:\/\/www.tesswave.com\/pl\/wp-json\/wp\/v2\/product"}],"about":[{"href":"https:\/\/www.tesswave.com\/pl\/wp-json\/wp\/v2\/types\/product"}],"author":[{"embeddable":true,"href":"https:\/\/www.tesswave.com\/pl\/wp-json\/wp\/v2\/users\/1"}],"acf:attachment":[{"embeddable":true,"href":"https:\/\/www.tesswave.com\/pl\/wp-json\/wp\/v2\/media\/4788"}],"wp:featuredmedia":[{"embeddable":true,"href":"https:\/\/www.tesswave.com\/pl\/wp-json\/wp\/v2\/media\/4788"}],"wp:attachment":[{"href":"https:\/\/www.tesswave.com\/pl\/wp-json\/wp\/v2\/media?parent=2312"}],"wp:term":[{"taxonomy":"product_cat","embeddable":true,"href":"https:\/\/www.tesswave.com\/pl\/wp-json\/wp\/v2\/product_cat?post=2312"},{"taxonomy":"product_tag","embeddable":true,"href":"https:\/\/www.tesswave.com\/pl\/wp-json\/wp\/v2\/product_tag?post=2312"}],"curies":[{"name":"wp","href":"https:\/\/api.w.org\/{rel}","templated":true}]}}