{"id":2316,"date":"2022-05-25T15:49:31","date_gmt":"2022-05-25T07:49:31","guid":{"rendered":"https:\/\/www.tesswave.com\/?post_type=product&#038;p=2316"},"modified":"2025-06-19T19:30:03","modified_gmt":"2025-06-19T11:30:03","slug":"2-4-5-ghz-6-port-mimo-omni-antenna","status":"publish","type":"product","link":"https:\/\/www.tesswave.com\/pl\/product\/2-4-5-ghz-6-port-mimo-omni-antenna\/","title":{"rendered":"Dwuzakresowa, 6-portowa, wielokierunkowa antena WiFi MIMO 2,4\/5 GHz"},"content":{"rendered":"<figure class=\"wp-block-table is-style-regular\"><table class=\"has-fixed-layout\"><tbody><tr><td><strong>Specyfikacje elektryczne<\/strong><\/td><td><\/td><\/tr><tr><td>Cz\u0119stotliwo\u015b\u0107-MHz<\/td><td>2400-2500\/5150-5850<\/td><\/tr><tr><td>Gain-dBi<\/td><td>5.5\/7.5<\/td><\/tr><tr><td>VSWR<\/td><td>&lt;1.5\/&lt;2<\/td><\/tr><tr><td>Polaryzacja<\/td><td>&nbsp;6\u00d7Vertical<\/td><\/tr><tr><td>Szeroko\u015b\u0107 wi\u0105zki poziomej<\/td><td>&nbsp;360\u00b0<\/td><\/tr><tr><td>Szeroko\u015b\u0107 wi\u0105zki pionowej<\/td><td>28\u00b0\/22\u00b0<\/td><\/tr><tr><td>Impedancja w omach<\/td><td>&nbsp;50<\/td><\/tr><tr><td>Maks. Moc wej\u015bciowa-W<\/td><td>&nbsp;100<\/td><\/tr><tr><td>Ochrona odgromowa<\/td><td>&nbsp;Uziemienie DC<\/td><\/tr><tr><td><strong>Specyfikacje mechaniczne<\/strong><\/td><td>&nbsp;<\/td><\/tr><tr><td>Z\u0142\u0105cze<\/td><td>6\u00d7SMA m\u0119ski<\/td><\/tr><tr><td>Wymiar-mm<\/td><td>&nbsp;\u00d8132\u00d7280<\/td><\/tr><tr><td>Waga-kg<\/td><td>&nbsp;0.7<\/td><\/tr><tr><td>Monta\u017c mm<\/td><td>&nbsp;Maszt \u00d840-\u00d860 <\/td><\/tr><tr><td>Materia\u0142 kopu\u0142y<\/td><td>&nbsp;Odporno\u015b\u0107 na promieniowanie UV PVC<\/td><\/tr><tr><td>Pr\u0119dko\u015b\u0107 wiatru<\/td><td>&nbsp;210 km\/h<\/td><\/tr><tr><td>Temperatura pracy<\/td><td>&nbsp;-40\u2103 - +65\u2103<\/td><\/tr><\/tbody><\/table><\/figure>","protected":false},"author":1,"featured_media":4789,"menu_order":0,"template":"","meta":{"_acf_changed":true},"product_cat":[247,335,327,242],"product_tag":[],"class_list":["post-2316","product","type-product","status-publish","has-post-thumbnail","hentry","product_cat-mimo-omni-antennas","product_cat-2-4-5-ghz-antennas","product_cat-dual-band-wifi-antennas","product_cat-omnidirectional-wifi-antennas"],"acf":{"_sku":"TOF-2458-8FV","product-image":[4789],"_price":"39","pdsms":null,"excerpt":"<ul>\r\n<li>Pasmo cz\u0119stotliwo\u015bci 2400-2500\/5150-5850MHz na ka\u017cdym porcie<\/li>\r\n<li>Sze\u015b\u0107 niezale\u017cnych anten pionowych w jednej obudowie<\/li>\r\n<li>Monta\u017c na s\u0142upie zewn\u0119trznym<\/li>\r\n<li>Wytrzyma\u0142a obudowa anteny z tworzywa ABS chronionego przed promieniowaniem UV<\/li>\r\n<li>Z\u0142\u0105cze m\u0119skie SMA lub inne opcje<\/li>\r\n<\/ul>","faqs":""},"_links":{"self":[{"href":"https:\/\/www.tesswave.com\/pl\/wp-json\/wp\/v2\/product\/2316","targetHints":{"allow":["GET"]}}],"collection":[{"href":"https:\/\/www.tesswave.com\/pl\/wp-json\/wp\/v2\/product"}],"about":[{"href":"https:\/\/www.tesswave.com\/pl\/wp-json\/wp\/v2\/types\/product"}],"author":[{"embeddable":true,"href":"https:\/\/www.tesswave.com\/pl\/wp-json\/wp\/v2\/users\/1"}],"acf:attachment":[{"embeddable":true,"href":"https:\/\/www.tesswave.com\/pl\/wp-json\/wp\/v2\/media\/4789"}],"wp:featuredmedia":[{"embeddable":true,"href":"https:\/\/www.tesswave.com\/pl\/wp-json\/wp\/v2\/media\/4789"}],"wp:attachment":[{"href":"https:\/\/www.tesswave.com\/pl\/wp-json\/wp\/v2\/media?parent=2316"}],"wp:term":[{"taxonomy":"product_cat","embeddable":true,"href":"https:\/\/www.tesswave.com\/pl\/wp-json\/wp\/v2\/product_cat?post=2316"},{"taxonomy":"product_tag","embeddable":true,"href":"https:\/\/www.tesswave.com\/pl\/wp-json\/wp\/v2\/product_tag?post=2316"}],"curies":[{"name":"wp","href":"https:\/\/api.w.org\/{rel}","templated":true}]}}