{"id":2338,"date":"2022-05-27T15:41:33","date_gmt":"2022-05-27T07:41:33","guid":{"rendered":"https:\/\/www.tesswave.com\/?post_type=product&#038;p=2338"},"modified":"2025-06-19T19:21:34","modified_gmt":"2025-06-19T11:21:34","slug":"800-900-mhz-13dbi-mimo-sector-antenna","status":"publish","type":"product","link":"https:\/\/www.tesswave.com\/pl\/product\/800-900-mhz-13dbi-mimo-sector-antenna\/","title":{"rendered":"824-960MHz 13dBi Antena sektorowa MIMO o polaryzacji krzy\u017cowej 120 stopni"},"content":{"rendered":"<figure class=\"wp-block-table is-style-regular\"><table class=\"has-fixed-layout\"><tbody><tr><td><strong>Specyfikacje elektryczne<\/strong><\/td><td>&nbsp;<\/td><\/tr><tr><td>Cz\u0119stotliwo\u015b\u0107<\/td><td>824-960 MHz<\/td><\/tr><tr><td>Zysk<\/td><td>13 dBi<\/td><\/tr><tr><td>VSWR<\/td><td>&lt;1.5<\/td><\/tr><tr><td>Polaryzacja<\/td><td>\u00b145\u00b0<\/td><\/tr><tr><td>Szeroko\u015b\u0107 wi\u0105zki poziomej<\/td><td>120\u00b0<\/td><\/tr><tr><td>Szeroko\u015b\u0107 wi\u0105zki pionowej<\/td><td>16\u00b0<\/td><\/tr><tr><td>Stosunek F\/B<\/td><td>\u226523dB<\/td><\/tr><tr><td>Izolacja<\/td><td>\u226528dB<\/td><\/tr><tr><td>Impedancja<\/td><td>50 om\u00f3w<\/td><\/tr><tr><td>Maks. Moc wej\u015bciowa<\/td><td>100W<\/td><\/tr><tr><td>Ochrona odgromowa<\/td><td>Uziemienie DC<\/td><\/tr><tr><td><strong>Specyfikacje mechaniczne<\/strong><\/td><td>&nbsp;<\/td><\/tr><tr><td>Z\u0142\u0105cze<\/td><td>2\u00d7N \u017ce\u0144ski<\/td><\/tr><tr><td>Wymiar<\/td><td>1200\u00d7290\u00d7130mm<\/td><\/tr><tr><td>Waga<\/td><td>3 kg<\/td><\/tr><tr><td>Monta\u017c<\/td><td>Maszt \u00d840-\u00d860 mm<\/td><\/tr><tr><td>Materia\u0142 kopu\u0142y<\/td><td>Odporno\u015b\u0107 na promieniowanie UV PVC<\/td><\/tr><tr><td>Pr\u0119dko\u015b\u0107 wiatru<\/td><td>210 km\/h<\/td><\/tr><tr><td>Temperatura pracy<\/td><td>-40\u2103 - +65\u2103<\/td><\/tr><\/tbody><\/table><\/figure>","protected":false},"author":1,"featured_media":5040,"menu_order":0,"template":"","meta":{"_acf_changed":true},"product_cat":[131,251],"product_tag":[],"class_list":["post-2338","product","type-product","status-publish","has-post-thumbnail","hentry","product_cat-mimo-sector-antennas","product_cat-2g-3g-sector-antennas"],"acf":{"_sku":"TSC-82960-13X120","product-image":[5040],"_price":"69","pdsms":null,"excerpt":"<ul>\r\n<li>Dzia\u0142a w pa\u015bmie cz\u0119stotliwo\u015bci 824-960MHz<\/li>\r\n<li>Nadaje si\u0119 do zastosowa\u0144 kom\u00f3rkowych, LoRa, RFID, ISM, Helium itp.<\/li>\r\n<li>Prawdziwe wzmocnienie 13dBi dla ka\u017cdego grzejnika<\/li>\r\n<li>120-stopniowa szeroko\u015b\u0107 wi\u0105zki 3dB w poziomie<\/li>\r\n<li>Podw\u00f3jna polaryzacja \u00b145<\/li>\r\n<li>Wytrzyma\u0142e wsporniki monta\u017cowe<\/li>\r\n<li>Wytrzyma\u0142a obudowa anteny z PVC chroniona przed promieniowaniem UV<\/li>\r\n<li>Wymiary: 1200\u00d7290\u00d7130mm<\/li>\r\n<li>Z\u0142\u0105cze \u017ce\u0144skie 2\u00d7N<\/li>\r\n<\/ul>","faqs":""},"_links":{"self":[{"href":"https:\/\/www.tesswave.com\/pl\/wp-json\/wp\/v2\/product\/2338","targetHints":{"allow":["GET"]}}],"collection":[{"href":"https:\/\/www.tesswave.com\/pl\/wp-json\/wp\/v2\/product"}],"about":[{"href":"https:\/\/www.tesswave.com\/pl\/wp-json\/wp\/v2\/types\/product"}],"author":[{"embeddable":true,"href":"https:\/\/www.tesswave.com\/pl\/wp-json\/wp\/v2\/users\/1"}],"acf:attachment":[{"embeddable":true,"href":"https:\/\/www.tesswave.com\/pl\/wp-json\/wp\/v2\/media\/5040"}],"wp:featuredmedia":[{"embeddable":true,"href":"https:\/\/www.tesswave.com\/pl\/wp-json\/wp\/v2\/media\/5040"}],"wp:attachment":[{"href":"https:\/\/www.tesswave.com\/pl\/wp-json\/wp\/v2\/media?parent=2338"}],"wp:term":[{"taxonomy":"product_cat","embeddable":true,"href":"https:\/\/www.tesswave.com\/pl\/wp-json\/wp\/v2\/product_cat?post=2338"},{"taxonomy":"product_tag","embeddable":true,"href":"https:\/\/www.tesswave.com\/pl\/wp-json\/wp\/v2\/product_tag?post=2338"}],"curies":[{"name":"wp","href":"https:\/\/api.w.org\/{rel}","templated":true}]}}