{"id":2342,"date":"2022-05-27T15:57:26","date_gmt":"2022-05-27T07:57:26","guid":{"rendered":"https:\/\/www.tesswave.com\/?post_type=product&#038;p=2342"},"modified":"2025-06-19T19:21:12","modified_gmt":"2025-06-19T11:21:12","slug":"2-4-ghz-14dbi-90-degree-mimo-sector-antenna","status":"publish","type":"product","link":"https:\/\/www.tesswave.com\/pl\/product\/2-4-ghz-14dbi-90-degree-mimo-sector-antenna\/","title":{"rendered":"2.4GHz 14dBi 90-stopniowa kierunkowa antena sektorowa 2\u00d72 MIMO"},"content":{"rendered":"<figure class=\"wp-block-table is-style-regular\"><table class=\"has-fixed-layout\"><tbody><tr><td><strong>Specyfikacje elektryczne<\/strong><\/td><td>&nbsp;<\/td><\/tr><tr><td>Cz\u0119stotliwo\u015b\u0107<\/td><td>2400-2500 MHz<\/td><\/tr><tr><td>Zysk<\/td><td>14 dBi<\/td><\/tr><tr><td>VSWR<\/td><td>&lt;1.5<\/td><\/tr><tr><td>Polaryzacja<\/td><td>Poziomy i pionowy<\/td><\/tr><tr><td>Szeroko\u015b\u0107 wi\u0105zki poziomej<\/td><td>90\u00b0<\/td><\/tr><tr><td>Szeroko\u015b\u0107 wi\u0105zki pionowej<\/td><td>16\u00b0<\/td><\/tr><tr><td>Stosunek F\/B<\/td><td>\u226520dB<\/td><\/tr><tr><td>Izolacja<\/td><td>\u226528dB<\/td><\/tr><tr><td>Impedancja<\/td><td>50 om\u00f3w<\/td><\/tr><tr><td>Maks. Moc wej\u015bciowa<\/td><td>100W<\/td><\/tr><tr><td>Ochrona odgromowa<\/td><td>Uziemienie DC<\/td><\/tr><tr><td><strong>Specyfikacje mechaniczne<\/strong><\/td><td>&nbsp;<\/td><\/tr><tr><td>Z\u0142\u0105cze<\/td><td>2\u00d7N \u017ce\u0144ski<\/td><\/tr><tr><td>Wymiar<\/td><td>540\u00d7134\u00d764mm<\/td><\/tr><tr><td>Waga<\/td><td>2 kg<\/td><\/tr><tr><td>Monta\u017c<\/td><td>Maszt \u00d840-\u00d860 mm<\/td><\/tr><tr><td>Materia\u0142 kopu\u0142y<\/td><td>Odporno\u015b\u0107 na promieniowanie UV PVC<\/td><\/tr><tr><td>Pr\u0119dko\u015b\u0107 wiatru<\/td><td>210 km\/h<\/td><\/tr><tr><td>Temperatura pracy<\/td><td>-40\u2103 - +65\u2103<\/td><\/tr><\/tbody><\/table><\/figure>","protected":false},"author":1,"featured_media":5038,"menu_order":0,"template":"","meta":{"_acf_changed":true},"product_cat":[131,332,244],"product_tag":[],"class_list":["post-2342","product","type-product","status-publish","has-post-thumbnail","hentry","product_cat-mimo-sector-antennas","product_cat-2-4-ghz-antennas","product_cat-sector-wifi-antennas"],"acf":{"_sku":"TSC-2400-14D90","product-image":[5038],"_price":"42","pdsms":null,"excerpt":"<ul>\r\n<li>Dzia\u0142a w pa\u015bmie cz\u0119stotliwo\u015bci 2400-2483MHz dla WiFi<\/li>\r\n<li>Szeroko\u015b\u0107 wi\u0105zki poziomej 90 stopni 3db<\/li>\r\n<li>Prawdziwe wzmocnienie 14dBi dla ka\u017cdego grzejnika<\/li>\r\n<li>Podw\u00f3jna polaryzacja V\/H<\/li>\r\n<li>Monta\u017c na s\u0142upie zewn\u0119trznym<\/li>\r\n<li>Wytrzyma\u0142e wsporniki monta\u017cowe<\/li>\r\n<li>Wytrzyma\u0142a obudowa anteny z PVC chroniona przed promieniowaniem UV<\/li>\r\n<li>Wymiary: 540\u00d7134\u00d764mm<\/li>\r\n<li>2*Z\u0142\u0105cze \u017ce\u0144skie N<\/li>\r\n<\/ul>","faqs":""},"_links":{"self":[{"href":"https:\/\/www.tesswave.com\/pl\/wp-json\/wp\/v2\/product\/2342","targetHints":{"allow":["GET"]}}],"collection":[{"href":"https:\/\/www.tesswave.com\/pl\/wp-json\/wp\/v2\/product"}],"about":[{"href":"https:\/\/www.tesswave.com\/pl\/wp-json\/wp\/v2\/types\/product"}],"author":[{"embeddable":true,"href":"https:\/\/www.tesswave.com\/pl\/wp-json\/wp\/v2\/users\/1"}],"acf:attachment":[{"embeddable":true,"href":"https:\/\/www.tesswave.com\/pl\/wp-json\/wp\/v2\/media\/5038"}],"wp:featuredmedia":[{"embeddable":true,"href":"https:\/\/www.tesswave.com\/pl\/wp-json\/wp\/v2\/media\/5038"}],"wp:attachment":[{"href":"https:\/\/www.tesswave.com\/pl\/wp-json\/wp\/v2\/media?parent=2342"}],"wp:term":[{"taxonomy":"product_cat","embeddable":true,"href":"https:\/\/www.tesswave.com\/pl\/wp-json\/wp\/v2\/product_cat?post=2342"},{"taxonomy":"product_tag","embeddable":true,"href":"https:\/\/www.tesswave.com\/pl\/wp-json\/wp\/v2\/product_tag?post=2342"}],"curies":[{"name":"wp","href":"https:\/\/api.w.org\/{rel}","templated":true}]}}