{"id":2348,"date":"2022-05-27T17:27:10","date_gmt":"2022-05-27T09:27:10","guid":{"rendered":"https:\/\/www.tesswave.com\/?post_type=product&#038;p=2348"},"modified":"2025-06-19T19:18:53","modified_gmt":"2025-06-19T11:18:53","slug":"2-4-5-ghz-mimo-parabolic-dish-antenna","status":"publish","type":"product","link":"https:\/\/www.tesswave.com\/pl\/product\/2-4-5-ghz-mimo-parabolic-dish-antenna\/","title":{"rendered":"5GHz 32dBi Zewn\u0119trzna kierunkowa antena paraboliczna MIMO o wysokim wzmocnieniu"},"content":{"rendered":"<figure class=\"wp-block-table is-style-regular\"><table class=\"has-fixed-layout\"><tbody><tr><td><strong>Specyfikacje elektryczne<\/strong><\/td><td><\/td><\/tr><tr><td>Cz\u0119stotliwo\u015b\u0107<\/td><td>4900-5850 MHz<\/td><\/tr><tr><td>Zysk<\/td><td>32 dBi<\/td><\/tr><tr><td>VSWR<\/td><td>&lt;1.5<\/td><\/tr><tr><td>Polaryzacja<\/td><td>Poziomy i pionowy<\/td><\/tr><tr><td>Szeroko\u015b\u0107 wi\u0105zki poziomej<\/td><td>3.3\u00b0<\/td><\/tr><tr><td>Szeroko\u015b\u0107 wi\u0105zki pionowej<\/td><td>3.3\u00b0<\/td><\/tr><tr><td>Stosunek F\/B<\/td><td>\u226540dB<\/td><\/tr><tr><td>Izolacja<\/td><td>\u226522dB<\/td><\/tr><tr><td>Impedancja<\/td><td>50 \u03a9<\/td><\/tr><tr><td>Maks. Moc wej\u015bciowa<\/td><td>100W<\/td><\/tr><tr><td>Ochrona odgromowa<\/td><td>Uziemienie DC<\/td><\/tr><tr><td><strong>Specyfikacje mechaniczne<\/strong><\/td><td>&nbsp;<\/td><\/tr><tr><td>Z\u0142\u0105cze<\/td><td>2xN \u017ce\u0144ski<\/td><\/tr><tr><td>Wymiar<\/td><td>\u00d8900mm<\/td><\/tr><tr><td>Waga<\/td><td>5,5 kg<\/td><\/tr><tr><td>Monta\u017c<\/td><td>Maszt \u00d840-\u00d860 mm<\/td><\/tr><tr><td>Pr\u0119dko\u015b\u0107 wiatru<\/td><td>210 km\/h<\/td><\/tr><tr><td>Temperatura pracy<\/td><td>-40\u2103 - +65\u2103<\/td><\/tr><\/tbody><\/table><\/figure>","protected":false},"author":1,"featured_media":5138,"menu_order":0,"template":"","meta":{"_acf_changed":true},"product_cat":[248,334,246],"product_tag":[],"class_list":["post-2348","product","type-product","status-publish","has-post-thumbnail","hentry","product_cat-mimo-parabolic-antennas","product_cat-5-ghz-antennas","product_cat-parabolic-wifi-antennas"],"acf":{"_sku":"TDC-4958-32D9","product-image":[5138],"_price":"89","pdsms":null,"excerpt":"<ul>\r\n<li>Dzia\u0142a w pa\u015bmie cz\u0119stotliwo\u015bci 4900-5850MHz dla WiFi<\/li>\r\n<li>Prawdziwie wysokie wzmocnienie dla ka\u017cdego promiennika<\/li>\r\n<li>Podw\u00f3jna polaryzacja V\/H<\/li>\r\n<li>Monta\u017c na s\u0142upie zewn\u0119trznym<\/li>\r\n<li>Wytrzyma\u0142e wsporniki monta\u017cowe<\/li>\r\n<li>N Z\u0142\u0105cze \u017ce\u0144skie<\/li>\r\n<\/ul>","faqs":""},"_links":{"self":[{"href":"https:\/\/www.tesswave.com\/pl\/wp-json\/wp\/v2\/product\/2348","targetHints":{"allow":["GET"]}}],"collection":[{"href":"https:\/\/www.tesswave.com\/pl\/wp-json\/wp\/v2\/product"}],"about":[{"href":"https:\/\/www.tesswave.com\/pl\/wp-json\/wp\/v2\/types\/product"}],"author":[{"embeddable":true,"href":"https:\/\/www.tesswave.com\/pl\/wp-json\/wp\/v2\/users\/1"}],"acf:attachment":[{"embeddable":true,"href":"https:\/\/www.tesswave.com\/pl\/wp-json\/wp\/v2\/media\/5138"}],"wp:featuredmedia":[{"embeddable":true,"href":"https:\/\/www.tesswave.com\/pl\/wp-json\/wp\/v2\/media\/5138"}],"wp:attachment":[{"href":"https:\/\/www.tesswave.com\/pl\/wp-json\/wp\/v2\/media?parent=2348"}],"wp:term":[{"taxonomy":"product_cat","embeddable":true,"href":"https:\/\/www.tesswave.com\/pl\/wp-json\/wp\/v2\/product_cat?post=2348"},{"taxonomy":"product_tag","embeddable":true,"href":"https:\/\/www.tesswave.com\/pl\/wp-json\/wp\/v2\/product_tag?post=2348"}],"curies":[{"name":"wp","href":"https:\/\/api.w.org\/{rel}","templated":true}]}}