{"id":2357,"date":"2022-05-27T17:44:09","date_gmt":"2022-05-27T09:44:09","guid":{"rendered":"https:\/\/www.tesswave.com\/?post_type=product&#038;p=2357"},"modified":"2025-06-19T19:17:38","modified_gmt":"2025-06-19T11:17:38","slug":"2-4-ghz-22dbi-mimo-parabolic-antenna","status":"publish","type":"product","link":"https:\/\/www.tesswave.com\/pl\/product\/2-4-ghz-22dbi-mimo-parabolic-antenna\/","title":{"rendered":"2.4GHz 22dBi Zewn\u0119trzna antena paraboliczna o wysokim zysku i podw\u00f3jnej polaryzacji 2 \u00d7 2 MIMO"},"content":{"rendered":"<figure class=\"wp-block-table is-style-regular\"><table class=\"has-fixed-layout\"><tbody><tr><td><strong>Specyfikacje elektryczne<\/strong><\/td><td><\/td><\/tr><tr><td>Cz\u0119stotliwo\u015b\u0107-MHz<\/td><td>2400-2500<\/td><\/tr><tr><td>Gain-dBi<\/td><td>22<\/td><\/tr><tr><td>VSWR<\/td><td>&lt;1.5<\/td><\/tr><tr><td>Polaryzacja<\/td><td>Poziomy i pionowy<\/td><\/tr><tr><td>Szeroko\u015b\u0107 wi\u0105zki poziomej<\/td><td>13\u00b0<\/td><\/tr><tr><td>Szeroko\u015b\u0107 wi\u0105zki pionowej<\/td><td>13\u00b0<\/td><\/tr><tr><td>Wsp\u00f3\u0142czynnik F\/B-dB<\/td><td>\u226530<\/td><\/tr><tr><td>Impedancja w omach<\/td><td>50 <\/td><\/tr><tr><td>Maks. Moc wej\u015bciowa-W<\/td><td>100<\/td><\/tr><tr><td>Ochrona odgromowa<\/td><td>Uziemienie DC<\/td><\/tr><tr><td><strong>Specyfikacje mechaniczne<\/strong><\/td><td>&nbsp;<\/td><\/tr><tr><td>Z\u0142\u0105cze<\/td><td>2\u00d7N \u017ce\u0144ski<\/td><\/tr><tr><td>Wymiar-mm<\/td><td>\u00d8600<\/td><\/tr><tr><td>Waga-kg<\/td><td>5<\/td><\/tr><tr><td>Monta\u017c mm<\/td><td>Maszt \u00d840-\u00d860 <\/td><\/tr><tr><td>Pr\u0119dko\u015b\u0107 wiatru<\/td><td>210 km\/h<\/td><\/tr><tr><td>Temperatura pracy<\/td><td>-40\u2103 - +65\u2103<\/td><\/tr><\/tbody><\/table><\/figure>","protected":false},"author":1,"featured_media":5132,"menu_order":0,"template":"","meta":{"_acf_changed":true},"product_cat":[246,332,248],"product_tag":[],"class_list":["post-2357","product","type-product","status-publish","has-post-thumbnail","hentry","product_cat-parabolic-wifi-antennas","product_cat-2-4-ghz-antennas","product_cat-mimo-parabolic-antennas"],"acf":{"_sku":"TDC-2400-22D6","product-image":[5132],"_price":"59","pdsms":null,"excerpt":"<ul>\r\n<li>Dzia\u0142a w pa\u015bmie cz\u0119stotliwo\u015bci 2400-2483MHz dla WiFi<\/li>\r\n<li>Konstrukcja o wysokim wzmocnieniu<\/li>\r\n<li>Podw\u00f3jna polaryzacja V\/H<\/li>\r\n<li>Monta\u017c na s\u0142upie zewn\u0119trznym<\/li>\r\n<li>Wytrzyma\u0142e wsporniki monta\u017cowe<\/li>\r\n<li>N Z\u0142\u0105cze \u017ce\u0144skie<\/li>\r\n<\/ul>","faqs":""},"_links":{"self":[{"href":"https:\/\/www.tesswave.com\/pl\/wp-json\/wp\/v2\/product\/2357","targetHints":{"allow":["GET"]}}],"collection":[{"href":"https:\/\/www.tesswave.com\/pl\/wp-json\/wp\/v2\/product"}],"about":[{"href":"https:\/\/www.tesswave.com\/pl\/wp-json\/wp\/v2\/types\/product"}],"author":[{"embeddable":true,"href":"https:\/\/www.tesswave.com\/pl\/wp-json\/wp\/v2\/users\/1"}],"acf:attachment":[{"embeddable":true,"href":"https:\/\/www.tesswave.com\/pl\/wp-json\/wp\/v2\/media\/5132"}],"wp:featuredmedia":[{"embeddable":true,"href":"https:\/\/www.tesswave.com\/pl\/wp-json\/wp\/v2\/media\/5132"}],"wp:attachment":[{"href":"https:\/\/www.tesswave.com\/pl\/wp-json\/wp\/v2\/media?parent=2357"}],"wp:term":[{"taxonomy":"product_cat","embeddable":true,"href":"https:\/\/www.tesswave.com\/pl\/wp-json\/wp\/v2\/product_cat?post=2357"},{"taxonomy":"product_tag","embeddable":true,"href":"https:\/\/www.tesswave.com\/pl\/wp-json\/wp\/v2\/product_tag?post=2357"}],"curies":[{"name":"wp","href":"https:\/\/api.w.org\/{rel}","templated":true}]}}