{"id":2360,"date":"2022-05-27T17:46:41","date_gmt":"2022-05-27T09:46:41","guid":{"rendered":"https:\/\/www.tesswave.com\/?post_type=product&#038;p=2360"},"modified":"2025-06-19T19:17:19","modified_gmt":"2025-06-19T11:17:19","slug":"2-4-ghz-18dbi-mimo-dish-antenna","status":"publish","type":"product","link":"https:\/\/www.tesswave.com\/pl\/product\/2-4-ghz-18dbi-mimo-dish-antenna\/","title":{"rendered":"2.4GHz 18dBi Podw\u00f3jna polaryzacja 2\u00d72 MIMO Paraboliczna antena kierunkowa Dish"},"content":{"rendered":"<figure class=\"wp-block-table is-style-regular\"><table class=\"has-fixed-layout\"><tbody><tr><td><strong>Specyfikacje elektryczne<\/strong><\/td><td>&nbsp;<\/td><\/tr><tr><td>Cz\u0119stotliwo\u015b\u0107<\/td><td>2400-2500 MHz<\/td><\/tr><tr><td>Zysk<\/td><td>18 dBi<\/td><\/tr><tr><td>VSWR<\/td><td>&lt;1.5<\/td><\/tr><tr><td>Polaryzacja<\/td><td>Poziomy i pionowy<\/td><\/tr><tr><td>Szeroko\u015b\u0107 wi\u0105zki poziomej<\/td><td>18\u00b0<\/td><\/tr><tr><td>Szeroko\u015b\u0107 wi\u0105zki pionowej<\/td><td>19\u00b0<\/td><\/tr><tr><td>Stosunek F\/B<\/td><td>\u226525dB<\/td><\/tr><tr><td>Impedancja<\/td><td>50 om\u00f3w<\/td><\/tr><tr><td>Maks. Moc wej\u015bciowa<\/td><td>100W<\/td><\/tr><tr><td>Ochrona odgromowa<\/td><td>Uziemienie DC<\/td><\/tr><tr><td><strong>Specyfikacje mechaniczne<\/strong><\/td><td>&nbsp;<\/td><\/tr><tr><td>Z\u0142\u0105cze<\/td><td>2\u00d7N \u017ce\u0144ski<\/td><\/tr><tr><td>Wymiar<\/td><td>\u00d8400mm<\/td><\/tr><tr><td>Waga<\/td><td>1,9 kg<\/td><\/tr><tr><td>Monta\u017c<\/td><td>Maszt \u00d840-\u00d860 mm<\/td><\/tr><tr><td>Pr\u0119dko\u015b\u0107 wiatru<\/td><td>210 km\/h<\/td><\/tr><tr><td>Temperatura pracy<\/td><td>-40\u2103 - +65\u2103<\/td><\/tr><\/tbody><\/table><\/figure>","protected":false},"author":1,"featured_media":5130,"menu_order":0,"template":"","meta":{"_acf_changed":true},"product_cat":[246,332,248],"product_tag":[],"class_list":["post-2360","product","type-product","status-publish","has-post-thumbnail","hentry","product_cat-parabolic-wifi-antennas","product_cat-2-4-ghz-antennas","product_cat-mimo-parabolic-antennas"],"acf":{"_sku":"TDC-2400-18D4","product-image":[5130],"_price":"45","pdsms":null,"excerpt":"<ul>\r\n<li>Dzia\u0142a w pa\u015bmie cz\u0119stotliwo\u015bci 2400-2483MHz dla WiFi<\/li>\r\n<li>Prawdziwe wzmocnienie 18dBi dla ka\u017cdego grzejnika<\/li>\r\n<li>Podw\u00f3jna polaryzacja V\/H<\/li>\r\n<li>Monta\u017c na s\u0142upie zewn\u0119trznym<\/li>\r\n<li>Wytrzyma\u0142e wsporniki monta\u017cowe<\/li>\r\n<li>Wymiary: \u03a6400 mm<\/li>\r\n<li>N Z\u0142\u0105cze \u017ce\u0144skie<\/li>\r\n<\/ul>","faqs":""},"_links":{"self":[{"href":"https:\/\/www.tesswave.com\/pl\/wp-json\/wp\/v2\/product\/2360","targetHints":{"allow":["GET"]}}],"collection":[{"href":"https:\/\/www.tesswave.com\/pl\/wp-json\/wp\/v2\/product"}],"about":[{"href":"https:\/\/www.tesswave.com\/pl\/wp-json\/wp\/v2\/types\/product"}],"author":[{"embeddable":true,"href":"https:\/\/www.tesswave.com\/pl\/wp-json\/wp\/v2\/users\/1"}],"acf:attachment":[{"embeddable":true,"href":"https:\/\/www.tesswave.com\/pl\/wp-json\/wp\/v2\/media\/5130"}],"wp:featuredmedia":[{"embeddable":true,"href":"https:\/\/www.tesswave.com\/pl\/wp-json\/wp\/v2\/media\/5130"}],"wp:attachment":[{"href":"https:\/\/www.tesswave.com\/pl\/wp-json\/wp\/v2\/media?parent=2360"}],"wp:term":[{"taxonomy":"product_cat","embeddable":true,"href":"https:\/\/www.tesswave.com\/pl\/wp-json\/wp\/v2\/product_cat?post=2360"},{"taxonomy":"product_tag","embeddable":true,"href":"https:\/\/www.tesswave.com\/pl\/wp-json\/wp\/v2\/product_tag?post=2360"}],"curies":[{"name":"wp","href":"https:\/\/api.w.org\/{rel}","templated":true}]}}