{"id":2363,"date":"2022-05-27T21:10:13","date_gmt":"2022-05-27T13:10:13","guid":{"rendered":"https:\/\/www.tesswave.com\/?post_type=product&#038;p=2363"},"modified":"2025-06-19T19:17:00","modified_gmt":"2025-06-19T11:17:00","slug":"5ghz-13dbi-mimo-omnidirectional-antenna","status":"publish","type":"product","link":"https:\/\/www.tesswave.com\/pl\/product\/5ghz-13dbi-mimo-omnidirectional-antenna\/","title":{"rendered":"5GHz 13dBi Zewn\u0119trzna antena dook\u00f3lna MIMO o wysokim wzmocnieniu"},"content":{"rendered":"<figure class=\"wp-block-table is-style-regular\"><table class=\"has-fixed-layout\"><tbody><tr><td><strong>Specyfikacje elektryczne<\/strong><\/td><td><\/td><\/tr><tr><td>Cz\u0119stotliwo\u015b\u0107-MHz<\/td><td>5150-5850 <\/td><\/tr><tr><td>Gain-dBi<\/td><td>13<\/td><\/tr><tr><td>VSWR<\/td><td>&lt;2<\/td><\/tr><tr><td>Polaryzacja<\/td><td>Poziomy i pionowy<\/td><\/tr><tr><td>Szeroko\u015b\u0107 wi\u0105zki poziomej<\/td><td>360\u00b0<\/td><\/tr><tr><td>Szeroko\u015b\u0107 wi\u0105zki pionowej<\/td><td>7.5\u00b0<\/td><\/tr><tr><td>Impedancja w omach<\/td><td>50<\/td><\/tr><tr><td>Maks. Moc wej\u015bciowa-W<\/td><td>100<\/td><\/tr><tr><td>Ochrona odgromowa<\/td><td>Uziemienie DC<\/td><\/tr><tr><td><strong>Specyfikacje mechaniczne<\/strong><\/td><td>&nbsp;<\/td><\/tr><tr><td>Z\u0142\u0105cze<\/td><td>2\u00d7N \u017ce\u0144ski<\/td><\/tr><tr><td>Wymiar-mm<\/td><td>\u00d884\u00d7600<\/td><\/tr><tr><td>Waga<\/td><td>0,7 kg<\/td><\/tr><tr><td>Monta\u017c mm<\/td><td>Maszt \u00d840-\u00d860<\/td><\/tr><tr><td>Materia\u0142 kopu\u0142y<\/td><td>Odporno\u015b\u0107 na promieniowanie UV PVC<\/td><\/tr><tr><td>Pr\u0119dko\u015b\u0107 wiatru<\/td><td>210 km\/h<\/td><\/tr><tr><td>Temperatura pracy<\/td><td>-40\u2103 - +65\u2103<\/td><\/tr><\/tbody><\/table><\/figure>","protected":false},"author":1,"featured_media":5127,"menu_order":0,"template":"","meta":{"_acf_changed":true},"product_cat":[247,334,242],"product_tag":[],"class_list":["post-2363","product","type-product","status-publish","has-post-thumbnail","hentry","product_cat-mimo-omni-antennas","product_cat-5-ghz-antennas","product_cat-omnidirectional-wifi-antennas"],"acf":{"_sku":"TOF-5158-13D","product-image":[5127],"_price":"49","pdsms":null,"excerpt":"<ul>\r\n<li>Cz\u0119stotliwo\u015b\u0107: 5150-5850MHz<\/li>\r\n<li>Wysokie wzmocnienie dla ka\u017cdego portu<\/li>\r\n<li>Dwa niezale\u017cne elementy anteny w jednej kopule anteny<\/li>\r\n<li>Podw\u00f3jna polaryzacja pionowa i pozioma<\/li>\r\n<li>Zewn\u0119trzny monta\u017c na s\u0142upie lub na \u015bcianie<\/li>\r\n<li>Wielokierunkowe promieniowanie sygna\u0142u 360\u00b0 dla aplikacji punkt-wielopunkt<\/li>\r\n<li>Wytrzyma\u0142a, odporna na warunki atmosferyczne i promieniowanie UV obudowa anteny z PVC<\/li>\r\n<li>Zintegrowane z\u0142\u0105cze \u017ce\u0144skie 2\u00d7N<\/li>\r\n<\/ul>","faqs":""},"_links":{"self":[{"href":"https:\/\/www.tesswave.com\/pl\/wp-json\/wp\/v2\/product\/2363","targetHints":{"allow":["GET"]}}],"collection":[{"href":"https:\/\/www.tesswave.com\/pl\/wp-json\/wp\/v2\/product"}],"about":[{"href":"https:\/\/www.tesswave.com\/pl\/wp-json\/wp\/v2\/types\/product"}],"author":[{"embeddable":true,"href":"https:\/\/www.tesswave.com\/pl\/wp-json\/wp\/v2\/users\/1"}],"acf:attachment":[{"embeddable":true,"href":"https:\/\/www.tesswave.com\/pl\/wp-json\/wp\/v2\/media\/5127"}],"wp:featuredmedia":[{"embeddable":true,"href":"https:\/\/www.tesswave.com\/pl\/wp-json\/wp\/v2\/media\/5127"}],"wp:attachment":[{"href":"https:\/\/www.tesswave.com\/pl\/wp-json\/wp\/v2\/media?parent=2363"}],"wp:term":[{"taxonomy":"product_cat","embeddable":true,"href":"https:\/\/www.tesswave.com\/pl\/wp-json\/wp\/v2\/product_cat?post=2363"},{"taxonomy":"product_tag","embeddable":true,"href":"https:\/\/www.tesswave.com\/pl\/wp-json\/wp\/v2\/product_tag?post=2363"}],"curies":[{"name":"wp","href":"https:\/\/api.w.org\/{rel}","templated":true}]}}