{"id":2379,"date":"2022-05-27T21:36:04","date_gmt":"2022-05-27T13:36:04","guid":{"rendered":"https:\/\/www.tesswave.com\/?post_type=product&#038;p=2379"},"modified":"2025-06-19T19:15:32","modified_gmt":"2025-06-19T11:15:32","slug":"3-5-ghz-17dbi-mimo-panel-antenna","status":"publish","type":"product","link":"https:\/\/www.tesswave.com\/pl\/product\/3-5-ghz-17dbi-mimo-panel-antenna\/","title":{"rendered":"3.3-3.8GHz 17dBi Podw\u00f3jnie spolaryzowana kierunkowa antena panelowa 2\u00d72 MIMO WiMax"},"content":{"rendered":"<figure class=\"wp-block-table is-style-regular\"><table class=\"has-fixed-layout\"><tbody><tr><td><strong>Specyfikacje elektryczne<\/strong><\/td><td>&nbsp;<\/td><\/tr><tr><td>Cz\u0119stotliwo\u015b\u0107<\/td><td>3300-3800 MHz<\/td><\/tr><tr><td>Zysk<\/td><td>17 dBi<\/td><\/tr><tr><td>VSWR<\/td><td>&lt;1.8<\/td><\/tr><tr><td>Polaryzacja<\/td><td>Poziomy i pionowy<\/td><\/tr><tr><td>Szeroko\u015b\u0107 wi\u0105zki poziomej<\/td><td>22\u00b0<\/td><\/tr><tr><td>Szeroko\u015b\u0107 wi\u0105zki pionowej<\/td><td>21\u00b0<\/td><\/tr><tr><td>Stosunek F\/B<\/td><td>\u226520dB<\/td><\/tr><tr><td>Izolacja<\/td><td>\u226528dB<\/td><\/tr><tr><td>Impedancja<\/td><td>50 om\u00f3w<\/td><\/tr><tr><td>Maks. Moc wej\u015bciowa<\/td><td>100W<\/td><\/tr><tr><td>Ochrona odgromowa<\/td><td>Uziemienie DC<\/td><\/tr><tr><td><strong>Specyfikacje mechaniczne<\/strong><\/td><td>&nbsp;<\/td><\/tr><tr><td>Z\u0142\u0105cze<\/td><td>2xN \u017ce\u0144ski<\/td><\/tr><tr><td>Wymiar<\/td><td>250x250x40mm<\/td><\/tr><tr><td>Waga<\/td><td>0,5 kg<\/td><\/tr><tr><td>Monta\u017c<\/td><td>Maszt \u00d840-\u00d860 mm<\/td><\/tr><tr><td>Materia\u0142 kopu\u0142y<\/td><td>ABS<\/td><\/tr><tr><td>Pr\u0119dko\u015b\u0107 wiatru<\/td><td>210 km\/h<\/td><\/tr><tr><td>Temperatura pracy<\/td><td>-40\u2103 - +65\u2103<\/td><\/tr><\/tbody><\/table><\/figure>","protected":false},"author":1,"featured_media":5088,"menu_order":0,"template":"","meta":{"_acf_changed":true},"product_cat":[128,333,260],"product_tag":[],"class_list":["post-2379","product","type-product","status-publish","has-post-thumbnail","hentry","product_cat-mimo-panel-antennas","product_cat-3-ghz-antennas","product_cat-panel-wimax-antennas"],"acf":{"_sku":"TPC-3338-17D","product-image":[5088],"_price":"29","pdsms":null,"excerpt":"<ul>\r\n<li>Dzia\u0142a w pa\u015bmie cz\u0119stotliwo\u015bci 3300-3800MHz<\/li>\r\n<li>Wysokie wzmocnienie True 17dBi<\/li>\r\n<li>W\u0105ska wi\u0105zka kierunkowa do po\u0142\u0105cze\u0144 punkt-punkt<\/li>\r\n<li>Monta\u017c na s\u0142upie zewn\u0119trznym<\/li>\r\n<li>Wytrzyma\u0142a, odporna na warunki atmosferyczne obudowa anteny z tworzywa ABS<\/li>\r\n<li>Wymiary: 250\u00d7250\u00d740 mm<\/li>\r\n<li>Z\u0142\u0105cze \u017ce\u0144skie 2\u00d7N<\/li>\r\n<li>Odporno\u015b\u0107 na deszcz i py\u0142 IP55<\/li>\r\n<\/ul>","faqs":""},"_links":{"self":[{"href":"https:\/\/www.tesswave.com\/pl\/wp-json\/wp\/v2\/product\/2379","targetHints":{"allow":["GET"]}}],"collection":[{"href":"https:\/\/www.tesswave.com\/pl\/wp-json\/wp\/v2\/product"}],"about":[{"href":"https:\/\/www.tesswave.com\/pl\/wp-json\/wp\/v2\/types\/product"}],"author":[{"embeddable":true,"href":"https:\/\/www.tesswave.com\/pl\/wp-json\/wp\/v2\/users\/1"}],"acf:attachment":[{"embeddable":true,"href":"https:\/\/www.tesswave.com\/pl\/wp-json\/wp\/v2\/media\/5088"}],"wp:featuredmedia":[{"embeddable":true,"href":"https:\/\/www.tesswave.com\/pl\/wp-json\/wp\/v2\/media\/5088"}],"wp:attachment":[{"href":"https:\/\/www.tesswave.com\/pl\/wp-json\/wp\/v2\/media?parent=2379"}],"wp:term":[{"taxonomy":"product_cat","embeddable":true,"href":"https:\/\/www.tesswave.com\/pl\/wp-json\/wp\/v2\/product_cat?post=2379"},{"taxonomy":"product_tag","embeddable":true,"href":"https:\/\/www.tesswave.com\/pl\/wp-json\/wp\/v2\/product_tag?post=2379"}],"curies":[{"name":"wp","href":"https:\/\/api.w.org\/{rel}","templated":true}]}}