{"id":2429,"date":"2022-05-30T14:45:28","date_gmt":"2022-05-30T06:45:28","guid":{"rendered":"https:\/\/www.tesswave.com\/?post_type=product&#038;p=2429"},"modified":"2025-06-19T19:06:52","modified_gmt":"2025-06-19T11:06:52","slug":"800-900-mhz-6-5-dbi-outdoor-omni-antenna","status":"publish","type":"product","link":"https:\/\/www.tesswave.com\/pl\/product\/800-900-mhz-6-5-dbi-outdoor-omni-antenna\/","title":{"rendered":"824-960MHz 6.5dBi Zewn\u0119trzna dook\u00f3lna antena stacji bazowej z w\u0142\u00f3kna szklanego"},"content":{"rendered":"<figure class=\"wp-block-table is-style-regular\"><table class=\"has-fixed-layout\"><tbody><tr><td><strong>Specyfikacje elektryczne<\/strong><\/td><td>&nbsp;<\/td><\/tr><tr><td>Cz\u0119stotliwo\u015b\u0107<\/td><td>824-960 MHz<\/td><\/tr><tr><td>Zysk<\/td><td>6.5 dBi<\/td><\/tr><tr><td>VSWR<\/td><td>&lt;1.8<\/td><\/tr><tr><td>Polaryzacja<\/td><td>Pionowy<\/td><\/tr><tr><td>Szeroko\u015b\u0107 wi\u0105zki poziomej<\/td><td>360\u00b0<\/td><\/tr><tr><td>Szeroko\u015b\u0107 wi\u0105zki pionowej<\/td><td>30\u00b0<\/td><\/tr><tr><td>Impedancja<\/td><td>50 om\u00f3w<\/td><\/tr><tr><td>Maks. Moc wej\u015bciowa<\/td><td>100W<\/td><\/tr><tr><td>Ochrona odgromowa<\/td><td>Uziemienie DC<\/td><\/tr><tr><td><strong>Specyfikacje mechaniczne<\/strong><\/td><td>&nbsp;<\/td><\/tr><tr><td>Z\u0142\u0105cze<\/td><td>N Kobieta<\/td><\/tr><tr><td>Wymiar<\/td><td>\u00d820\u00d7965mm<\/td><\/tr><tr><td>Waga<\/td><td>0,7 kg<\/td><\/tr><tr><td>Monta\u017c<\/td><td>Maszt \u00d840-\u00d860 mm<\/td><\/tr><tr><td>Materia\u0142 kopu\u0142y<\/td><td>W\u0142\u00f3kno szklane (bia\u0142e)<\/td><\/tr><tr><td>Pr\u0119dko\u015b\u0107 wiatru<\/td><td>210 km\/h<\/td><\/tr><tr><td>Temperatura pracy<\/td><td>-40\u2103 - +65\u2103<\/td><\/tr><\/tbody><\/table><\/figure>","protected":false},"author":1,"featured_media":4895,"menu_order":0,"template":"","meta":{"_acf_changed":true},"product_cat":[250,330],"product_tag":[],"class_list":["post-2429","product","type-product","status-publish","has-post-thumbnail","hentry","product_cat-2g-3g-omnidirectional-antennas","product_cat-800-900-mhz-antennas"],"acf":{"_sku":"TOF-82960-7V","product-image":[4895],"_price":"25","pdsms":null,"excerpt":"<ul>\r\n<li>Dzia\u0142a w pa\u015bmie cz\u0119stotliwo\u015bci 824-960MHz<\/li>\r\n<li>Prawdziwe wysokie wzmocnienie 6.5dBi<\/li>\r\n<li>Nadaje si\u0119 do zastosowa\u0144 kom\u00f3rkowych, LoRa, RFID, ISM, Helium itp.<\/li>\r\n<li>Promieniowanie dook\u00f3lne zapewniaj\u0105ce pokrycie sygna\u0142em 360 stopni na zewn\u0105trz budynk\u00f3w<\/li>\r\n<li>Monta\u017c na s\u0142upie zewn\u0119trznym<\/li>\r\n<li>Wytrzyma\u0142a, odporna na warunki atmosferyczne obudowa anteny z w\u0142\u00f3kna szklanego<\/li>\r\n<li>Wymiary: \u00d820\u00d7965mm<\/li>\r\n<li>Typowe z\u0142\u0105cze \u017ce\u0144skie N<\/li>\r\n<\/ul>","faqs":""},"_links":{"self":[{"href":"https:\/\/www.tesswave.com\/pl\/wp-json\/wp\/v2\/product\/2429","targetHints":{"allow":["GET"]}}],"collection":[{"href":"https:\/\/www.tesswave.com\/pl\/wp-json\/wp\/v2\/product"}],"about":[{"href":"https:\/\/www.tesswave.com\/pl\/wp-json\/wp\/v2\/types\/product"}],"author":[{"embeddable":true,"href":"https:\/\/www.tesswave.com\/pl\/wp-json\/wp\/v2\/users\/1"}],"acf:attachment":[{"embeddable":true,"href":"https:\/\/www.tesswave.com\/pl\/wp-json\/wp\/v2\/media\/4895"}],"wp:featuredmedia":[{"embeddable":true,"href":"https:\/\/www.tesswave.com\/pl\/wp-json\/wp\/v2\/media\/4895"}],"wp:attachment":[{"href":"https:\/\/www.tesswave.com\/pl\/wp-json\/wp\/v2\/media?parent=2429"}],"wp:term":[{"taxonomy":"product_cat","embeddable":true,"href":"https:\/\/www.tesswave.com\/pl\/wp-json\/wp\/v2\/product_cat?post=2429"},{"taxonomy":"product_tag","embeddable":true,"href":"https:\/\/www.tesswave.com\/pl\/wp-json\/wp\/v2\/product_tag?post=2429"}],"curies":[{"name":"wp","href":"https:\/\/api.w.org\/{rel}","templated":true}]}}