{"id":2450,"date":"2022-05-30T16:44:49","date_gmt":"2022-05-30T08:44:49","guid":{"rendered":"https:\/\/www.tesswave.com\/?post_type=product&#038;p=2450"},"modified":"2025-06-19T19:04:58","modified_gmt":"2025-06-19T11:04:58","slug":"external-4x4-mimo-4g-5g-directional-antenna","status":"publish","type":"product","link":"https:\/\/www.tesswave.com\/pl\/product\/external-4x4-mimo-4g-5g-directional-antenna\/","title":{"rendered":"617-4200MHz Zewn\u0119trzna antena kierunkowa 4\u00d74 MIMO 4G LTE\/5G"},"content":{"rendered":"<figure class=\"wp-block-table is-style-regular\"><table class=\"has-fixed-layout\"><tbody><tr><td><strong style=\"font-size: revert; font-family: inherit; color: initial;\">Specyfikacje elektryczne<\/strong><\/td><td> &nbsp; <\/td><\/tr><tr><td>Cz\u0119stotliwo\u015b\u0107-MHz<\/td><td> 617-700\/700-960\/1710-2700\/3300-4200<\/td><\/tr><tr><td> Gain-dBi <\/td><td> 5 \/ 7 \/ 8 \/ 9<\/td><\/tr><tr><td> VSWR <\/td><td> &lt;2.5 <\/td><\/tr><tr><td> Polaryzacja <\/td><td> \u00b145\u00b0 <\/td><\/tr><tr><td> Szeroko\u015b\u0107 wi\u0105zki poziomej <\/td><td> 80\u00b18\u00b0 <\/td><\/tr><tr><td> Szeroko\u015b\u0107 wi\u0105zki pionowej <\/td><td> 65\u00b15\u00b0 <\/td><\/tr><tr><td> Wsp\u00f3\u0142czynnik F\/B-dB<\/td><td> \u226518 <\/td><\/tr><tr><td> Izolacja-dB<\/td><td> \u226520 <\/td><\/tr><tr><td> Impedancja-\u03a9<\/td><td> 50 <\/td><\/tr><tr><td> Maks. Moc wej\u015bciowa-W<\/td><td> 100<\/td><\/tr><tr><td> Ochrona odgromowa <\/td><td> Uziemienie DC <\/td><\/tr><tr><td> <strong>Specyfikacje mechaniczne<\/strong> <\/td><td> &nbsp; <\/td><\/tr><tr><td> Z\u0142\u0105cze <\/td><td>4xN \u017ce\u0144ski <\/td><\/tr><tr><td> Wymiar-mm<\/td><td> 350*280*80<\/td><\/tr><tr><td> Waga<\/td><td> 2,9 kg<\/td><\/tr><tr><td> Monta\u017c mm<\/td><td> Maszt \u00d830-\u00d850 <\/td><\/tr><tr><td> Materia\u0142 kopu\u0142y <\/td><td> ABS <\/td><\/tr><tr><td> Pr\u0119dko\u015b\u0107 wiatru <\/td><td> 210 km\/h <\/td><\/tr><tr><td> Temperatura pracy <\/td><td> -40\u2103 - +65\u2103 <\/td><\/tr><\/tbody><\/table><\/figure>","protected":false},"author":1,"featured_media":9843,"menu_order":0,"template":"","meta":{"_acf_changed":true},"product_cat":[88,87,336,128],"product_tag":[],"class_list":["post-2450","product","type-product","status-publish","has-post-thumbnail","hentry","product_cat-5g-antennas","product_cat-4g-lte-antennas","product_cat-617-6000-mhz-antennas","product_cat-mimo-panel-antennas"],"acf":{"_sku":"TPC-0642-9BX","product-image":[9843],"_price":"66","pdsms":null,"excerpt":"<ul>\r\n<li>Pasmo cz\u0119stotliwo\u015bci 600-6000MHz dla ka\u017cdego promiennika<\/li>\r\n<li>Nadaje si\u0119 do aplikacji WiFi, GSM, 3G, 4G LTE, 5G itp.<\/li>\r\n<li>\u00b145\u00b0 sko\u015bna polaryzacja krzy\u017cowa<\/li>\r\n<li>Zestaw monta\u017cowy w zestawie<\/li>\r\n<li>Wytrzyma\u0142a obudowa anteny z tworzywa ABS chronionego przed promieniowaniem UV<\/li>\r\n<li>Z\u0142\u0105cze \u017ce\u0144skie 4\u00d7N<\/li>\r\n<\/ul>","faqs":""},"_links":{"self":[{"href":"https:\/\/www.tesswave.com\/pl\/wp-json\/wp\/v2\/product\/2450","targetHints":{"allow":["GET"]}}],"collection":[{"href":"https:\/\/www.tesswave.com\/pl\/wp-json\/wp\/v2\/product"}],"about":[{"href":"https:\/\/www.tesswave.com\/pl\/wp-json\/wp\/v2\/types\/product"}],"author":[{"embeddable":true,"href":"https:\/\/www.tesswave.com\/pl\/wp-json\/wp\/v2\/users\/1"}],"acf:attachment":[{"embeddable":true,"href":"https:\/\/www.tesswave.com\/pl\/wp-json\/wp\/v2\/media\/9843"}],"wp:featuredmedia":[{"embeddable":true,"href":"https:\/\/www.tesswave.com\/pl\/wp-json\/wp\/v2\/media\/9843"}],"wp:attachment":[{"href":"https:\/\/www.tesswave.com\/pl\/wp-json\/wp\/v2\/media?parent=2450"}],"wp:term":[{"taxonomy":"product_cat","embeddable":true,"href":"https:\/\/www.tesswave.com\/pl\/wp-json\/wp\/v2\/product_cat?post=2450"},{"taxonomy":"product_tag","embeddable":true,"href":"https:\/\/www.tesswave.com\/pl\/wp-json\/wp\/v2\/product_tag?post=2450"}],"curies":[{"name":"wp","href":"https:\/\/api.w.org\/{rel}","templated":true}]}}