{"id":2456,"date":"2022-05-30T17:04:13","date_gmt":"2022-05-30T09:04:13","guid":{"rendered":"https:\/\/www.tesswave.com\/?post_type=product&#038;p=2456"},"modified":"2025-06-19T19:03:59","modified_gmt":"2025-06-19T11:03:59","slug":"outdoor-2x2-mimo-4g-directional-antenna","status":"publish","type":"product","link":"https:\/\/www.tesswave.com\/pl\/product\/outdoor-2x2-mimo-4g-directional-antenna\/","title":{"rendered":"698-2700MHz Zewn\u0119trzna zewn\u0119trzna antena kierunkowa 2\u00d72 MIMO 4G LTE"},"content":{"rendered":"<figure class=\"wp-block-table is-style-regular\"><table class=\"has-fixed-layout\"><tbody><tr><td><strong>Specyfikacje elektryczne<\/strong><\/td><td>&nbsp;<\/td><\/tr><tr><td>Cz\u0119stotliwo\u015b\u0107-MHz<\/td><td>698-960\/1710-2700<\/td><\/tr><tr><td>Gain-dBi<\/td><td>8\/8.5<\/td><\/tr><tr><td>VSWR<\/td><td>&lt;2<\/td><\/tr><tr><td>Polaryzacja<\/td><td>\u00b145\u00b0<\/td><\/tr><tr><td>Szeroko\u015b\u0107 wi\u0105zki poziomej<\/td><td>80\u00b0<\/td><\/tr><tr><td>Szeroko\u015b\u0107 wi\u0105zki pionowej<\/td><td>65\u00b0<\/td><\/tr><tr><td>Stosunek F\/B<\/td><td>\u226518dB<\/td><\/tr><tr><td>Izolacja<\/td><td>\u226520dB<\/td><\/tr><tr><td>Impedancja<\/td><td>50 om\u00f3w<\/td><\/tr><tr><td>Maks. Moc wej\u015bciowa<\/td><td>100W<\/td><\/tr><tr><td>Ochrona odgromowa<\/td><td>Uziemienie DC<\/td><\/tr><tr><td><strong>Specyfikacje mechaniczne<\/strong><\/td><td>&nbsp;<\/td><\/tr><tr><td>Z\u0142\u0105cze<\/td><td>2\u00d7N \u017ce\u0144ski<\/td><\/tr><tr><td>Wymiar<\/td><td>300\u00d7180\u00d780 mm<\/td><\/tr><tr><td>Waga<\/td><td>0,5 kg<\/td><\/tr><tr><td>Monta\u017c<\/td><td>Maszt \u00d840-\u00d860 mm<\/td><\/tr><tr><td>Materia\u0142 kopu\u0142y<\/td><td>ABS<\/td><\/tr><tr><td>Pr\u0119dko\u015b\u0107 wiatru<\/td><td>210 km\/h<\/td><\/tr><tr><td>Temperatura pracy<\/td><td>-40\u2103 - +65\u2103<\/td><\/tr><\/tbody><\/table><\/figure>","protected":false},"author":1,"featured_media":5082,"menu_order":0,"template":"","meta":{"_acf_changed":true},"product_cat":[87,337,128],"product_tag":[],"class_list":["post-2456","product","type-product","status-publish","has-post-thumbnail","hentry","product_cat-4g-lte-antennas","product_cat-698-2700-mhz-antennas","product_cat-mimo-panel-antennas"],"acf":{"_sku":"TPC-0727-9X","product-image":[5082],"_price":"29","pdsms":null,"excerpt":"<ul>\r\n<li>Dzia\u0142a w pa\u015bmie cz\u0119stotliwo\u015bci 698-960\/1710-2700MHz<\/li>\r\n<li>Nadaje si\u0119 do aplikacji WiFi, GSM, 3G, 4G LTE itp.<\/li>\r\n<li>Prawdziwe wysokie wzmocnienie 8-8,5 dBi dla ka\u017cdego grzejnika<\/li>\r\n<li>\u00b145\u00b0 podw\u00f3jna sko\u015bna polaryzacja krzy\u017cowa<\/li>\r\n<li>Zestaw monta\u017cowy w zestawie<\/li>\r\n<li>Wytrzyma\u0142a obudowa anteny z tworzywa ABS chronionego przed promieniowaniem UV<\/li>\r\n<li>Wymiary: 300\u00d7180\u00d780 mm<\/li>\r\n<li>Z\u0142\u0105cze \u017ce\u0144skie 2\u00d7N<\/li>\r\n<\/ul>","faqs":""},"_links":{"self":[{"href":"https:\/\/www.tesswave.com\/pl\/wp-json\/wp\/v2\/product\/2456","targetHints":{"allow":["GET"]}}],"collection":[{"href":"https:\/\/www.tesswave.com\/pl\/wp-json\/wp\/v2\/product"}],"about":[{"href":"https:\/\/www.tesswave.com\/pl\/wp-json\/wp\/v2\/types\/product"}],"author":[{"embeddable":true,"href":"https:\/\/www.tesswave.com\/pl\/wp-json\/wp\/v2\/users\/1"}],"acf:attachment":[{"embeddable":true,"href":"https:\/\/www.tesswave.com\/pl\/wp-json\/wp\/v2\/media\/5082"}],"wp:featuredmedia":[{"embeddable":true,"href":"https:\/\/www.tesswave.com\/pl\/wp-json\/wp\/v2\/media\/5082"}],"wp:attachment":[{"href":"https:\/\/www.tesswave.com\/pl\/wp-json\/wp\/v2\/media?parent=2456"}],"wp:term":[{"taxonomy":"product_cat","embeddable":true,"href":"https:\/\/www.tesswave.com\/pl\/wp-json\/wp\/v2\/product_cat?post=2456"},{"taxonomy":"product_tag","embeddable":true,"href":"https:\/\/www.tesswave.com\/pl\/wp-json\/wp\/v2\/product_tag?post=2456"}],"curies":[{"name":"wp","href":"https:\/\/api.w.org\/{rel}","templated":true}]}}