{"id":2459,"date":"2022-05-30T17:14:42","date_gmt":"2022-05-30T09:14:42","guid":{"rendered":"https:\/\/www.tesswave.com\/?post_type=product&#038;p=2459"},"modified":"2025-06-19T19:03:16","modified_gmt":"2025-06-19T11:03:16","slug":"outdoor-4g-lte-log-periodic-antenna","status":"publish","type":"product","link":"https:\/\/www.tesswave.com\/pl\/product\/outdoor-4g-lte-log-periodic-antenna\/","title":{"rendered":"Zewn\u0119trzna antena okresowa 2G\/3G\/4G LTE o wysokim wzmocnieniu 698-2700MHz 11dBi"},"content":{"rendered":"<figure class=\"wp-block-table is-style-regular\"><table class=\"has-fixed-layout\"><tbody><tr><td><strong>Specyfikacje elektryczne<\/strong><\/td><td>&nbsp;<\/td><\/tr><tr><td>Cz\u0119stotliwo\u015b\u0107 - MHz<\/td><td>698-960\/1710-2700<\/td><\/tr><tr><td>Gain-dBi<\/td><td>10\/11<\/td><\/tr><tr><td>VSWR<\/td><td>&lt;1.5<\/td><\/tr><tr><td>Polaryzacja<\/td><td>Pionowo lub poziomo<\/td><\/tr><tr><td>Szeroko\u015b\u0107 wi\u0105zki poziomej<\/td><td>58\u00b0\/52\u00b0<\/td><\/tr><tr><td>Szeroko\u015b\u0107 wi\u0105zki pionowej<\/td><td>52\u00b0\/48\u00b0<\/td><\/tr><tr><td>Impedancja w omach<\/td><td>50 <\/td><\/tr><tr><td>Maks. Moc wej\u015bciowa-W<\/td><td>100<\/td><\/tr><tr><td>Ochrona odgromowa<\/td><td>Uziemienie DC<\/td><\/tr><tr><td><strong>Specyfikacje mechaniczne<\/strong><\/td><td>&nbsp;<\/td><\/tr><tr><td>Z\u0142\u0105cze<\/td><td>N Kobieta<\/td><\/tr><tr><td>Wymiar-mm<\/td><td>460\u00d7207\u00d765<\/td><\/tr><tr><td>Waga-kg<\/td><td>0.9<\/td><\/tr><tr><td>Monta\u017c mm<\/td><td>Maszt \u00d840-\u00d860 <\/td><\/tr><tr><td>Materia\u0142 kopu\u0142y<\/td><td>ABS<\/td><\/tr><tr><td>Pr\u0119dko\u015b\u0107 wiatru<\/td><td>210 km\/h<\/td><\/tr><tr><td>Temperatura pracy<\/td><td>-40\u2103 - +65\u2103<\/td><\/tr><\/tbody><\/table><\/figure>","protected":false},"author":1,"featured_media":5080,"menu_order":0,"template":"","meta":{"_acf_changed":true},"product_cat":[87,337],"product_tag":[],"class_list":["post-2459","product","type-product","status-publish","has-post-thumbnail","hentry","product_cat-4g-lte-antennas","product_cat-698-2700-mhz-antennas"],"acf":{"_sku":"TLC-0727-11E","product-image":[5080],"_price":"12","pdsms":null,"excerpt":"<ul>\r\n<li>Dzia\u0142a w pa\u015bmie 698-960\/1710-2700MHz dla repeater\u00f3w\/booster\u00f3w 2G\/3G\/4G<\/li>\r\n<li>Konstrukcja o wysokim wzmocnieniu<\/li>\r\n<li>Antena kierunkowa do zastosowa\u0144 punkt-wielopunkt<\/li>\r\n<li>Monta\u017c na s\u0142upie zewn\u0119trznym<\/li>\r\n<li>Wytrzyma\u0142a obudowa anteny z tworzywa ABS chronionego przed promieniowaniem UV<\/li>\r\n<li>N Z\u0142\u0105cze \u017ce\u0144skie lub inne opcje<\/li>\r\n<\/ul>","faqs":""},"_links":{"self":[{"href":"https:\/\/www.tesswave.com\/pl\/wp-json\/wp\/v2\/product\/2459","targetHints":{"allow":["GET"]}}],"collection":[{"href":"https:\/\/www.tesswave.com\/pl\/wp-json\/wp\/v2\/product"}],"about":[{"href":"https:\/\/www.tesswave.com\/pl\/wp-json\/wp\/v2\/types\/product"}],"author":[{"embeddable":true,"href":"https:\/\/www.tesswave.com\/pl\/wp-json\/wp\/v2\/users\/1"}],"acf:attachment":[{"embeddable":true,"href":"https:\/\/www.tesswave.com\/pl\/wp-json\/wp\/v2\/media\/5080"}],"wp:featuredmedia":[{"embeddable":true,"href":"https:\/\/www.tesswave.com\/pl\/wp-json\/wp\/v2\/media\/5080"}],"wp:attachment":[{"href":"https:\/\/www.tesswave.com\/pl\/wp-json\/wp\/v2\/media?parent=2459"}],"wp:term":[{"taxonomy":"product_cat","embeddable":true,"href":"https:\/\/www.tesswave.com\/pl\/wp-json\/wp\/v2\/product_cat?post=2459"},{"taxonomy":"product_tag","embeddable":true,"href":"https:\/\/www.tesswave.com\/pl\/wp-json\/wp\/v2\/product_tag?post=2459"}],"curies":[{"name":"wp","href":"https:\/\/api.w.org\/{rel}","templated":true}]}}