{"id":2471,"date":"2022-05-30T17:48:01","date_gmt":"2022-05-30T09:48:01","guid":{"rendered":"https:\/\/www.tesswave.com\/?post_type=product&#038;p=2471"},"modified":"2025-06-19T18:49:35","modified_gmt":"2025-06-19T10:49:35","slug":"2g-3g-4g-indoor-wall-mount-panel-antenna","status":"publish","type":"product","link":"https:\/\/www.tesswave.com\/pl\/product\/2g-3g-4g-indoor-wall-mount-panel-antenna\/","title":{"rendered":"2G\/3G\/4G LTE Wewn\u0119trzna \u015bcienna kierunkowa antena panelowa 698-2700MHz"},"content":{"rendered":"<figure class=\"wp-block-table is-style-regular\"><table class=\"has-fixed-layout\"><tbody><tr><td><strong>Specyfikacje elektryczne<\/strong><\/td><td>&nbsp;<\/td><td>&nbsp;<\/td><\/tr><tr><td>Cz\u0119stotliwo\u015b\u0107-MHz<\/td><td>698-960<\/td><td>1710-2700<\/td><\/tr><tr><td>Gain-dBi<\/td><td>7<\/td><td>8<\/td><\/tr><tr><td>VSWR<\/td><td>&lt;2<\/td><td>&lt;1.5<\/td><\/tr><tr><td>Polaryzacja<\/td><td>Pionowy<\/td><td>&nbsp;<\/td><\/tr><tr><td>Szeroko\u015b\u0107 wi\u0105zki poziomej<\/td><td>55\u00b0<\/td><td>50\u00b0<\/td><\/tr><tr><td>Szeroko\u015b\u0107 wi\u0105zki pionowej<\/td><td>70\u00b0<\/td><td>60\u00b0<\/td><\/tr><tr><td>Impedancja<\/td><td>50 om\u00f3w<\/td><td>&nbsp;<\/td><\/tr><tr><td>Maks. Moc wej\u015bciowa<\/td><td>100W<\/td><td>&nbsp;<\/td><\/tr><tr><td>Ochrona odgromowa<\/td><td>Uziemienie DC<\/td><td>&nbsp;<\/td><\/tr><tr><td><strong>Specyfikacje mechaniczne<\/strong><\/td><td>&nbsp;<\/td><td>&nbsp;<\/td><\/tr><tr><td>Z\u0142\u0105cze<\/td><td>N Kobieta<\/td><td>&nbsp;<\/td><\/tr><tr><td>Wymiar<\/td><td>165\u00d7155\u00d745 mm<\/td><td>&nbsp;<\/td><\/tr><tr><td>Waga<\/td><td>0,5 kg<\/td><td>&nbsp;<\/td><\/tr><tr><td>Monta\u017c<\/td><td>Maszt \u00d840-\u00d860 mm<\/td><td>&nbsp;<\/td><\/tr><tr><td>Materia\u0142 kopu\u0142y<\/td><td>ABS<\/td><td>&nbsp;<\/td><\/tr><tr><td>Pr\u0119dko\u015b\u0107 wiatru<\/td><td>210 km\/h<\/td><td>&nbsp;<\/td><\/tr><tr><td>Temperatura pracy<\/td><td>-40\u2103 - +65\u2103<\/td><td>&nbsp;<\/td><\/tr><\/tbody><\/table><\/figure>","protected":false},"author":1,"featured_media":4846,"menu_order":0,"template":"","meta":{"_acf_changed":true},"product_cat":[87,337,147],"product_tag":[],"class_list":["post-2471","product","type-product","status-publish","has-post-thumbnail","hentry","product_cat-4g-lte-antennas","product_cat-698-2700-mhz-antennas","product_cat-das-antennas"],"acf":{"_sku":"TPC-0727-8V","product-image":[4846],"_price":"6.5","pdsms":null,"excerpt":"<ul>\r\n<li>Dzia\u0142a w pa\u015bmie 698-960\/1710-2700MHz dla repeater\u00f3w\/booster\u00f3w 2G\/3G\/4G<\/li>\r\n<li>Antena kierunkowa True 8dBi o wysokim zysku<\/li>\r\n<li>Monta\u017c na \u015bcianie wewn\u0105trz pomieszcze\u0144<\/li>\r\n<li>Wytrzyma\u0142a obudowa anteny z tworzywa ABS chronionego przed promieniowaniem UV<\/li>\r\n<li>Wymiary: 165\u00d7155\u00d745 mm<\/li>\r\n<li>30cm Kabel RG58 z \u017ce\u0144skim z\u0142\u0105czem N<\/li>\r\n<\/ul>","faqs":""},"_links":{"self":[{"href":"https:\/\/www.tesswave.com\/pl\/wp-json\/wp\/v2\/product\/2471","targetHints":{"allow":["GET"]}}],"collection":[{"href":"https:\/\/www.tesswave.com\/pl\/wp-json\/wp\/v2\/product"}],"about":[{"href":"https:\/\/www.tesswave.com\/pl\/wp-json\/wp\/v2\/types\/product"}],"author":[{"embeddable":true,"href":"https:\/\/www.tesswave.com\/pl\/wp-json\/wp\/v2\/users\/1"}],"acf:attachment":[{"embeddable":true,"href":"https:\/\/www.tesswave.com\/pl\/wp-json\/wp\/v2\/media\/4846"}],"wp:featuredmedia":[{"embeddable":true,"href":"https:\/\/www.tesswave.com\/pl\/wp-json\/wp\/v2\/media\/4846"}],"wp:attachment":[{"href":"https:\/\/www.tesswave.com\/pl\/wp-json\/wp\/v2\/media?parent=2471"}],"wp:term":[{"taxonomy":"product_cat","embeddable":true,"href":"https:\/\/www.tesswave.com\/pl\/wp-json\/wp\/v2\/product_cat?post=2471"},{"taxonomy":"product_tag","embeddable":true,"href":"https:\/\/www.tesswave.com\/pl\/wp-json\/wp\/v2\/product_tag?post=2471"}],"curies":[{"name":"wp","href":"https:\/\/api.w.org\/{rel}","templated":true}]}}