{"id":2474,"date":"2022-05-30T17:58:25","date_gmt":"2022-05-30T09:58:25","guid":{"rendered":"https:\/\/www.tesswave.com\/?post_type=product&#038;p=2474"},"modified":"2025-06-19T18:47:59","modified_gmt":"2025-06-19T10:47:59","slug":"external-wideband-4g-lte-sma-antenna","status":"publish","type":"product","link":"https:\/\/www.tesswave.com\/pl\/product\/external-wideband-4g-lte-sma-antenna\/","title":{"rendered":"698-2700MHz Zewn\u0119trzna szerokopasmowa antena 4G LTE SMA"},"content":{"rendered":"<figure class=\"wp-block-table is-style-regular\"><table class=\"has-fixed-layout\"><tbody><tr><td><strong>Specyfikacje elektryczne<\/strong><\/td><td>&nbsp;<\/td><\/tr><tr><td>Cz\u0119stotliwo\u015b\u0107 - MHz<\/td><td>698-960\/1710-2700<\/td><\/tr><tr><td>Gain-dBi<\/td><td>2\/3<\/td><\/tr><tr><td>VSWR<\/td><td>&lt;2.5<\/td><\/tr><tr><td>Polaryzacja<\/td><td>Pionowy<\/td><\/tr><tr><td>Szeroko\u015b\u0107 wi\u0105zki poziomej<\/td><td>360\u00b0<\/td><\/tr><tr><td>Szeroko\u015b\u0107 wi\u0105zki pionowej<\/td><td>65\u00b0<\/td><\/tr><tr><td>Impedancja<\/td><td>50 om\u00f3w<\/td><\/tr><tr><td>Maks. Moc wej\u015bciowa<\/td><td>100W<\/td><\/tr><tr><td>Ochrona odgromowa<\/td><td>Uziemienie DC<\/td><\/tr><tr><td><strong>Specyfikacje mechaniczne<\/strong><\/td><td>&nbsp;<\/td><\/tr><tr><td>Z\u0142\u0105cze<\/td><td>RP SMA m\u0119ski<\/td><\/tr><tr><td>Wymiar<\/td><td>220mm<\/td><\/tr><tr><td>Waga<\/td><td>35g<\/td><\/tr><tr><td>Pr\u0119dko\u015b\u0107 wiatru<\/td><td>210 km\/h<\/td><\/tr><tr><td>Temperatura pracy<\/td><td>-40\u2103 - +65\u2103<\/td><\/tr><\/tbody><\/table><\/figure>","protected":false},"author":1,"featured_media":4870,"menu_order":0,"template":"","meta":{"_acf_changed":true},"product_cat":[87,252,337],"product_tag":[],"class_list":["post-2474","product","type-product","status-publish","has-post-thumbnail","hentry","product_cat-4g-lte-antennas","product_cat-2g-3g-rubber-duck-antennas","product_cat-698-2700-mhz-antennas"],"acf":{"_sku":"TRH-0727-3V","product-image":[4870],"_price":"4.5","pdsms":null,"excerpt":"<ul>\r\n<li>Zakres cz\u0119stotliwo\u015bci: 698-960\/1710-2700MHz<\/li>\r\n<li>Idealny do zastosowa\u0144 2G\/3G\/4G\/WIFI itp.<\/li>\r\n<li>Promieniowanie dook\u00f3lne dla pokrycia sygna\u0142em 360 stopni<\/li>\r\n<li>Obrotowe z\u0142\u0105cze SMA na zawiasach pasuje do wi\u0119kszo\u015bci port\u00f3w router\u00f3w<\/li>\r\n<li>Wewn\u0119trzny element PCB, wysoka wydajno\u015b\u0107<\/li>\r\n<\/ul>","faqs":""},"_links":{"self":[{"href":"https:\/\/www.tesswave.com\/pl\/wp-json\/wp\/v2\/product\/2474","targetHints":{"allow":["GET"]}}],"collection":[{"href":"https:\/\/www.tesswave.com\/pl\/wp-json\/wp\/v2\/product"}],"about":[{"href":"https:\/\/www.tesswave.com\/pl\/wp-json\/wp\/v2\/types\/product"}],"author":[{"embeddable":true,"href":"https:\/\/www.tesswave.com\/pl\/wp-json\/wp\/v2\/users\/1"}],"acf:attachment":[{"embeddable":true,"href":"https:\/\/www.tesswave.com\/pl\/wp-json\/wp\/v2\/media\/4870"}],"wp:featuredmedia":[{"embeddable":true,"href":"https:\/\/www.tesswave.com\/pl\/wp-json\/wp\/v2\/media\/4870"}],"wp:attachment":[{"href":"https:\/\/www.tesswave.com\/pl\/wp-json\/wp\/v2\/media?parent=2474"}],"wp:term":[{"taxonomy":"product_cat","embeddable":true,"href":"https:\/\/www.tesswave.com\/pl\/wp-json\/wp\/v2\/product_cat?post=2474"},{"taxonomy":"product_tag","embeddable":true,"href":"https:\/\/www.tesswave.com\/pl\/wp-json\/wp\/v2\/product_tag?post=2474"}],"curies":[{"name":"wp","href":"https:\/\/api.w.org\/{rel}","templated":true}]}}