{"id":2640,"date":"2022-06-08T16:43:01","date_gmt":"2022-06-08T08:43:01","guid":{"rendered":"https:\/\/www.tesswave.com\/?post_type=product&#038;p=2640"},"modified":"2025-06-19T18:21:12","modified_gmt":"2025-06-19T10:21:12","slug":"433mhz-5-5-dbi-uhf-omni-antenna","status":"publish","type":"product","link":"https:\/\/www.tesswave.com\/pl\/product\/433mhz-5-5-dbi-uhf-omni-antenna\/","title":{"rendered":"433MHz 5.5dBi Antena dook\u00f3lna stacji bazowej UHF z w\u0142\u00f3kna szklanego"},"content":{"rendered":"<figure class=\"wp-block-table is-style-regular\"><table class=\"has-fixed-layout\"><tbody><tr><td><strong>Specyfikacje elektryczne<\/strong><\/td><td>&nbsp;<\/td><\/tr><tr><td>Cz\u0119stotliwo\u015b\u0107<\/td><td>430-440 MHz<\/td><\/tr><tr><td>Zysk<\/td><td>5.5 dBi<\/td><\/tr><tr><td>VSWR<\/td><td>&lt;1.5<\/td><\/tr><tr><td>Polaryzacja<\/td><td>Pionowy<\/td><\/tr><tr><td>Szeroko\u015b\u0107 wi\u0105zki poziomej<\/td><td>360\u00b0<\/td><\/tr><tr><td>Szeroko\u015b\u0107 wi\u0105zki pionowej<\/td><td>40\u00b0<\/td><\/tr><tr><td>Impedancja<\/td><td>50 om\u00f3w<\/td><\/tr><tr><td>Maks. Moc wej\u015bciowa<\/td><td>100W<\/td><\/tr><tr><td>Ochrona odgromowa<\/td><td>Uziemienie DC<\/td><\/tr><tr><td><strong>Specyfikacje mechaniczne<\/strong><\/td><td>&nbsp;<\/td><\/tr><tr><td>Z\u0142\u0105cze<\/td><td>N Kobieta<\/td><\/tr><tr><td>Wymiar<\/td><td>\u00d820\u00d71250 mm<\/td><\/tr><tr><td>Waga<\/td><td>0,75 kg<\/td><\/tr><tr><td>Monta\u017c<\/td><td>Maszt \u00d840-\u00d860 mm<\/td><\/tr><tr><td>Materia\u0142 kopu\u0142y<\/td><td>W\u0142\u00f3kno szklane (bia\u0142e)<\/td><\/tr><tr><td>Pr\u0119dko\u015b\u0107 wiatru<\/td><td>210 km\/h<\/td><\/tr><tr><td>Temperatura pracy<\/td><td>-40\u2103 - +65\u2103<\/td><\/tr><\/tbody><\/table><\/figure>","protected":false},"author":1,"featured_media":4925,"menu_order":0,"template":"","meta":{"_acf_changed":true},"product_cat":[100,329],"product_tag":[],"class_list":["post-2640","product","type-product","status-publish","has-post-thumbnail","hentry","product_cat-vhf-uhf-omnidirectional-antennas","product_cat-300-800-mhz-antennas"],"acf":{"_sku":"TOF-43440-6V","product-image":[4925],"_price":"27","pdsms":null,"excerpt":"<ul>\r\n<li>Zakres cz\u0119stotliwo\u015bci: 430-440MHz<\/li>\r\n<li>5.5dBi o wysokim wzmocnieniu<\/li>\r\n<li>Promieniowanie dook\u00f3lne dla zewn\u0119trznych po\u0142\u0105cze\u0144 punkt-wielopunkt<\/li>\r\n<li>Monta\u017c na s\u0142upie zewn\u0119trznym<\/li>\r\n<li>Trwa\u0142a i odporna na warunki atmosferyczne kopu\u0142a z w\u0142\u00f3kna szklanego<\/li>\r\n<li>Idealny do zastosowa\u0144 LoRa, LMR, ISM, RFID, M2M itp.<\/li>\r\n<li>Typowe z\u0142\u0105cze \u017ce\u0144skie N z kablem 30cm<\/li>\r\n<\/ul>","faqs":""},"_links":{"self":[{"href":"https:\/\/www.tesswave.com\/pl\/wp-json\/wp\/v2\/product\/2640","targetHints":{"allow":["GET"]}}],"collection":[{"href":"https:\/\/www.tesswave.com\/pl\/wp-json\/wp\/v2\/product"}],"about":[{"href":"https:\/\/www.tesswave.com\/pl\/wp-json\/wp\/v2\/types\/product"}],"author":[{"embeddable":true,"href":"https:\/\/www.tesswave.com\/pl\/wp-json\/wp\/v2\/users\/1"}],"acf:attachment":[{"embeddable":true,"href":"https:\/\/www.tesswave.com\/pl\/wp-json\/wp\/v2\/media\/4925"}],"wp:featuredmedia":[{"embeddable":true,"href":"https:\/\/www.tesswave.com\/pl\/wp-json\/wp\/v2\/media\/4925"}],"wp:attachment":[{"href":"https:\/\/www.tesswave.com\/pl\/wp-json\/wp\/v2\/media?parent=2640"}],"wp:term":[{"taxonomy":"product_cat","embeddable":true,"href":"https:\/\/www.tesswave.com\/pl\/wp-json\/wp\/v2\/product_cat?post=2640"},{"taxonomy":"product_tag","embeddable":true,"href":"https:\/\/www.tesswave.com\/pl\/wp-json\/wp\/v2\/product_tag?post=2640"}],"curies":[{"name":"wp","href":"https:\/\/api.w.org\/{rel}","templated":true}]}}