{"id":2666,"date":"2022-06-08T17:26:20","date_gmt":"2022-06-08T09:26:20","guid":{"rendered":"https:\/\/www.tesswave.com\/?post_type=product&#038;p=2666"},"modified":"2025-06-19T18:17:53","modified_gmt":"2025-06-19T10:17:53","slug":"433mhz-9dbi-uhf-yagi-antenna","status":"publish","type":"product","link":"https:\/\/www.tesswave.com\/pl\/product\/433mhz-9dbi-uhf-yagi-antenna\/","title":{"rendered":"433MHz 9dBi Antena kierunkowa UHF Yagi dalekiego zasi\u0119gu"},"content":{"rendered":"<figure class=\"wp-block-table\"><table class=\"has-fixed-layout\"><tbody><tr><td><strong>Specyfikacje elektryczne<\/strong><\/td><td>&nbsp;<\/td><\/tr><tr><td>Cz\u0119stotliwo\u015b\u0107<\/td><td>430-440 MHz<\/td><\/tr><tr><td>Zysk<\/td><td>9 dBi<\/td><\/tr><tr><td>VSWR<\/td><td>&lt;1.5<\/td><\/tr><tr><td>Polaryzacja<\/td><td>Pionowy<\/td><\/tr><tr><td>Szeroko\u015b\u0107 wi\u0105zki poziomej<\/td><td>68\u00b0<\/td><\/tr><tr><td>Szeroko\u015b\u0107 wi\u0105zki pionowej<\/td><td>60\u00b0<\/td><\/tr><tr><td>Stosunek F\/B<\/td><td>\u226515dB<\/td><\/tr><tr><td>Impedancja<\/td><td>50 om\u00f3w<\/td><\/tr><tr><td>Maks. Moc wej\u015bciowa<\/td><td>100W<\/td><\/tr><tr><td>Ochrona odgromowa<\/td><td>Uziemienie DC<\/td><\/tr><tr><td><strong>Specyfikacje mechaniczne<\/strong><\/td><td>&nbsp;<\/td><\/tr><tr><td>Z\u0142\u0105cze<\/td><td>N Kobieta<\/td><\/tr><tr><td>Wymiar<\/td><td>750\u00d7370\u00d780 mm<\/td><\/tr><tr><td>Waga<\/td><td>0,4 kg<\/td><\/tr><tr><td>Monta\u017c<\/td><td>Maszt \u00d840-\u00d860 mm<\/td><\/tr><tr><td>Pr\u0119dko\u015b\u0107 wiatru<\/td><td>210 km\/h<\/td><\/tr><tr><td>Temperatura pracy<\/td><td>-40\u2103 - +65\u2103<\/td><\/tr><\/tbody><\/table><\/figure>","protected":false},"author":1,"featured_media":4907,"menu_order":0,"template":"","meta":{"_acf_changed":true},"product_cat":[255,329,102],"product_tag":[],"class_list":["post-2666","product","type-product","status-publish","has-post-thumbnail","hentry","product_cat-433-mhz-lora-antennas","product_cat-300-800-mhz-antennas","product_cat-vhf-uhf-yagi-antennas"],"acf":{"_sku":"TYC-43440-9E","product-image":[4907],"_price":"17","pdsms":null,"excerpt":"<ul>\r\n<li>Zakres cz\u0119stotliwo\u015bci: 430-440MHz<\/li>\r\n<li>Konstrukcja o wysokim wzmocnieniu<\/li>\r\n<li>Promieniowanie kierunkowe dla po\u0142\u0105cze\u0144 punkt-punkt<\/li>\r\n<li>Idealny do zastosowa\u0144 LoRa, LMR, ISM, RFID, M2M itp.<\/li>\r\n<li>Typowe z\u0142\u0105cze \u017ce\u0144skie N z kablem 30cm<\/li>\r\n<\/ul>","faqs":""},"_links":{"self":[{"href":"https:\/\/www.tesswave.com\/pl\/wp-json\/wp\/v2\/product\/2666","targetHints":{"allow":["GET"]}}],"collection":[{"href":"https:\/\/www.tesswave.com\/pl\/wp-json\/wp\/v2\/product"}],"about":[{"href":"https:\/\/www.tesswave.com\/pl\/wp-json\/wp\/v2\/types\/product"}],"author":[{"embeddable":true,"href":"https:\/\/www.tesswave.com\/pl\/wp-json\/wp\/v2\/users\/1"}],"acf:attachment":[{"embeddable":true,"href":"https:\/\/www.tesswave.com\/pl\/wp-json\/wp\/v2\/media\/4907"}],"wp:featuredmedia":[{"embeddable":true,"href":"https:\/\/www.tesswave.com\/pl\/wp-json\/wp\/v2\/media\/4907"}],"wp:attachment":[{"href":"https:\/\/www.tesswave.com\/pl\/wp-json\/wp\/v2\/media?parent=2666"}],"wp:term":[{"taxonomy":"product_cat","embeddable":true,"href":"https:\/\/www.tesswave.com\/pl\/wp-json\/wp\/v2\/product_cat?post=2666"},{"taxonomy":"product_tag","embeddable":true,"href":"https:\/\/www.tesswave.com\/pl\/wp-json\/wp\/v2\/product_tag?post=2666"}],"curies":[{"name":"wp","href":"https:\/\/api.w.org\/{rel}","templated":true}]}}