{"id":2828,"date":"2022-06-22T22:54:46","date_gmt":"2022-06-22T14:54:46","guid":{"rendered":"https:\/\/www.tesswave.com\/?post_type=product&#038;p=2828"},"modified":"2025-06-19T18:17:34","modified_gmt":"2025-06-19T10:17:34","slug":"868-915-mhz-13dbi-directional-lora-sector-antenna","status":"publish","type":"product","link":"https:\/\/www.tesswave.com\/pl\/product\/868-915-mhz-13dbi-directional-lora-sector-antenna\/","title":{"rendered":"860-930MHz 13dBi 120-stopniowa kierunkowa antena sektorowa LoRa"},"content":{"rendered":"<figure class=\"wp-block-table\"><table class=\"has-fixed-layout\"><tbody><tr><td><strong>Specyfikacje elektryczne<\/strong><\/td><td>&nbsp;<\/td><\/tr><tr><td>Cz\u0119stotliwo\u015b\u0107<\/td><td>860-930 MHz<\/td><\/tr><tr><td>Zysk<\/td><td>13 dBi<\/td><\/tr><tr><td>VSWR<\/td><td>&lt;1.5<\/td><\/tr><tr><td>Polaryzacja<\/td><td>Pionowy<\/td><\/tr><tr><td>Szeroko\u015b\u0107 wi\u0105zki poziomej<\/td><td>120\u00b0<\/td><\/tr><tr><td>Szeroko\u015b\u0107 wi\u0105zki pionowej<\/td><td>16\u00b0<\/td><\/tr><tr><td>Stosunek F\/B<\/td><td>\u226523dB<\/td><\/tr><tr><td>Impedancja<\/td><td>50 om\u00f3w<\/td><\/tr><tr><td>Maks. Moc wej\u015bciowa<\/td><td>100W<\/td><\/tr><tr><td>Ochrona odgromowa<\/td><td>Uziemienie DC<\/td><\/tr><tr><td><strong>Specyfikacje mechaniczne<\/strong><\/td><td>&nbsp;<\/td><\/tr><tr><td>Z\u0142\u0105cze<\/td><td>N Kobieta<\/td><\/tr><tr><td>Wymiar<\/td><td>1150\u00d7290\u00d7130mm<\/td><\/tr><tr><td>Waga<\/td><td>6,75 kg<\/td><\/tr><tr><td>Monta\u017c<\/td><td>Maszt \u00d840-\u00d860 mm<\/td><\/tr><tr><td>Materia\u0142 kopu\u0142y<\/td><td>Odporno\u015b\u0107 na promieniowanie UV PVC<\/td><\/tr><tr><td>Pr\u0119dko\u015b\u0107 wiatru<\/td><td>210 km\/h<\/td><\/tr><tr><td>Temperatura pracy<\/td><td>-40\u2103 - +65\u2103<\/td><\/tr><\/tbody><\/table><\/figure>","protected":false},"author":1,"featured_media":4900,"menu_order":0,"template":"","meta":{"_acf_changed":true},"product_cat":[136,330,253],"product_tag":[],"class_list":["post-2828","product","type-product","status-publish","has-post-thumbnail","hentry","product_cat-helium-antennas","product_cat-800-900-mhz-antennas","product_cat-868-915-mhz-lora-antennas"],"acf":{"_sku":"TSC-86930-13V120","product-image":[4900],"_price":"149","pdsms":null,"excerpt":"<ul>\r\n<li>Dzia\u0142a w pa\u015bmie cz\u0119stotliwo\u015bci 860-930MHz<\/li>\r\n<li>Szeroko\u015b\u0107 wi\u0105zki 120 stopni w poziomie<\/li>\r\n<li>Pionowa polaryzacja liniowa<\/li>\r\n<li>Wytrzyma\u0142e wsporniki monta\u017cowe<\/li>\r\n<li>Wytrzyma\u0142a obudowa anteny z PVC chroniona przed promieniowaniem UV<\/li>\r\n<li>N Z\u0142\u0105cze \u017ce\u0144skie<\/li>\r\n<\/ul>","faqs":""},"_links":{"self":[{"href":"https:\/\/www.tesswave.com\/pl\/wp-json\/wp\/v2\/product\/2828","targetHints":{"allow":["GET"]}}],"collection":[{"href":"https:\/\/www.tesswave.com\/pl\/wp-json\/wp\/v2\/product"}],"about":[{"href":"https:\/\/www.tesswave.com\/pl\/wp-json\/wp\/v2\/types\/product"}],"author":[{"embeddable":true,"href":"https:\/\/www.tesswave.com\/pl\/wp-json\/wp\/v2\/users\/1"}],"acf:attachment":[{"embeddable":true,"href":"https:\/\/www.tesswave.com\/pl\/wp-json\/wp\/v2\/media\/4900"}],"wp:featuredmedia":[{"embeddable":true,"href":"https:\/\/www.tesswave.com\/pl\/wp-json\/wp\/v2\/media\/4900"}],"wp:attachment":[{"href":"https:\/\/www.tesswave.com\/pl\/wp-json\/wp\/v2\/media?parent=2828"}],"wp:term":[{"taxonomy":"product_cat","embeddable":true,"href":"https:\/\/www.tesswave.com\/pl\/wp-json\/wp\/v2\/product_cat?post=2828"},{"taxonomy":"product_tag","embeddable":true,"href":"https:\/\/www.tesswave.com\/pl\/wp-json\/wp\/v2\/product_tag?post=2828"}],"curies":[{"name":"wp","href":"https:\/\/api.w.org\/{rel}","templated":true}]}}