{"id":3506,"date":"2022-07-25T16:05:40","date_gmt":"2022-07-25T08:05:40","guid":{"rendered":"https:\/\/www.tesswave.com\/?post_type=product&#038;p=3506"},"modified":"2025-06-19T18:09:38","modified_gmt":"2025-06-19T10:09:38","slug":"617-6000-mhz-outdoor-omni-4g-5g-cellular-antenna","status":"publish","type":"product","link":"https:\/\/www.tesswave.com\/pl\/product\/617-6000-mhz-outdoor-omni-4g-5g-cellular-antenna\/","title":{"rendered":"617-6000MHz Zewn\u0119trzna szerokopasmowa antena kom\u00f3rkowa Omni 4G\/5G"},"content":{"rendered":"<figure class=\"wp-block-table is-style-regular\"><table class=\"has-fixed-layout\"><tbody><tr><td><strong>Specyfikacje elektryczne<\/strong><\/td><td>&nbsp;<\/td><\/tr><tr><td>Cz\u0119stotliwo\u015b\u0107-MHz<\/td><td>617-960\/1710-3800\/4900-6000<\/td><\/tr><tr><td>Gain-dBi<\/td><td>2.5\/3.5\/4<\/td><\/tr><tr><td>VSWR<\/td><td>&lt;2.2<\/td><\/tr><tr><td>Polaryzacja<\/td><td>Pionowy<\/td><\/tr><tr><td>Szeroko\u015b\u0107 wi\u0105zki poziomej<\/td><td>360\u00b0<\/td><\/tr><tr><td>Szeroko\u015b\u0107 wi\u0105zki pionowej<\/td><td>60\u00b0<\/td><\/tr><tr><td>Impedancja<\/td><td>50 om\u00f3w<\/td><\/tr><tr><td>Maks. Moc wej\u015bciowa<\/td><td>50W<\/td><\/tr><tr><td>Ochrona odgromowa<\/td><td>Uziemienie DC<\/td><\/tr><tr><td><strong>Specyfikacje mechaniczne<\/strong><\/td><td>&nbsp;<\/td><\/tr><tr><td>Z\u0142\u0105cze<\/td><td>N M\u0119\u017cczyzna<\/td><\/tr><tr><td>Wymiar<\/td><td>\u00d825\u00d7200 mm<\/td><\/tr><tr><td>Waga<\/td><td>0,06 kg<\/td><\/tr><tr><td>Monta\u017c<\/td><td>Wkr\u0119cane<\/td><\/tr><tr><td>Materia\u0142 kopu\u0142y<\/td><td>W\u0142\u00f3kno szklane<\/td><\/tr><tr><td>Pr\u0119dko\u015b\u0107 wiatru<\/td><td>210 km\/h<\/td><\/tr><tr><td>Temperatura pracy<\/td><td>-40\u2103 - +65\u2103<\/td><\/tr><\/tbody><\/table><\/figure>","protected":false},"author":1,"featured_media":4866,"menu_order":0,"template":"","meta":{"_acf_changed":true},"product_cat":[88,336],"product_tag":[],"class_list":["post-3506","product","type-product","status-publish","has-post-thumbnail","hentry","product_cat-5g-antennas","product_cat-617-6000-mhz-antennas"],"acf":{"_sku":"TOF-0660-4V","product-image":[4866],"_price":"5","pdsms":null,"excerpt":"<ul>\r\n<li>Dzia\u0142a w pa\u015bmie 617-960\/1710-3800\/4900-6000MHz dla 2G\/3G\/4G\/5G reapeater\/booster<\/li>\r\n<li>Wielokierunkowy wz\u00f3r promieniowania<\/li>\r\n<li>Mocowanie do urz\u0105dze\u0144 zewn\u0119trznych<\/li>\r\n<li>Wytrzyma\u0142a obudowa anteny z w\u0142\u00f3kna szklanego<\/li>\r\n<li>Z\u0142\u0105cze m\u0119skie N<\/li>\r\n<li>Wewn\u0119trzny element PCB, wysoka wydajno\u015b\u0107<\/li>\r\n<\/ul>","faqs":""},"_links":{"self":[{"href":"https:\/\/www.tesswave.com\/pl\/wp-json\/wp\/v2\/product\/3506","targetHints":{"allow":["GET"]}}],"collection":[{"href":"https:\/\/www.tesswave.com\/pl\/wp-json\/wp\/v2\/product"}],"about":[{"href":"https:\/\/www.tesswave.com\/pl\/wp-json\/wp\/v2\/types\/product"}],"author":[{"embeddable":true,"href":"https:\/\/www.tesswave.com\/pl\/wp-json\/wp\/v2\/users\/1"}],"acf:attachment":[{"embeddable":true,"href":"https:\/\/www.tesswave.com\/pl\/wp-json\/wp\/v2\/media\/4866"}],"wp:featuredmedia":[{"embeddable":true,"href":"https:\/\/www.tesswave.com\/pl\/wp-json\/wp\/v2\/media\/4866"}],"wp:attachment":[{"href":"https:\/\/www.tesswave.com\/pl\/wp-json\/wp\/v2\/media?parent=3506"}],"wp:term":[{"taxonomy":"product_cat","embeddable":true,"href":"https:\/\/www.tesswave.com\/pl\/wp-json\/wp\/v2\/product_cat?post=3506"},{"taxonomy":"product_tag","embeddable":true,"href":"https:\/\/www.tesswave.com\/pl\/wp-json\/wp\/v2\/product_tag?post=3506"}],"curies":[{"name":"wp","href":"https:\/\/api.w.org\/{rel}","templated":true}]}}