{"id":3514,"date":"2022-07-25T16:34:25","date_gmt":"2022-07-25T08:34:25","guid":{"rendered":"https:\/\/www.tesswave.com\/?post_type=product&#038;p=3514"},"modified":"2025-06-19T18:07:52","modified_gmt":"2025-06-19T10:07:52","slug":"617-6000-mhz-indoor-magnetic-mount-4g-5g-omni-antenna","status":"publish","type":"product","link":"https:\/\/www.tesswave.com\/pl\/product\/617-6000-mhz-indoor-magnetic-mount-4g-5g-omni-antenna\/","title":{"rendered":"617-6000MHz Wewn\u0119trzna antena magnetyczna 4G\/5G Omni"},"content":{"rendered":"<figure class=\"wp-block-table is-style-regular\"><table class=\"has-fixed-layout\"><tbody><tr><td><strong>Specyfikacje elektryczne<\/strong><\/td><td>&nbsp;<\/td><\/tr><tr><td>Cz\u0119stotliwo\u015b\u0107 - MHz<\/td><td>617-960\/1710-3800\/4900-6000<\/td><\/tr><tr><td>Gain-dBi<\/td><td>2.5 \/ 3.5 \/ 4<\/td><\/tr><tr><td>VSWR<\/td><td>&lt;2.2<\/td><\/tr><tr><td>Polaryzacja<\/td><td>Pionowy<\/td><\/tr><tr><td>Szeroko\u015b\u0107 wi\u0105zki poziomej<\/td><td>360\u00b0<\/td><\/tr><tr><td>Szeroko\u015b\u0107 wi\u0105zki pionowej<\/td><td>60\u00b0<\/td><\/tr><tr><td>Impedancja<\/td><td>50 om\u00f3w<\/td><\/tr><tr><td>Maks. Moc wej\u015bciowa<\/td><td>50W<\/td><\/tr><tr><td>Ochrona odgromowa<\/td><td>Uziemienie DC<\/td><\/tr><tr><td><strong>Specyfikacje mechaniczne<\/strong><\/td><td>&nbsp;<\/td><\/tr><tr><td>Z\u0142\u0105cze<\/td><td>RP SMA m\u0119ski<\/td><\/tr><tr><td>Kabel<\/td><td>3 metry (RG174)<\/td><\/tr><tr><td>Wymiar<\/td><td>160 mm<\/td><\/tr><tr><td>Waga<\/td><td>35 g<\/td><\/tr><tr><td>Pr\u0119dko\u015b\u0107 wiatru<\/td><td>210 km\/h<\/td><\/tr><tr><td>Temperatura pracy<\/td><td>-40\u2103 - +65\u2103<\/td><\/tr><\/tbody><\/table><\/figure>","protected":false},"author":1,"featured_media":4861,"menu_order":0,"template":"","meta":{"_acf_changed":true},"product_cat":[88,336],"product_tag":[],"class_list":["post-3514","product","type-product","status-publish","has-post-thumbnail","hentry","product_cat-5g-antennas","product_cat-617-6000-mhz-antennas"],"acf":{"_sku":"TMR-0660-4V","product-image":[4861],"_price":"5","pdsms":null,"excerpt":"<ul>\r\n<li>Zakres cz\u0119stotliwo\u015bci: 617-6000MHz<\/li>\r\n<li>Idealny do zastosowa\u0144 2G\/3G\/4G\/5G\/WIFI itp.<\/li>\r\n<li>Promieniowanie dook\u00f3lne dla pokrycia sygna\u0142em 360 stopni<\/li>\r\n<li>Z\u0142\u0105cze SMA dla wi\u0119kszo\u015bci router\u00f3w, modem\u00f3w<\/li>\r\n<li>3 metry niskostratnego kabla RG174<\/li>\r\n<\/ul>","faqs":""},"_links":{"self":[{"href":"https:\/\/www.tesswave.com\/pl\/wp-json\/wp\/v2\/product\/3514","targetHints":{"allow":["GET"]}}],"collection":[{"href":"https:\/\/www.tesswave.com\/pl\/wp-json\/wp\/v2\/product"}],"about":[{"href":"https:\/\/www.tesswave.com\/pl\/wp-json\/wp\/v2\/types\/product"}],"author":[{"embeddable":true,"href":"https:\/\/www.tesswave.com\/pl\/wp-json\/wp\/v2\/users\/1"}],"acf:attachment":[{"embeddable":true,"href":"https:\/\/www.tesswave.com\/pl\/wp-json\/wp\/v2\/media\/4861"}],"wp:featuredmedia":[{"embeddable":true,"href":"https:\/\/www.tesswave.com\/pl\/wp-json\/wp\/v2\/media\/4861"}],"wp:attachment":[{"href":"https:\/\/www.tesswave.com\/pl\/wp-json\/wp\/v2\/media?parent=3514"}],"wp:term":[{"taxonomy":"product_cat","embeddable":true,"href":"https:\/\/www.tesswave.com\/pl\/wp-json\/wp\/v2\/product_cat?post=3514"},{"taxonomy":"product_tag","embeddable":true,"href":"https:\/\/www.tesswave.com\/pl\/wp-json\/wp\/v2\/product_tag?post=3514"}],"curies":[{"name":"wp","href":"https:\/\/api.w.org\/{rel}","templated":true}]}}