{"id":3526,"date":"2022-07-25T17:55:24","date_gmt":"2022-07-25T09:55:24","guid":{"rendered":"https:\/\/www.tesswave.com\/?post_type=product&#038;p=3526"},"modified":"2025-06-19T18:06:27","modified_gmt":"2025-06-19T10:06:27","slug":"outdoor-mimo-4g-lte-5g-omni-antenna","status":"publish","type":"product","link":"https:\/\/www.tesswave.com\/pl\/product\/outdoor-mimo-4g-lte-5g-omni-antenna\/","title":{"rendered":"617-6000MHz Zewn\u0119trzna antena omni 4\u00d74 MIMO 4G LTE\/5G"},"content":{"rendered":"<figure class=\"wp-block-table is-style-regular\"><table class=\"has-fixed-layout\"><tbody><tr><td><strong>Specyfikacje elektryczne<\/strong><\/td><td>&nbsp;<\/td><\/tr><tr><td>Cz\u0119stotliwo\u015b\u0107-MHz<\/td><td>617-960\/1710-3800\/4900-6000<\/td><\/tr><tr><td>Gain-dBi<\/td><td>2.5\/3.5\/4<\/td><\/tr><tr><td>VSWR<\/td><td>&lt;2.5<\/td><\/tr><tr><td>Polaryzacja<\/td><td>Pionowy<\/td><\/tr><tr><td>Szeroko\u015b\u0107 wi\u0105zki poziomej<\/td><td>360\u00b0<\/td><\/tr><tr><td>Szeroko\u015b\u0107 wi\u0105zki pionowej<\/td><td>60\u00b0<\/td><\/tr><tr><td>Impedancja<\/td><td>50 om\u00f3w<\/td><\/tr><tr><td>Maks. Moc wej\u015bciowa<\/td><td>50W<\/td><\/tr><tr><td>Ochrona odgromowa<\/td><td>Uziemienie DC<\/td><\/tr><tr><td><strong>Specyfikacje mechaniczne<\/strong><\/td><td>&nbsp;<\/td><\/tr><tr><td>Z\u0142\u0105cze<\/td><td>4xRP-SMA m\u0119skie<\/td><\/tr><tr><td>Kabel<\/td><td>30cm RG58U<\/td><\/tr><tr><td>Wymiar<\/td><td>\u00d8132\u00d7220 mm<\/td><\/tr><tr><td>Waga<\/td><td>1,2 kg<\/td><\/tr><tr><td>Monta\u017c<\/td><td>Maszt \u00d840-\u00d860 mm<\/td><\/tr><tr><td>Materia\u0142 kopu\u0142y<\/td><td>PVC UV<\/td><\/tr><tr><td>Pr\u0119dko\u015b\u0107 wiatru<\/td><td>210 km\/h<\/td><\/tr><tr><td>Temperatura pracy<\/td><td>-40\u2103 - +65\u2103<\/td><\/tr><\/tbody><\/table><\/figure>","protected":false},"author":1,"featured_media":4848,"menu_order":0,"template":"","meta":{"_acf_changed":true},"product_cat":[88,87,336,247],"product_tag":[],"class_list":["post-3526","product","type-product","status-publish","has-post-thumbnail","hentry","product_cat-5g-antennas","product_cat-4g-lte-antennas","product_cat-617-6000-mhz-antennas","product_cat-mimo-omni-antennas"],"acf":{"_sku":"TOF-0660-4DV","product-image":[4848],"_price":"42","pdsms":null,"excerpt":"<ul>\r\n<li>Pasmo 617-6000MHz dla ka\u017cdego portu<\/li>\r\n<li>Idealny do wzmacniaczy\/router\u00f3w 2G\/3G\/4G\/5G<\/li>\r\n<li>Wielokierunkowy wz\u00f3r promieniowania<\/li>\r\n<li>Wytrzyma\u0142a obudowa z PVC chroniona przed promieniowaniem UV<\/li>\r\n<li>Z\u0142\u0105cze m\u0119skie RP SMA<\/li>\r\n<li>Wewn\u0119trzny element PCB, wysoka wydajno\u015b\u0107<\/li>\r\n<li>W zestawie wytrzyma\u0142y zestaw monta\u017cowy<\/li>\r\n<\/ul>","faqs":""},"_links":{"self":[{"href":"https:\/\/www.tesswave.com\/pl\/wp-json\/wp\/v2\/product\/3526","targetHints":{"allow":["GET"]}}],"collection":[{"href":"https:\/\/www.tesswave.com\/pl\/wp-json\/wp\/v2\/product"}],"about":[{"href":"https:\/\/www.tesswave.com\/pl\/wp-json\/wp\/v2\/types\/product"}],"author":[{"embeddable":true,"href":"https:\/\/www.tesswave.com\/pl\/wp-json\/wp\/v2\/users\/1"}],"acf:attachment":[{"embeddable":true,"href":"https:\/\/www.tesswave.com\/pl\/wp-json\/wp\/v2\/media\/4848"}],"wp:featuredmedia":[{"embeddable":true,"href":"https:\/\/www.tesswave.com\/pl\/wp-json\/wp\/v2\/media\/4848"}],"wp:attachment":[{"href":"https:\/\/www.tesswave.com\/pl\/wp-json\/wp\/v2\/media?parent=3526"}],"wp:term":[{"taxonomy":"product_cat","embeddable":true,"href":"https:\/\/www.tesswave.com\/pl\/wp-json\/wp\/v2\/product_cat?post=3526"},{"taxonomy":"product_tag","embeddable":true,"href":"https:\/\/www.tesswave.com\/pl\/wp-json\/wp\/v2\/product_tag?post=3526"}],"curies":[{"name":"wp","href":"https:\/\/api.w.org\/{rel}","templated":true}]}}