{"id":3561,"date":"2022-08-02T11:06:32","date_gmt":"2022-08-02T03:06:32","guid":{"rendered":"https:\/\/www.tesswave.com\/?post_type=product&#038;p=3561"},"modified":"2025-06-19T18:00:07","modified_gmt":"2025-06-19T10:00:07","slug":"outdoor-omnidirectional-wifi-6e-antenna","status":"publish","type":"product","link":"https:\/\/www.tesswave.com\/pl\/product\/outdoor-omnidirectional-wifi-6e-antenna\/","title":{"rendered":"2400-7125MHz 4\/6dBi Zewn\u0119trzna dook\u00f3lna antena WiFi 6\/6E"},"content":{"rendered":"<figure class=\"wp-block-table is-style-regular\"><table class=\"has-fixed-layout\"><tbody><tr><td><strong>Specyfikacje elektryczne<\/strong><\/td><td>&nbsp;<\/td><td>&nbsp;<\/td><\/tr><tr><td>Cz\u0119stotliwo\u015b\u0107-MHz<\/td><td>2400-2500<\/td><td>4900-7125<\/td><\/tr><tr><td>Gain-dBi<\/td><td>4<\/td><td>6<\/td><\/tr><tr><td>VSWR<\/td><td>&lt;1.5<\/td><td>&lt;2.2<\/td><\/tr><tr><td>Polaryzacja<\/td><td>Pionowy<\/td><td>&nbsp;<\/td><\/tr><tr><td>Szeroko\u015b\u0107 wi\u0105zki poziomej<\/td><td>360\u00b0<\/td><td>&nbsp;<\/td><\/tr><tr><td>Szeroko\u015b\u0107 wi\u0105zki pionowej<\/td><td>48\u00b0<\/td><td>28\u00b0<\/td><\/tr><tr><td>Impedancja<\/td><td>50\u03a9<\/td><td>&nbsp;<\/td><\/tr><tr><td>Maks. Moc wej\u015bciowa<\/td><td>50W<\/td><td>&nbsp;<\/td><\/tr><tr><td>Ochrona odgromowa<\/td><td>Uziemienie DC<\/td><td>&nbsp;<\/td><\/tr><tr><td><strong>Specyfikacje mechaniczne<\/strong><\/td><td>&nbsp;<\/td><td>&nbsp;<\/td><\/tr><tr><td>Z\u0142\u0105cze<\/td><td>N Kobieta<\/td><td>&nbsp;<\/td><\/tr><tr><td>Wymiar<\/td><td>\u00d820\u00d7220 mm<\/td><td>&nbsp;<\/td><\/tr><tr><td>Waga<\/td><td>75 g<\/td><td>&nbsp;<\/td><\/tr><tr><td>Monta\u017c<\/td><td>Wkr\u0119cane<\/td><td>&nbsp;<\/td><\/tr><tr><td>Materia\u0142 kopu\u0142y<\/td><td>W\u0142\u00f3kno szklane<\/td><td>&nbsp;<\/td><\/tr><tr><td>Pr\u0119dko\u015b\u0107 wiatru<\/td><td>210 km\/h<\/td><td>&nbsp;<\/td><\/tr><tr><td>Temperatura pracy<\/td><td>-40\u2103 - +65\u2103<\/td><td>&nbsp;<\/td><\/tr><\/tbody><\/table><\/figure>","protected":false},"author":1,"featured_media":4843,"menu_order":0,"template":"","meta":{"_acf_changed":true},"product_cat":[166,338],"product_tag":[],"class_list":["post-3561","product","type-product","status-publish","has-post-thumbnail","hentry","product_cat-wifi-6-6e-antennas","product_cat-2400-7125-mhz-antennas"],"acf":{"_sku":"TOF-2472-6V","product-image":[4843],"_price":"9.9","pdsms":null,"excerpt":"<ul>\r\n<li>Praca w dwuzakresowym pa\u015bmie 2400-2500\/4900-7125MHz<\/li>\r\n<li>Prawdziwe wzmocnienie 4dBi@2.4GHz i 6dBi@4900-7125MHz<\/li>\r\n<li>Zupe\u0142nie nowe pasmo 6GHz dla WiFi 6E<\/li>\r\n<li>Antena dook\u00f3lna, idealna do odbioru sygna\u0142u na zewn\u0105trz budynk\u00f3w<\/li>\r\n<li>Bezpo\u015brednia instalacja do routera lub inne opcje<\/li>\r\n<li>Obudowa anteny z w\u0142\u00f3kna szklanego zapewniaj\u0105ca odporno\u015b\u0107 na warunki atmosferyczne<\/li>\r\n<li>Wymiary: \u03a620\u00d7220 mm<\/li>\r\n<li>Odporno\u015b\u0107 na deszcz i py\u0142 IP66<\/li>\r\n<\/ul>","faqs":""},"_links":{"self":[{"href":"https:\/\/www.tesswave.com\/pl\/wp-json\/wp\/v2\/product\/3561","targetHints":{"allow":["GET"]}}],"collection":[{"href":"https:\/\/www.tesswave.com\/pl\/wp-json\/wp\/v2\/product"}],"about":[{"href":"https:\/\/www.tesswave.com\/pl\/wp-json\/wp\/v2\/types\/product"}],"author":[{"embeddable":true,"href":"https:\/\/www.tesswave.com\/pl\/wp-json\/wp\/v2\/users\/1"}],"acf:attachment":[{"embeddable":true,"href":"https:\/\/www.tesswave.com\/pl\/wp-json\/wp\/v2\/media\/4843"}],"wp:featuredmedia":[{"embeddable":true,"href":"https:\/\/www.tesswave.com\/pl\/wp-json\/wp\/v2\/media\/4843"}],"wp:attachment":[{"href":"https:\/\/www.tesswave.com\/pl\/wp-json\/wp\/v2\/media?parent=3561"}],"wp:term":[{"taxonomy":"product_cat","embeddable":true,"href":"https:\/\/www.tesswave.com\/pl\/wp-json\/wp\/v2\/product_cat?post=3561"},{"taxonomy":"product_tag","embeddable":true,"href":"https:\/\/www.tesswave.com\/pl\/wp-json\/wp\/v2\/product_tag?post=3561"}],"curies":[{"name":"wp","href":"https:\/\/api.w.org\/{rel}","templated":true}]}}