{"id":3642,"date":"2022-08-24T15:45:28","date_gmt":"2022-08-24T07:45:28","guid":{"rendered":"https:\/\/www.tesswave.com\/?post_type=product&#038;p=3642"},"modified":"2025-06-19T17:59:47","modified_gmt":"2025-06-19T09:59:47","slug":"1920-2170-mhz-directional-3g-yagi-antenna","status":"publish","type":"product","link":"https:\/\/www.tesswave.com\/pl\/product\/1920-2170-mhz-directional-3g-yagi-antenna\/","title":{"rendered":"1920-2170MHz 14dBi Antena kierunkowa 3G Yagi o wysokim wzmocnieniu"},"content":{"rendered":"<figure class=\"wp-block-table is-style-regular\"><table class=\"has-fixed-layout\"><tbody><tr><td><strong>Specyfikacje elektryczne<\/strong><\/td><td>&nbsp;<\/td><\/tr><tr><td>Cz\u0119stotliwo\u015b\u0107<\/td><td>1920-2170 MHz<\/td><\/tr><tr><td>Zysk<\/td><td>14 dBi<\/td><\/tr><tr><td>VSWR<\/td><td>&lt;1.5<\/td><\/tr><tr><td>Polaryzacja<\/td><td>Pionowy<\/td><\/tr><tr><td>Szeroko\u015b\u0107 wi\u0105zki poziomej<\/td><td>32\u00b0<\/td><\/tr><tr><td>Szeroko\u015b\u0107 wi\u0105zki pionowej<\/td><td>30\u00b0<\/td><\/tr><tr><td>Stosunek F\/B<\/td><td>\u226516dB<\/td><\/tr><tr><td>Impedancja<\/td><td>50 om\u00f3w<\/td><\/tr><tr><td>Maks. Moc wej\u015bciowa<\/td><td>100W<\/td><\/tr><tr><td>Ochrona odgromowa<\/td><td>Uziemienie DC<\/td><\/tr><tr><td><strong>Specyfikacje mechaniczne<\/strong><\/td><td>&nbsp;<\/td><\/tr><tr><td>Z\u0142\u0105cze<\/td><td>N Kobieta<\/td><\/tr><tr><td>Wymiar<\/td><td>640mm<\/td><\/tr><tr><td>Waga<\/td><td>0,3 kg<\/td><\/tr><tr><td>Monta\u017c<\/td><td>Maszt \u00d840-\u00d860 mm<\/td><\/tr><tr><td>Pr\u0119dko\u015b\u0107 wiatru<\/td><td>210 km\/h<\/td><\/tr><tr><td>Temperatura pracy<\/td><td>-40\u2103 - +65\u2103<\/td><\/tr><\/tbody><\/table><\/figure>","protected":false},"author":1,"featured_media":4839,"menu_order":0,"template":"","meta":{"_acf_changed":true},"product_cat":[249,331],"product_tag":[],"class_list":["post-3642","product","type-product","status-publish","has-post-thumbnail","hentry","product_cat-2g-3g-yagi-antennas","product_cat-1800-1900-mhz-antennas"],"acf":{"_sku":"TYC-1921-14E","product-image":[4839],"_price":"13","pdsms":null,"excerpt":"<ul>\r\n<li>Zakres cz\u0119stotliwo\u015bci: 1920-2170MHz<\/li>\r\n<li>14dBi o wysokim wzmocnieniu<\/li>\r\n<li>Odpowiedni dla aplikacji 3G Cellular<\/li>\r\n<li>W\u0105ska wi\u0105zka promieniowania kierunkowego dla po\u0142\u0105cze\u0144 punkt-punkt<\/li>\r\n<li>Typowe z\u0142\u0105cze \u017ce\u0144skie N z kablem niskostratnym 30cm RG58<\/li>\r\n<li>Monta\u017c na s\u0142upie zewn\u0119trznym<\/li>\r\n<\/ul>","faqs":""},"_links":{"self":[{"href":"https:\/\/www.tesswave.com\/pl\/wp-json\/wp\/v2\/product\/3642","targetHints":{"allow":["GET"]}}],"collection":[{"href":"https:\/\/www.tesswave.com\/pl\/wp-json\/wp\/v2\/product"}],"about":[{"href":"https:\/\/www.tesswave.com\/pl\/wp-json\/wp\/v2\/types\/product"}],"author":[{"embeddable":true,"href":"https:\/\/www.tesswave.com\/pl\/wp-json\/wp\/v2\/users\/1"}],"acf:attachment":[{"embeddable":true,"href":"https:\/\/www.tesswave.com\/pl\/wp-json\/wp\/v2\/media\/4839"}],"wp:featuredmedia":[{"embeddable":true,"href":"https:\/\/www.tesswave.com\/pl\/wp-json\/wp\/v2\/media\/4839"}],"wp:attachment":[{"href":"https:\/\/www.tesswave.com\/pl\/wp-json\/wp\/v2\/media?parent=3642"}],"wp:term":[{"taxonomy":"product_cat","embeddable":true,"href":"https:\/\/www.tesswave.com\/pl\/wp-json\/wp\/v2\/product_cat?post=3642"},{"taxonomy":"product_tag","embeddable":true,"href":"https:\/\/www.tesswave.com\/pl\/wp-json\/wp\/v2\/product_tag?post=3642"}],"curies":[{"name":"wp","href":"https:\/\/api.w.org\/{rel}","templated":true}]}}