{"id":4105,"date":"2022-11-02T17:04:16","date_gmt":"2022-11-02T09:04:16","guid":{"rendered":"https:\/\/www.tesswave.com\/?post_type=product&#038;p=4105"},"modified":"2025-06-19T17:59:04","modified_gmt":"2025-06-19T09:59:04","slug":"2g-3g-4g-lte-magnetic-mount-whip-antenna-698-2700mhz","status":"publish","type":"product","link":"https:\/\/www.tesswave.com\/pl\/product\/2g-3g-4g-lte-magnetic-mount-whip-antenna-698-2700mhz\/","title":{"rendered":"2G\/3G\/4G LTE Antena magnetyczna 698-2700MHz"},"content":{"rendered":"<figure class=\"wp-block-table is-style-regular\"><table class=\"has-fixed-layout\"><tbody><tr><td><strong><b>Specyfikacje elektryczne<\/b><\/strong><\/td><td>&nbsp;<\/td><\/tr><tr><td>Cz\u0119stotliwo\u015b\u0107<\/td><td>698-960\/1710-2700 MHz<\/td><\/tr><tr><td>Zysk<\/td><td>3\/3.5 dBi<\/td><\/tr><tr><td>VSWR<\/td><td>&lt;1.5<\/td><\/tr><tr><td>Polaryzacja<\/td><td>Pionowy<\/td><\/tr><tr><td>Szeroko\u015b\u0107 wi\u0105zki poziomej<\/td><td>360\u00b0<\/td><\/tr><tr><td>Szeroko\u015b\u0107 wi\u0105zki pionowej<\/td><td>60\u00b0<\/td><\/tr><tr><td>Impedancja<\/td><td>50 om\u00f3w<\/td><\/tr><tr><td>Maks. Moc wej\u015bciowa<\/td><td>50W<\/td><\/tr><tr><td>Ochrona odgromowa<\/td><td>Uziemienie DC<\/td><\/tr><tr><td><strong><b>Specyfikacje mechaniczne<\/b><\/strong><\/td><td>&nbsp;<\/td><\/tr><tr><td>Z\u0142\u0105cze<\/td><td>RP SMA m\u0119ski<\/td><\/tr><tr><td>Kabel<\/td><td>3 metry RG174<\/td><\/tr><tr><td>Wymiar<\/td><td>320 mm<\/td><\/tr><tr><td>Waga<\/td><td>110 g<\/td><\/tr><tr><td>Monta\u017c<\/td><td>Podstawa magnetyczna<\/td><\/tr><tr><td>Temperatura pracy<\/td><td>-40\u2103 - +65\u2103<\/td><\/tr><\/tbody><\/table><\/figure>","protected":false},"author":1,"featured_media":6056,"menu_order":0,"template":"","meta":{"_acf_changed":true},"product_cat":[87,337],"product_tag":[],"class_list":["post-4105","product","type-product","status-publish","has-post-thumbnail","hentry","product_cat-4g-lte-antennas","product_cat-698-2700-mhz-antennas"],"acf":{"_sku":"TMM-0727-4V","product-image":[6056],"_price":"8","pdsms":null,"excerpt":"<ul>\r\n<li>698-2700MHz Obs\u0142ugiwany zakres cz\u0119stotliwo\u015bci<\/li>\r\n<li>Wzorzec promieniowania dook\u00f3lnego o wysokim wzmocnieniu 3\/3.5dBi<\/li>\r\n<li>Odpowiedni dla aplikacji 2G\/3G\/4G LTE<\/li>\r\n<li>Magnetyczna podstawa monta\u017cowa<\/li>\r\n<li>Kable 3M RG174 lub niestandardowe<\/li>\r\n<li>Z\u0142\u0105cze SMA lub niestandardowe<\/li>\r\n<\/ul>","faqs":""},"_links":{"self":[{"href":"https:\/\/www.tesswave.com\/pl\/wp-json\/wp\/v2\/product\/4105","targetHints":{"allow":["GET"]}}],"collection":[{"href":"https:\/\/www.tesswave.com\/pl\/wp-json\/wp\/v2\/product"}],"about":[{"href":"https:\/\/www.tesswave.com\/pl\/wp-json\/wp\/v2\/types\/product"}],"author":[{"embeddable":true,"href":"https:\/\/www.tesswave.com\/pl\/wp-json\/wp\/v2\/users\/1"}],"acf:attachment":[{"embeddable":true,"href":"https:\/\/www.tesswave.com\/pl\/wp-json\/wp\/v2\/media\/6056"}],"wp:featuredmedia":[{"embeddable":true,"href":"https:\/\/www.tesswave.com\/pl\/wp-json\/wp\/v2\/media\/6056"}],"wp:attachment":[{"href":"https:\/\/www.tesswave.com\/pl\/wp-json\/wp\/v2\/media?parent=4105"}],"wp:term":[{"taxonomy":"product_cat","embeddable":true,"href":"https:\/\/www.tesswave.com\/pl\/wp-json\/wp\/v2\/product_cat?post=4105"},{"taxonomy":"product_tag","embeddable":true,"href":"https:\/\/www.tesswave.com\/pl\/wp-json\/wp\/v2\/product_tag?post=4105"}],"curies":[{"name":"wp","href":"https:\/\/api.w.org\/{rel}","templated":true}]}}