{"id":7151,"date":"2023-09-12T20:17:45","date_gmt":"2023-09-12T12:17:45","guid":{"rendered":"https:\/\/www.tesswave.com\/?post_type=product&#038;p=7151"},"modified":"2025-06-19T17:47:33","modified_gmt":"2025-06-19T09:47:33","slug":"2400-7125-mhz-13dbi-wifi-6e-mimo-panel-antenna","status":"publish","type":"product","link":"https:\/\/www.tesswave.com\/pl\/product\/2400-7125-mhz-13dbi-wifi-6e-mimo-panel-antenna\/","title":{"rendered":"2400-7125MHz 13dBi Zewn\u0119trzna 2-portowa kierunkowa antena panelowa WiFi 6E MIMO"},"content":{"rendered":"<figure class=\"wp-block-table\"><table class=\"has-fixed-layout\"><tbody><tr><td><strong>Specyfikacje elektryczne<\/strong><\/td><td colspan=\"2\">&nbsp;<\/td><\/tr><tr><td>Cz\u0119stotliwo\u015b\u0107-MHz<\/td><td>2400-2500<\/td><td>4900-7125<\/td><\/tr><tr><td>Gain-dBi<\/td><td>10<\/td><td>13<\/td><\/tr><tr><td>VSWR<\/td><td colspan=\"2\">&lt;2<\/td><\/tr><tr><td>Polaryzacja<\/td><td colspan=\"2\">Pionowo i poziomo<\/td><\/tr><tr><td>Szeroko\u015b\u0107 wi\u0105zki poziomej<\/td><td>55\u00b0<\/td><td>44\u00b0<\/td><\/tr><tr><td>Szeroko\u015b\u0107 wi\u0105zki pionowej<\/td><td>50\u00b0<\/td><td>40\u00b0<\/td><\/tr><tr><td>Stosunek F\/B<\/td><td colspan=\"2\">\u226525dB<\/td><\/tr><tr><td>Izolacja<\/td><td colspan=\"2\">\u226528dB<\/td><\/tr><tr><td>Impedancja<\/td><td colspan=\"2\">50 om\u00f3w<\/td><\/tr><tr><td>Maks. Moc wej\u015bciowa<\/td><td colspan=\"2\">50W<\/td><\/tr><tr><td>Ochrona odgromowa<\/td><td colspan=\"2\">Uziemienie DC<\/td><\/tr><tr><td><strong>Specyfikacje mechaniczne<\/strong><\/td><td colspan=\"2\">&nbsp;<\/td><\/tr><tr><td>Z\u0142\u0105cze<\/td><td colspan=\"2\">2\u00d7N \u017ce\u0144ski<\/td><\/tr><tr><td>Wymiar<\/td><td colspan=\"2\">205\u00d7180\u00d745mm<\/td><\/tr><tr><td>Waga<\/td><td colspan=\"2\">0,5 kg<\/td><\/tr><tr><td>Monta\u017c<\/td><td colspan=\"2\">Maszt \u00d830-\u00d850 mm<\/td><\/tr><tr><td>Materia\u0142 kopu\u0142y<\/td><td colspan=\"2\">ABS<\/td><\/tr><tr><td>Pr\u0119dko\u015b\u0107 wiatru<\/td><td colspan=\"2\">210 km\/h<\/td><\/tr><tr><td>Temperatura pracy<\/td><td colspan=\"2\">-40\u2103 - +65\u2103<\/td><\/tr><\/tbody><\/table><\/figure>","protected":false},"author":1,"featured_media":7548,"menu_order":0,"template":"","meta":{"_acf_changed":true},"product_cat":[166,338],"product_tag":[],"class_list":["post-7151","product","type-product","status-publish","has-post-thumbnail","hentry","product_cat-wifi-6-6e-antennas","product_cat-2400-7125-mhz-antennas"],"acf":{"_sku":"TPC-2472-13D","product-image":[7548],"_price":"","pdsms":null,"excerpt":"<ul>\r\n<li>Dzia\u0142a w pa\u015bmie 2400-2500\/4900-7125MHz<\/li>\r\n<li>10\/13dBi o wysokim wzmocnieniu<\/li>\r\n<li>Kierunkowy wz\u00f3r promieniowania<\/li>\r\n<li>Mocowanie na s\u0142upie do u\u017cytku na zewn\u0105trz<\/li>\r\n<li>Typowe z\u0142\u0105cze \u017ce\u0144skie N<\/li>\r\n<\/ul>","faqs":""},"_links":{"self":[{"href":"https:\/\/www.tesswave.com\/pl\/wp-json\/wp\/v2\/product\/7151","targetHints":{"allow":["GET"]}}],"collection":[{"href":"https:\/\/www.tesswave.com\/pl\/wp-json\/wp\/v2\/product"}],"about":[{"href":"https:\/\/www.tesswave.com\/pl\/wp-json\/wp\/v2\/types\/product"}],"author":[{"embeddable":true,"href":"https:\/\/www.tesswave.com\/pl\/wp-json\/wp\/v2\/users\/1"}],"acf:attachment":[{"embeddable":true,"href":"https:\/\/www.tesswave.com\/pl\/wp-json\/wp\/v2\/media\/7548"}],"wp:featuredmedia":[{"embeddable":true,"href":"https:\/\/www.tesswave.com\/pl\/wp-json\/wp\/v2\/media\/7548"}],"wp:attachment":[{"href":"https:\/\/www.tesswave.com\/pl\/wp-json\/wp\/v2\/media?parent=7151"}],"wp:term":[{"taxonomy":"product_cat","embeddable":true,"href":"https:\/\/www.tesswave.com\/pl\/wp-json\/wp\/v2\/product_cat?post=7151"},{"taxonomy":"product_tag","embeddable":true,"href":"https:\/\/www.tesswave.com\/pl\/wp-json\/wp\/v2\/product_tag?post=7151"}],"curies":[{"name":"wp","href":"https:\/\/api.w.org\/{rel}","templated":true}]}}