{"id":7480,"date":"2023-09-19T17:36:43","date_gmt":"2023-09-19T09:36:43","guid":{"rendered":"https:\/\/www.tesswave.com\/?post_type=product&#038;p=7480"},"modified":"2025-06-19T17:46:49","modified_gmt":"2025-06-19T09:46:49","slug":"2-4-5-ghz-6-ports-mimo-ceiling-antenna","status":"publish","type":"product","link":"https:\/\/www.tesswave.com\/pl\/product\/2-4-5-ghz-6-ports-mimo-ceiling-antenna\/","title":{"rendered":"Dwuzakresowa, 6-portowa, dook\u00f3lna antena sufitowa MIMO 2,4\/5 GHz"},"content":{"rendered":"<figure class=\"wp-block-table\"><table class=\"has-fixed-layout\"><tbody><tr><td><strong>Specyfikacje elektryczne<\/strong><\/td><td colspan=\"2\">&nbsp;<\/td><\/tr><tr><td>Cz\u0119stotliwo\u015b\u0107 - MHz<\/td><td>2400-2500<\/td><td>4900-5850<\/td><\/tr><tr><td>Gain-dBi<\/td><td>3<\/td><td>4<\/td><\/tr><tr><td>VSWR<\/td><td colspan=\"2\">&lt;2<\/td><\/tr><tr><td>Polaryzacja<\/td><td colspan=\"2\">Pionowy<\/td><\/tr><tr><td>Szeroko\u015b\u0107 wi\u0105zki poziomej<\/td><td colspan=\"2\">360\u00b0<\/td><\/tr><tr><td>Szeroko\u015b\u0107 wi\u0105zki pionowej<\/td><td>65\u00b0<\/td><td>55\u00b0<\/td><\/tr><tr><td>Impedancja<\/td><td colspan=\"2\">50 om\u00f3w<\/td><\/tr><tr><td>Maks. Moc wej\u015bciowa<\/td><td colspan=\"2\">100W<\/td><\/tr><tr><td>Ochrona odgromowa<\/td><td colspan=\"2\">Uziemienie DC<\/td><\/tr><tr><td><strong>Specyfikacje mechaniczne<\/strong><\/td><td colspan=\"2\">&nbsp;<\/td><\/tr><tr><td>Z\u0142\u0105cze<\/td><td colspan=\"2\">6\u00d7SMA m\u0119ski<\/td><\/tr><tr><td>Wymiar<\/td><td colspan=\"2\">\u00d8145\u00d765mm<\/td><\/tr><tr><td>Waga<\/td><td colspan=\"2\">0,25 kg<\/td><\/tr><tr><td>Monta\u017c<\/td><td colspan=\"2\">Monta\u017c sufitowy<\/td><\/tr><tr><td>Materia\u0142 kopu\u0142y<\/td><td colspan=\"2\">ABS<\/td><\/tr><tr><td>Pr\u0119dko\u015b\u0107 wiatru<\/td><td colspan=\"2\">210 km\/h<\/td><\/tr><tr><td>Temperatura pracy<\/td><td colspan=\"2\">-40\u2103 - +65\u2103<\/td><\/tr><\/tbody><\/table><\/figure>","protected":false},"author":1,"featured_media":7481,"menu_order":0,"template":"","meta":{"_acf_changed":true},"product_cat":[257,335,258,327],"product_tag":[],"class_list":["post-7480","product","type-product","status-publish","has-post-thumbnail","hentry","product_cat-mimo-ceiling-antennas","product_cat-2-4-5-ghz-antennas","product_cat-ceiling-wifi-antennas","product_cat-dual-band-wifi-antennas"],"acf":{"_sku":"TCC-2458-4FV","product-image":[7481],"_price":"","pdsms":null,"excerpt":"<ul>\r\n<li>Dzia\u0142a na 2400-2500\/4900-5850MHz<\/li>\r\n<li>Wielokierunkowy wz\u00f3r promieniowania dla zasi\u0119gu wewn\u0105trz pomieszcze\u0144<\/li>\r\n<li>6 port\u00f3w w technologii MIMO<\/li>\r\n<li>Typowe z\u0142\u0105cze m\u0119skie SMA<\/li>\r\n<li>\u0141atwy monta\u017c na suficie<\/li>\r\n<\/ul>","faqs":""},"_links":{"self":[{"href":"https:\/\/www.tesswave.com\/pl\/wp-json\/wp\/v2\/product\/7480","targetHints":{"allow":["GET"]}}],"collection":[{"href":"https:\/\/www.tesswave.com\/pl\/wp-json\/wp\/v2\/product"}],"about":[{"href":"https:\/\/www.tesswave.com\/pl\/wp-json\/wp\/v2\/types\/product"}],"author":[{"embeddable":true,"href":"https:\/\/www.tesswave.com\/pl\/wp-json\/wp\/v2\/users\/1"}],"acf:attachment":[{"embeddable":true,"href":"https:\/\/www.tesswave.com\/pl\/wp-json\/wp\/v2\/media\/7481"}],"wp:featuredmedia":[{"embeddable":true,"href":"https:\/\/www.tesswave.com\/pl\/wp-json\/wp\/v2\/media\/7481"}],"wp:attachment":[{"href":"https:\/\/www.tesswave.com\/pl\/wp-json\/wp\/v2\/media?parent=7480"}],"wp:term":[{"taxonomy":"product_cat","embeddable":true,"href":"https:\/\/www.tesswave.com\/pl\/wp-json\/wp\/v2\/product_cat?post=7480"},{"taxonomy":"product_tag","embeddable":true,"href":"https:\/\/www.tesswave.com\/pl\/wp-json\/wp\/v2\/product_tag?post=7480"}],"curies":[{"name":"wp","href":"https:\/\/api.w.org\/{rel}","templated":true}]}}