{"id":7517,"date":"2023-09-20T11:09:41","date_gmt":"2023-09-20T03:09:41","guid":{"rendered":"https:\/\/www.tesswave.com\/?post_type=product&#038;p=7517"},"modified":"2025-06-19T17:38:44","modified_gmt":"2025-06-19T09:38:44","slug":"3-3-3-8-ghz-18dbi-panel-antenna","status":"publish","type":"product","link":"https:\/\/www.tesswave.com\/pl\/product\/3-3-3-8-ghz-18dbi-panel-antenna\/","title":{"rendered":"3.3-3.8 GHz 18dBi Zewn\u0119trzna kierunkowa antena panelowa WiMax o wysokim wzmocnieniu"},"content":{"rendered":"<figure class=\"wp-block-table\"><table class=\"has-fixed-layout\"><tbody><tr><td><strong>Specyfikacje elektryczne<\/strong><\/td><td>&nbsp;<\/td><\/tr><tr><td>Cz\u0119stotliwo\u015b\u0107<\/td><td>3300-3800 MHz<\/td><\/tr><tr><td>Zysk<\/td><td>18 dBi<\/td><\/tr><tr><td>VSWR<\/td><td>&lt;2<\/td><\/tr><tr><td>Polaryzacja<\/td><td>Pionowy<\/td><\/tr><tr><td>Szeroko\u015b\u0107 wi\u0105zki poziomej<\/td><td>21\u00b0<\/td><\/tr><tr><td>Szeroko\u015b\u0107 wi\u0105zki pionowej<\/td><td>21\u00b0<\/td><\/tr><tr><td>Stosunek F\/B<\/td><td>\u226520dB<\/td><\/tr><tr><td>Impedancja<\/td><td>50 om\u00f3w<\/td><\/tr><tr><td>Maks. Moc wej\u015bciowa<\/td><td>100W<\/td><\/tr><tr><td>Ochrona odgromowa<\/td><td>Uziemienie DC<\/td><\/tr><tr><td><strong>Specyfikacje mechaniczne<\/strong><\/td><td>&nbsp;<\/td><\/tr><tr><td>Z\u0142\u0105cze<\/td><td>N Kobieta<\/td><\/tr><tr><td>Wymiar<\/td><td>250\u00d7250\u00d725mm<\/td><\/tr><tr><td>Waga<\/td><td>0,7 kg<\/td><\/tr><tr><td>Monta\u017c<\/td><td>Maszt \u00d840-\u00d860 mm<\/td><\/tr><tr><td>Materia\u0142 kopu\u0142y<\/td><td>ABS<\/td><\/tr><tr><td>Pr\u0119dko\u015b\u0107 wiatru<\/td><td>210 km\/h<\/td><\/tr><tr><td>Temperatura pracy<\/td><td>-40\u2103 - +65\u2103<\/td><\/tr><\/tbody><\/table><\/figure>","protected":false},"author":1,"featured_media":7518,"menu_order":0,"template":"","meta":{"_acf_changed":true},"product_cat":[260,333],"product_tag":[],"class_list":["post-7517","product","type-product","status-publish","has-post-thumbnail","hentry","product_cat-panel-wimax-antennas","product_cat-3-ghz-antennas"],"acf":{"_sku":"TPC-3338-18E","product-image":[7518],"_price":"","pdsms":null,"excerpt":"<ul>\r\n<li>Dzia\u0142a w pa\u015bmie cz\u0119stotliwo\u015bci 3300-3800MHz<\/li>\r\n<li>Wysokie wzmocnienie True 18dBi<\/li>\r\n<li>W\u0105ska wi\u0105zka kierunkowa do po\u0142\u0105cze\u0144 punkt-punkt<\/li>\r\n<li>Monta\u017c na s\u0142upie zewn\u0119trznym<\/li>\r\n<li>Wytrzyma\u0142a, odporna na warunki atmosferyczne obudowa anteny z tworzywa ABS<\/li>\r\n<li>Wymiary: 250\u00d7250\u00d725mm<\/li>\r\n<li>N Z\u0142\u0105cze \u017ce\u0144skie<\/li>\r\n<li>Odporno\u015b\u0107 na deszcz i py\u0142 IP66<\/li>\r\n<\/ul>","faqs":""},"_links":{"self":[{"href":"https:\/\/www.tesswave.com\/pl\/wp-json\/wp\/v2\/product\/7517","targetHints":{"allow":["GET"]}}],"collection":[{"href":"https:\/\/www.tesswave.com\/pl\/wp-json\/wp\/v2\/product"}],"about":[{"href":"https:\/\/www.tesswave.com\/pl\/wp-json\/wp\/v2\/types\/product"}],"author":[{"embeddable":true,"href":"https:\/\/www.tesswave.com\/pl\/wp-json\/wp\/v2\/users\/1"}],"acf:attachment":[{"embeddable":true,"href":"https:\/\/www.tesswave.com\/pl\/wp-json\/wp\/v2\/media\/7518"}],"wp:featuredmedia":[{"embeddable":true,"href":"https:\/\/www.tesswave.com\/pl\/wp-json\/wp\/v2\/media\/7518"}],"wp:attachment":[{"href":"https:\/\/www.tesswave.com\/pl\/wp-json\/wp\/v2\/media?parent=7517"}],"wp:term":[{"taxonomy":"product_cat","embeddable":true,"href":"https:\/\/www.tesswave.com\/pl\/wp-json\/wp\/v2\/product_cat?post=7517"},{"taxonomy":"product_tag","embeddable":true,"href":"https:\/\/www.tesswave.com\/pl\/wp-json\/wp\/v2\/product_tag?post=7517"}],"curies":[{"name":"wp","href":"https:\/\/api.w.org\/{rel}","templated":true}]}}