{"id":7524,"date":"2023-09-20T11:30:11","date_gmt":"2023-09-20T03:30:11","guid":{"rendered":"https:\/\/www.tesswave.com\/?post_type=product&#038;p=7524"},"modified":"2025-06-19T17:38:15","modified_gmt":"2025-06-19T09:38:15","slug":"3-3-3-8-11dbi-outdoor-omni-antenna","status":"publish","type":"product","link":"https:\/\/www.tesswave.com\/pl\/product\/3-3-3-8-11dbi-outdoor-omni-antenna\/","title":{"rendered":"3.3-3.8GHz 11dBi Zewn\u0119trzna antena dook\u00f3lna WiMax"},"content":{"rendered":"<figure class=\"wp-block-table\"><table class=\"has-fixed-layout\"><tbody><tr><td><strong>Specyfikacje elektryczne<\/strong><\/td><td>&nbsp;<\/td><\/tr><tr><td>Cz\u0119stotliwo\u015b\u0107<\/td><td>3300-3800 MHz<\/td><\/tr><tr><td>Zysk<\/td><td>11 dBi<\/td><\/tr><tr><td>VSWR<\/td><td>&lt;1.5<\/td><\/tr><tr><td>Polaryzacja<\/td><td>Pionowy<\/td><\/tr><tr><td>Szeroko\u015b\u0107 wi\u0105zki poziomej<\/td><td>360\u00b0<\/td><\/tr><tr><td>Szeroko\u015b\u0107 wi\u0105zki pionowej<\/td><td>8.5\u00b0<\/td><\/tr><tr><td>Impedancja<\/td><td>50 om\u00f3w<\/td><\/tr><tr><td>Maks. Moc wej\u015bciowa<\/td><td>100W<\/td><\/tr><tr><td>Ochrona odgromowa<\/td><td>Uziemienie DC<\/td><\/tr><tr><td><strong>Specyfikacje mechaniczne<\/strong><\/td><td>&nbsp;<\/td><\/tr><tr><td>Z\u0142\u0105cze<\/td><td>N Kobieta<\/td><\/tr><tr><td>Wymiar<\/td><td>\u00d825\u00d7630mm<\/td><\/tr><tr><td>Waga<\/td><td>0,7 kg<\/td><\/tr><tr><td>Monta\u017c<\/td><td>Maszt \u00d830-\u00d850 mm<\/td><\/tr><tr><td>Materia\u0142 kopu\u0142y<\/td><td>W\u0142\u00f3kno szklane (bia\u0142e)<\/td><\/tr><tr><td>Pr\u0119dko\u015b\u0107 wiatru<\/td><td>210 km\/h<\/td><\/tr><tr><td>Temperatura pracy<\/td><td>-40\u2103 - +65\u2103<\/td><\/tr><\/tbody><\/table><\/figure>","protected":false},"author":1,"featured_media":7525,"menu_order":0,"template":"","meta":{"_acf_changed":true},"product_cat":[259,333,88],"product_tag":[],"class_list":["post-7524","product","type-product","status-publish","has-post-thumbnail","hentry","product_cat-omni-wimax-antennas","product_cat-3-ghz-antennas","product_cat-5g-antennas"],"acf":{"_sku":"TOF-3338-11V","product-image":[7525],"_price":"","pdsms":null,"excerpt":"<ul>\r\n<li>Dzia\u0142a\u0142 w pa\u015bmie 3300-3800MHz Wimax<\/li>\r\n<li>Konstrukcja o wysokim wzmocnieniu 11dBi<\/li>\r\n<li>Dook\u00f3lny wz\u00f3r promieniowania 360 stopni<\/li>\r\n<li>Wytrzyma\u0142a kopu\u0142a z w\u0142\u00f3kna szklanego<\/li>\r\n<li>Typowe z\u0142\u0105cze \u017ce\u0144skie N<\/li>\r\n<\/ul>","faqs":""},"_links":{"self":[{"href":"https:\/\/www.tesswave.com\/pl\/wp-json\/wp\/v2\/product\/7524","targetHints":{"allow":["GET"]}}],"collection":[{"href":"https:\/\/www.tesswave.com\/pl\/wp-json\/wp\/v2\/product"}],"about":[{"href":"https:\/\/www.tesswave.com\/pl\/wp-json\/wp\/v2\/types\/product"}],"author":[{"embeddable":true,"href":"https:\/\/www.tesswave.com\/pl\/wp-json\/wp\/v2\/users\/1"}],"acf:attachment":[{"embeddable":true,"href":"https:\/\/www.tesswave.com\/pl\/wp-json\/wp\/v2\/media\/7525"}],"wp:featuredmedia":[{"embeddable":true,"href":"https:\/\/www.tesswave.com\/pl\/wp-json\/wp\/v2\/media\/7525"}],"wp:attachment":[{"href":"https:\/\/www.tesswave.com\/pl\/wp-json\/wp\/v2\/media?parent=7524"}],"wp:term":[{"taxonomy":"product_cat","embeddable":true,"href":"https:\/\/www.tesswave.com\/pl\/wp-json\/wp\/v2\/product_cat?post=7524"},{"taxonomy":"product_tag","embeddable":true,"href":"https:\/\/www.tesswave.com\/pl\/wp-json\/wp\/v2\/product_tag?post=7524"}],"curies":[{"name":"wp","href":"https:\/\/api.w.org\/{rel}","templated":true}]}}