{"id":7574,"date":"2023-09-21T21:59:21","date_gmt":"2023-09-21T13:59:21","guid":{"rendered":"https:\/\/www.tesswave.com\/?post_type=product&#038;p=7574"},"modified":"2025-06-19T17:35:31","modified_gmt":"2025-06-19T09:35:31","slug":"2-4-7-2-ghz-outdoor-omni-3-ports-mimo-antenna","status":"publish","type":"product","link":"https:\/\/www.tesswave.com\/pl\/product\/2-4-7-2-ghz-outdoor-omni-3-ports-mimo-antenna\/","title":{"rendered":"2400-7125MHz Zewn\u0119trzna wielokierunkowa antena 3\u00d73 MIMO WiFi 6E z 3 portami"},"content":{"rendered":"<figure class=\"wp-block-table\"><table class=\"has-fixed-layout\"><tbody><tr><td><strong>Specyfikacje elektryczne<\/strong><\/td><td colspan=\"2\">&nbsp;<\/td><\/tr><tr><td>Cz\u0119stotliwo\u015b\u0107-MHz<\/td><td>2400-2500<\/td><td>4900-7125<\/td><\/tr><tr><td>Gain-dBi<\/td><td>4<\/td><td>6<\/td><\/tr><tr><td>VSWR<\/td><td>&lt;1.5<\/td><td>&lt;2.2<\/td><\/tr><tr><td>Polaryzacja<\/td><td colspan=\"2\">Pionowy<\/td><\/tr><tr><td>Szeroko\u015b\u0107 wi\u0105zki poziomej<\/td><td colspan=\"2\">360\u00b0<\/td><\/tr><tr><td>Szeroko\u015b\u0107 wi\u0105zki pionowej<\/td><td>48\u00b0<\/td><td>28\u00b0<\/td><\/tr><tr><td>Impedancja<\/td><td colspan=\"2\">50\u03a9<\/td><\/tr><tr><td>Maks. Moc wej\u015bciowa<\/td><td colspan=\"2\">50W<\/td><\/tr><tr><td>Ochrona odgromowa<\/td><td colspan=\"2\">Uziemienie DC<\/td><\/tr><tr><td><strong>Specyfikacje mechaniczne<\/strong><\/td><td colspan=\"2\">&nbsp;<\/td><\/tr><tr><td>Z\u0142\u0105cze<\/td><td colspan=\"2\">3\u00d7RP SMA m\u0119ski<\/td><\/tr><tr><td>Wymiar<\/td><td colspan=\"2\">\u00d8128\u00d7220 mm<\/td><\/tr><tr><td>Waga<\/td><td colspan=\"2\">1,3 kg<\/td><\/tr><tr><td>Monta\u017c<\/td><td colspan=\"2\">Maszt \u00d830-\u00d850 mm<\/td><\/tr><tr><td>Materia\u0142 kopu\u0142y<\/td><td colspan=\"2\">Odporno\u015b\u0107 na promieniowanie UV PVC<\/td><\/tr><tr><td>Pr\u0119dko\u015b\u0107 wiatru<\/td><td colspan=\"2\">210 km\/h<\/td><\/tr><tr><td>Temperatura pracy<\/td><td colspan=\"2\">-40\u2103 - +65\u2103<\/td><\/tr><\/tbody><\/table><\/figure>","protected":false},"author":1,"featured_media":7575,"menu_order":0,"template":"","meta":{"_acf_changed":true},"product_cat":[166,338,247],"product_tag":[],"class_list":["post-7574","product","type-product","status-publish","has-post-thumbnail","hentry","product_cat-wifi-6-6e-antennas","product_cat-2400-7125-mhz-antennas","product_cat-mimo-omni-antennas"],"acf":{"_sku":"TOF-2472-6CV","product-image":[7575],"_price":"","pdsms":null,"excerpt":"<ul>\r\n<li>Pasmo cz\u0119stotliwo\u015bci 2400-2500\/4900-7125MHz na ka\u017cdym porcie<\/li>\r\n<li>Prawdziwy zysk: 4dBi@2.4GHz i 6dBi@5\/6GHz<\/li>\r\n<li>Trzy niezale\u017cne anteny pionowe w jednej obudowie<\/li>\r\n<li>Monta\u017c na s\u0142upie zewn\u0119trznym<\/li>\r\n<li>Wytrzyma\u0142a obudowa anteny z PVC chroniona przed promieniowaniem UV<\/li>\r\n<li>Wymiary: \u03a6128\u00d7220 mm<\/li>\r\n<li>Z\u0142\u0105cze m\u0119skie 3\u00d7RP-SMA z kablem 30cm<\/li>\r\n<\/ul>","faqs":""},"_links":{"self":[{"href":"https:\/\/www.tesswave.com\/pl\/wp-json\/wp\/v2\/product\/7574","targetHints":{"allow":["GET"]}}],"collection":[{"href":"https:\/\/www.tesswave.com\/pl\/wp-json\/wp\/v2\/product"}],"about":[{"href":"https:\/\/www.tesswave.com\/pl\/wp-json\/wp\/v2\/types\/product"}],"author":[{"embeddable":true,"href":"https:\/\/www.tesswave.com\/pl\/wp-json\/wp\/v2\/users\/1"}],"acf:attachment":[{"embeddable":true,"href":"https:\/\/www.tesswave.com\/pl\/wp-json\/wp\/v2\/media\/7575"}],"wp:featuredmedia":[{"embeddable":true,"href":"https:\/\/www.tesswave.com\/pl\/wp-json\/wp\/v2\/media\/7575"}],"wp:attachment":[{"href":"https:\/\/www.tesswave.com\/pl\/wp-json\/wp\/v2\/media?parent=7574"}],"wp:term":[{"taxonomy":"product_cat","embeddable":true,"href":"https:\/\/www.tesswave.com\/pl\/wp-json\/wp\/v2\/product_cat?post=7574"},{"taxonomy":"product_tag","embeddable":true,"href":"https:\/\/www.tesswave.com\/pl\/wp-json\/wp\/v2\/product_tag?post=7574"}],"curies":[{"name":"wp","href":"https:\/\/api.w.org\/{rel}","templated":true}]}}