{"id":7602,"date":"2023-09-22T16:26:36","date_gmt":"2023-09-22T08:26:36","guid":{"rendered":"https:\/\/www.tesswave.com\/?post_type=product&#038;p=7602"},"modified":"2025-06-19T17:00:59","modified_gmt":"2025-06-19T09:00:59","slug":"external-gps-4g-combo-antenna","status":"publish","type":"product","link":"https:\/\/www.tesswave.com\/pl\/product\/external-gps-4g-combo-antenna\/","title":{"rendered":"Zewn\u0119trzna aktywna antena 2 w 1 GPS\/GNSS 4G LTE SMA 698-2700\/1575.42MHz z mocowaniem magnetycznym\/przylepnym"},"content":{"rendered":"<figure class=\"wp-block-table\"><table class=\"has-fixed-layout\"><tbody><tr><td><strong>Specyfikacje elektryczne<\/strong><\/td><td>&nbsp;<\/td><td>&nbsp;<\/td><\/tr><tr><td>&nbsp;<\/td><td>Kabel 1 (4G LTE)<\/td><td>Kabel2 (GNSS)<\/td><\/tr><tr><td>Cz\u0119stotliwo\u015b\u0107<\/td><td>698-960\/1710-2700MHz<\/td><td>1575.42MHz\/1598-1606MHz<\/td><\/tr><tr><td>Zysk<\/td><td>1-3dBi<\/td><td>4.5dBic<\/td><\/tr><tr><td>Wzmocnienie (LNA)<\/td><td>\/<\/td><td>28\u00b12dB<\/td><\/tr><tr><td>VSWR<\/td><td>&lt;2<\/td><td>&lt;2<\/td><\/tr><tr><td>Wykres szum\u00f3w (LNA)<\/td><td>\/<\/td><td>&lt;1.5<\/td><\/tr><tr><td>Polaryzacja<\/td><td>Liniowy<\/td><td>RHCP<\/td><\/tr><tr><td>Wsp\u00f3\u0142czynnik osiowy<\/td><td>\/<\/td><td>3dB (maks.)<\/td><\/tr><tr><td>Napi\u0119cie zasilania (LNA)<\/td><td>\/<\/td><td>3~5,5 V DC<\/td><\/tr><tr><td>Impedancja<\/td><td>50 om\u00f3w<\/td><td>50 om\u00f3w<\/td><\/tr><tr><td>Maks. Moc wej\u015bciowa<\/td><td>50W<\/td><td>50W<\/td><\/tr><tr><td><strong>Specyfikacje mechaniczne<\/strong><\/td><td>&nbsp;<\/td><td>&nbsp;<\/td><\/tr><tr><td>Z\u0142\u0105cze<\/td><td>SMA M\u0119skie<\/td><td>SMA M\u0119skie<\/td><\/tr><tr><td>Kabel<\/td><td>RG174 (3 metry)<\/td><td>RG174 (3 metry)<\/td><\/tr><tr><td>Wymiar-mm<\/td><td>\u00d881\u00d7H15<\/td><td>&nbsp;<\/td><\/tr><tr><td>Waga<\/td><td>0,3 kg<\/td><td>&nbsp;<\/td><\/tr><tr><td>Monta\u017c<\/td><td>Mocowanie samoprzylepne lub magnetyczne<\/td><td>&nbsp;<\/td><\/tr><tr><td>Materia\u0142 kopu\u0142y<\/td><td>ABS<\/td><td>&nbsp;<\/td><\/tr><tr><td>Ochrona przed wnikaniem<\/td><td>IP66<\/td><td>&nbsp;<\/td><\/tr><tr><td>Temperatura pracy<\/td><td>-40\u2103 do +65\u2103<\/td><td><\/td><\/tr><\/tbody><\/table><\/figure>","protected":false},"author":1,"featured_media":7603,"menu_order":0,"template":"","meta":{"_acf_changed":true},"product_cat":[262,263],"product_tag":[],"class_list":["post-7602","product","type-product","status-publish","has-post-thumbnail","hentry","product_cat-gnss-gps-antennas","product_cat-combo-antennas"],"acf":{"_sku":"TCP-0716-3VRC-SM3","product-image":[7603],"_price":"","pdsms":null,"excerpt":"<ul>\r\n<li>2 w 1 dla 4G LTE i GNSS (GPS, BeiDou, Galileo i GLONASS)<\/li>\r\n<li>Mocowanie samoprzylepne lub magnetyczne<\/li>\r\n<li>Wbudowany modu\u0142 wzmacniacza dla GPS<\/li>\r\n<li>Z\u0142\u0105cze m\u0119skie SMA<\/li>\r\n<\/ul>","faqs":""},"_links":{"self":[{"href":"https:\/\/www.tesswave.com\/pl\/wp-json\/wp\/v2\/product\/7602","targetHints":{"allow":["GET"]}}],"collection":[{"href":"https:\/\/www.tesswave.com\/pl\/wp-json\/wp\/v2\/product"}],"about":[{"href":"https:\/\/www.tesswave.com\/pl\/wp-json\/wp\/v2\/types\/product"}],"author":[{"embeddable":true,"href":"https:\/\/www.tesswave.com\/pl\/wp-json\/wp\/v2\/users\/1"}],"acf:attachment":[{"embeddable":true,"href":"https:\/\/www.tesswave.com\/pl\/wp-json\/wp\/v2\/media\/7603"}],"wp:featuredmedia":[{"embeddable":true,"href":"https:\/\/www.tesswave.com\/pl\/wp-json\/wp\/v2\/media\/7603"}],"wp:attachment":[{"href":"https:\/\/www.tesswave.com\/pl\/wp-json\/wp\/v2\/media?parent=7602"}],"wp:term":[{"taxonomy":"product_cat","embeddable":true,"href":"https:\/\/www.tesswave.com\/pl\/wp-json\/wp\/v2\/product_cat?post=7602"},{"taxonomy":"product_tag","embeddable":true,"href":"https:\/\/www.tesswave.com\/pl\/wp-json\/wp\/v2\/product_tag?post=7602"}],"curies":[{"name":"wp","href":"https:\/\/api.w.org\/{rel}","templated":true}]}}