{"id":1333,"date":"2021-09-18T17:05:57","date_gmt":"2021-09-18T09:05:57","guid":{"rendered":"https:\/\/www.tesswave.com\/?page_id=1333"},"modified":"2025-06-21T22:58:36","modified_gmt":"2025-06-21T14:58:36","slug":"quality-control","status":"publish","type":"page","link":"https:\/\/www.tesswave.com\/pt\/quality-control\/","title":{"rendered":"Controlo de qualidade"},"content":{"rendered":"<div data-elementor-type=\"wp-page\" data-elementor-id=\"1333\" class=\"elementor elementor-1333\" data-elementor-post-type=\"page\">\n\t\t\t\t<div class=\"elementor-element elementor-element-51020ca e-flex e-con-boxed e-con e-parent\" data-id=\"51020ca\" data-element_type=\"container\" data-e-type=\"container\" data-settings=\"{&quot;background_background&quot;:&quot;classic&quot;,&quot;ekit_has_onepagescroll_dot&quot;:&quot;yes&quot;}\">\n\t\t\t\t\t<div class=\"e-con-inner\">\n\t\t\t\t<div class=\"elementor-element elementor-element-f07d8b8 elementor-widget elementor-widget-heading\" data-id=\"f07d8b8\" data-element_type=\"widget\" data-e-type=\"widget\" data-settings=\"{&quot;ekit_we_effect_on&quot;:&quot;none&quot;}\" data-widget_type=\"heading.default\">\n\t\t\t\t<div class=\"elementor-widget-container\">\n\t\t\t\t\t<h2 class=\"elementor-heading-title elementor-size-default\">Controlo de qualidade<\/h2>\t\t\t\t<\/div>\n\t\t\t\t<\/div>\n\t\t\t\t<div class=\"elementor-element elementor-element-6b79359 elementor-widget elementor-widget-breadcrumbs\" data-id=\"6b79359\" data-element_type=\"widget\" data-e-type=\"widget\" data-settings=\"{&quot;ekit_we_effect_on&quot;:&quot;none&quot;}\" data-widget_type=\"breadcrumbs.default\">\n\t\t\t\t<div class=\"elementor-widget-container\">\n\t\t\t\t\t<nav aria-label=\"p\u00e3o ralado\" class=\"rank-math-breadcrumb\"><p><span class=\"last\">In\u00edcio<\/span><\/p><\/nav>\t\t\t\t<\/div>\n\t\t\t\t<\/div>\n\t\t\t\t\t<\/div>\n\t\t\t\t<\/div>\n\t\t<div class=\"elementor-element elementor-element-56d2d13 e-flex e-con-boxed e-con e-parent\" data-id=\"56d2d13\" data-element_type=\"container\" data-e-type=\"container\" data-settings=\"{&quot;ekit_has_onepagescroll_dot&quot;:&quot;yes&quot;}\">\n\t\t\t\t\t<div class=\"e-con-inner\">\n\t\t\t\t<div class=\"elementor-element elementor-element-2c58611 elementor-widget elementor-widget-heading\" data-id=\"2c58611\" data-element_type=\"widget\" data-e-type=\"widget\" data-settings=\"{&quot;ekit_we_effect_on&quot;:&quot;none&quot;}\" data-widget_type=\"heading.default\">\n\t\t\t\t<div class=\"elementor-widget-container\">\n\t\t\t\t\t<h2 class=\"elementor-heading-title elementor-size-large\">Consideramos que a qualidade \u00e9 a vida<\/h2>\t\t\t\t<\/div>\n\t\t\t\t<\/div>\n\t\t\t\t<div class=\"elementor-element elementor-element-9e2ca8c elementor-widget__width-initial elementor-widget elementor-widget-text-editor\" data-id=\"9e2ca8c\" data-element_type=\"widget\" data-e-type=\"widget\" data-settings=\"{&quot;ekit_we_effect_on&quot;:&quot;none&quot;}\" data-widget_type=\"text-editor.default\">\n\t\t\t\t<div class=\"elementor-widget-container\">\n\t\t\t\t\t\t\t\t\t<p>Como uma empresa de fabrico de antenas que passou <a href=\"https:\/\/www.tesswave.com\/pt\/certifications\/\">Certifica\u00e7\u00e3o ISO 9001:2015<\/a>A empresa tem um sistema de controlo de qualidade rigoroso, desde as mat\u00e9rias-primas at\u00e9 aos produtos acabados, para garantir que fornece produtos de antena da mais alta qualidade aos clientes em todo o mundo. A empresa tem um sistema de controlo de qualidade rigoroso, desde as mat\u00e9rias-primas at\u00e9 aos produtos acabados, para garantir que fornece produtos de antena da mais elevada qualidade a clientes de todo o mundo.<\/p>\t\t\t\t\t\t\t\t<\/div>\n\t\t\t\t<\/div>\n\t\t\t\t\t<\/div>\n\t\t\t\t<\/div>\n\t\t<div class=\"elementor-element elementor-element-07c86bb e-flex e-con-boxed e-con e-parent\" data-id=\"07c86bb\" data-element_type=\"container\" data-e-type=\"container\" data-settings=\"{&quot;ekit_has_onepagescroll_dot&quot;:&quot;yes&quot;}\">\n\t\t\t\t\t<div class=\"e-con-inner\">\n\t\t<div class=\"elementor-element elementor-element-b5c56d8 e-con-full e-flex e-con e-child\" data-id=\"b5c56d8\" data-element_type=\"container\" data-e-type=\"container\" data-settings=\"{&quot;ekit_has_onepagescroll_dot&quot;:&quot;yes&quot;}\">\n\t\t\t\t<div class=\"elementor-element elementor-element-a0b35ae elementor-widget elementor-widget-heading\" data-id=\"a0b35ae\" data-element_type=\"widget\" data-e-type=\"widget\" data-settings=\"{&quot;ekit_we_effect_on&quot;:&quot;none&quot;}\" data-widget_type=\"heading.default\">\n\t\t\t\t<div class=\"elementor-widget-container\">\n\t\t\t\t\t<h2 class=\"elementor-heading-title elementor-size-default\">Controlo das mat\u00e9rias-primas<\/h2>\t\t\t\t<\/div>\n\t\t\t\t<\/div>\n\t\t\t\t<div class=\"elementor-element elementor-element-0b66d8b elementor-widget elementor-widget-text-editor\" data-id=\"0b66d8b\" data-element_type=\"widget\" data-e-type=\"widget\" data-settings=\"{&quot;ekit_we_effect_on&quot;:&quot;none&quot;}\" data-widget_type=\"text-editor.default\">\n\t\t\t\t<div class=\"elementor-widget-container\">\n\t\t\t\t\t\t\t\t\t<p>Sempre acredit\u00e1mos que o controlo de qualidade das mat\u00e9rias-primas \u00e9 a parte mais importante e indispens\u00e1vel da ind\u00fastria transformadora. Dedicamos muito esfor\u00e7o \u00e0 sele\u00e7\u00e3o de fornecedores de mat\u00e9rias-primas para garantir a taxa de qualifica\u00e7\u00e3o das mat\u00e9rias-primas, melhorando assim a nossa efici\u00eancia de produ\u00e7\u00e3o e optimizando o ciclo de produ\u00e7\u00e3o.<\/p>\t\t\t\t\t\t\t\t<\/div>\n\t\t\t\t<\/div>\n\t\t\t\t<\/div>\n\t\t<div class=\"elementor-element elementor-element-5beec8c e-con-full e-flex e-con e-child\" data-id=\"5beec8c\" data-element_type=\"container\" data-e-type=\"container\" data-settings=\"{&quot;ekit_has_onepagescroll_dot&quot;:&quot;yes&quot;}\">\n\t\t\t\t<div class=\"elementor-element elementor-element-25a4082 elementor-widget elementor-widget-image\" data-id=\"25a4082\" data-element_type=\"widget\" data-e-type=\"widget\" data-settings=\"{&quot;ekit_we_effect_on&quot;:&quot;none&quot;}\" data-widget_type=\"image.default\">\n\t\t\t\t<div class=\"elementor-widget-container\">\n\t\t\t\t\t\t\t\t\t\t\t\t\t\t\t<img fetchpriority=\"high\" decoding=\"async\" width=\"725\" height=\"525\" src=\"https:\/\/www.tesswave.com\/wp-content\/uploads\/2023\/03\/121.jpg\" class=\"attachment-large size-large wp-image-4734\" alt=\"\" srcset=\"https:\/\/www.tesswave.com\/wp-content\/uploads\/2023\/03\/121.jpg 725w, https:\/\/www.tesswave.com\/wp-content\/uploads\/2023\/03\/121-300x217.jpg 300w, https:\/\/www.tesswave.com\/wp-content\/uploads\/2023\/03\/121-50x36.jpg 50w\" sizes=\"(max-width: 725px) 100vw, 725px\" \/>\t\t\t\t\t\t\t\t\t\t\t\t\t\t\t<\/div>\n\t\t\t\t<\/div>\n\t\t\t\t<\/div>\n\t\t\t\t\t<\/div>\n\t\t\t\t<\/div>\n\t\t<div class=\"elementor-element elementor-element-535f458 e-flex e-con-boxed e-con e-parent\" data-id=\"535f458\" data-element_type=\"container\" data-e-type=\"container\" data-settings=\"{&quot;ekit_has_onepagescroll_dot&quot;:&quot;yes&quot;}\">\n\t\t\t\t\t<div class=\"e-con-inner\">\n\t\t<div class=\"elementor-element elementor-element-6b1fe3e e-con-full e-flex e-con e-child\" data-id=\"6b1fe3e\" data-element_type=\"container\" data-e-type=\"container\" data-settings=\"{&quot;ekit_has_onepagescroll_dot&quot;:&quot;yes&quot;}\">\n\t\t\t\t<div class=\"elementor-element elementor-element-0f5d291 elementor-widget elementor-widget-image\" data-id=\"0f5d291\" data-element_type=\"widget\" data-e-type=\"widget\" data-settings=\"{&quot;ekit_we_effect_on&quot;:&quot;none&quot;}\" data-widget_type=\"image.default\">\n\t\t\t\t<div class=\"elementor-widget-container\">\n\t\t\t\t\t\t\t\t\t\t\t\t\t\t\t<img decoding=\"async\" width=\"725\" height=\"525\" src=\"https:\/\/www.tesswave.com\/wp-content\/uploads\/2023\/03\/12-1.jpg\" class=\"attachment-large size-large wp-image-4735\" alt=\"\" srcset=\"https:\/\/www.tesswave.com\/wp-content\/uploads\/2023\/03\/12-1.jpg 725w, https:\/\/www.tesswave.com\/wp-content\/uploads\/2023\/03\/12-1-300x217.jpg 300w, https:\/\/www.tesswave.com\/wp-content\/uploads\/2023\/03\/12-1-50x36.jpg 50w\" sizes=\"(max-width: 725px) 100vw, 725px\" \/>\t\t\t\t\t\t\t\t\t\t\t\t\t\t\t<\/div>\n\t\t\t\t<\/div>\n\t\t\t\t<\/div>\n\t\t<div class=\"elementor-element elementor-element-86a09c7 e-con-full e-flex e-con e-child\" data-id=\"86a09c7\" data-element_type=\"container\" data-e-type=\"container\" data-settings=\"{&quot;ekit_has_onepagescroll_dot&quot;:&quot;yes&quot;}\">\n\t\t\t\t<div class=\"elementor-element elementor-element-f27b89d elementor-widget elementor-widget-heading\" data-id=\"f27b89d\" data-element_type=\"widget\" data-e-type=\"widget\" data-settings=\"{&quot;ekit_we_effect_on&quot;:&quot;none&quot;}\" data-widget_type=\"heading.default\">\n\t\t\t\t<div class=\"elementor-widget-container\">\n\t\t\t\t\t<h2 class=\"elementor-heading-title elementor-size-default\">Programa\u00e7\u00e3o razo\u00e1vel e cient\u00edfica<\/h2>\t\t\t\t<\/div>\n\t\t\t\t<\/div>\n\t\t\t\t<div class=\"elementor-element elementor-element-ae075b8 elementor-widget elementor-widget-text-editor\" data-id=\"ae075b8\" data-element_type=\"widget\" data-e-type=\"widget\" data-settings=\"{&quot;ekit_we_effect_on&quot;:&quot;none&quot;}\" data-widget_type=\"text-editor.default\">\n\t\t\t\t<div class=\"elementor-widget-container\">\n\t\t\t\t\t\t\t\t\t<p>A empresa possui um conjunto de sistemas profissionais de gest\u00e3o de produ\u00e7\u00e3o ERP. Atrav\u00e9s de uma programa\u00e7\u00e3o de produ\u00e7\u00e3o eficaz, o pessoal de gest\u00e3o pode evitar a perda de energia do pessoal da empresa, maximizar a efici\u00eancia da produ\u00e7\u00e3o e assegurar o ciclo de produ\u00e7\u00e3o.<\/p>\t\t\t\t\t\t\t\t<\/div>\n\t\t\t\t<\/div>\n\t\t\t\t<\/div>\n\t\t\t\t\t<\/div>\n\t\t\t\t<\/div>\n\t\t<div class=\"elementor-element elementor-element-e588ebc e-flex e-con-boxed e-con e-parent\" data-id=\"e588ebc\" data-element_type=\"container\" data-e-type=\"container\" data-settings=\"{&quot;ekit_has_onepagescroll_dot&quot;:&quot;yes&quot;}\">\n\t\t\t\t\t<div class=\"e-con-inner\">\n\t\t<div class=\"elementor-element elementor-element-7eebe22 e-con-full e-flex e-con e-child\" data-id=\"7eebe22\" data-element_type=\"container\" data-e-type=\"container\" data-settings=\"{&quot;ekit_has_onepagescroll_dot&quot;:&quot;yes&quot;}\">\n\t\t\t\t<div class=\"elementor-element elementor-element-d1ee6a8 elementor-widget elementor-widget-heading\" data-id=\"d1ee6a8\" data-element_type=\"widget\" data-e-type=\"widget\" data-settings=\"{&quot;ekit_we_effect_on&quot;:&quot;none&quot;}\" data-widget_type=\"heading.default\">\n\t\t\t\t<div class=\"elementor-widget-container\">\n\t\t\t\t\t<h2 class=\"elementor-heading-title elementor-size-default\">Controlo do processo de produ\u00e7\u00e3o<\/h2>\t\t\t\t<\/div>\n\t\t\t\t<\/div>\n\t\t\t\t<div class=\"elementor-element elementor-element-d92853e elementor-widget elementor-widget-text-editor\" data-id=\"d92853e\" data-element_type=\"widget\" data-e-type=\"widget\" data-settings=\"{&quot;ekit_we_effect_on&quot;:&quot;none&quot;}\" data-widget_type=\"text-editor.default\">\n\t\t\t\t<div class=\"elementor-widget-container\">\n\t\t\t\t\t\t\t\t\tDispomos de diretrizes e normas de funcionamento de produ\u00e7\u00e3o profissional para cada produto. Mais de 100 trabalhadores qualificados podem seguir as diretrizes de trabalho, incluindo a instala\u00e7\u00e3o da antena, a soldadura e o primeiro teste. Adquirimos algumas ferramentas de produ\u00e7\u00e3o profissionais para melhorar a efici\u00eancia da produ\u00e7\u00e3o e proteger a seguran\u00e7a dos trabalhadores.\t\t\t\t\t\t\t\t<\/div>\n\t\t\t\t<\/div>\n\t\t\t\t<\/div>\n\t\t<div class=\"elementor-element elementor-element-298bd28 e-con-full e-flex e-con e-child\" data-id=\"298bd28\" data-element_type=\"container\" data-e-type=\"container\" data-settings=\"{&quot;ekit_has_onepagescroll_dot&quot;:&quot;yes&quot;}\">\n\t\t\t\t<div class=\"elementor-element elementor-element-5965fe6 elementor-widget elementor-widget-image\" data-id=\"5965fe6\" data-element_type=\"widget\" data-e-type=\"widget\" data-settings=\"{&quot;ekit_we_effect_on&quot;:&quot;none&quot;}\" data-widget_type=\"image.default\">\n\t\t\t\t<div class=\"elementor-widget-container\">\n\t\t\t\t\t\t\t\t\t\t\t\t\t\t\t<img decoding=\"async\" width=\"725\" height=\"525\" src=\"https:\/\/www.tesswave.com\/wp-content\/uploads\/2023\/03\/1.jpg\" class=\"attachment-large size-large wp-image-4736\" alt=\"\" srcset=\"https:\/\/www.tesswave.com\/wp-content\/uploads\/2023\/03\/1.jpg 725w, https:\/\/www.tesswave.com\/wp-content\/uploads\/2023\/03\/1-300x217.jpg 300w, https:\/\/www.tesswave.com\/wp-content\/uploads\/2023\/03\/1-50x36.jpg 50w\" sizes=\"(max-width: 725px) 100vw, 725px\" \/>\t\t\t\t\t\t\t\t\t\t\t\t\t\t\t<\/div>\n\t\t\t\t<\/div>\n\t\t\t\t<\/div>\n\t\t\t\t\t<\/div>\n\t\t\t\t<\/div>\n\t\t<div class=\"elementor-element elementor-element-44770ac e-flex e-con-boxed e-con e-parent\" data-id=\"44770ac\" data-element_type=\"container\" data-e-type=\"container\" data-settings=\"{&quot;ekit_has_onepagescroll_dot&quot;:&quot;yes&quot;}\">\n\t\t\t\t\t<div class=\"e-con-inner\">\n\t\t<div class=\"elementor-element elementor-element-5c6654d e-con-full e-flex e-con e-child\" data-id=\"5c6654d\" data-element_type=\"container\" data-e-type=\"container\" data-settings=\"{&quot;ekit_has_onepagescroll_dot&quot;:&quot;yes&quot;}\">\n\t\t\t\t<div class=\"elementor-element elementor-element-f418379 elementor-widget elementor-widget-image\" data-id=\"f418379\" data-element_type=\"widget\" data-e-type=\"widget\" data-settings=\"{&quot;ekit_we_effect_on&quot;:&quot;none&quot;}\" data-widget_type=\"image.default\">\n\t\t\t\t<div class=\"elementor-widget-container\">\n\t\t\t\t\t\t\t\t\t\t\t\t\t\t\t<img loading=\"lazy\" decoding=\"async\" width=\"725\" height=\"525\" src=\"https:\/\/www.tesswave.com\/wp-content\/uploads\/2023\/03\/11.jpg\" class=\"attachment-large size-large wp-image-4737\" alt=\"\" srcset=\"https:\/\/www.tesswave.com\/wp-content\/uploads\/2023\/03\/11.jpg 725w, https:\/\/www.tesswave.com\/wp-content\/uploads\/2023\/03\/11-300x217.jpg 300w, https:\/\/www.tesswave.com\/wp-content\/uploads\/2023\/03\/11-50x36.jpg 50w\" sizes=\"(max-width: 725px) 100vw, 725px\" \/>\t\t\t\t\t\t\t\t\t\t\t\t\t\t\t<\/div>\n\t\t\t\t<\/div>\n\t\t\t\t<\/div>\n\t\t<div class=\"elementor-element elementor-element-adb78cb e-con-full e-flex e-con e-child\" data-id=\"adb78cb\" data-element_type=\"container\" data-e-type=\"container\" data-settings=\"{&quot;ekit_has_onepagescroll_dot&quot;:&quot;yes&quot;}\">\n\t\t\t\t<div class=\"elementor-element elementor-element-7a936c9 elementor-widget elementor-widget-heading\" data-id=\"7a936c9\" data-element_type=\"widget\" data-e-type=\"widget\" data-settings=\"{&quot;ekit_we_effect_on&quot;:&quot;none&quot;}\" data-widget_type=\"heading.default\">\n\t\t\t\t<div class=\"elementor-widget-container\">\n\t\t\t\t\t<h2 class=\"elementor-heading-title elementor-size-default\">100% Teste antes da expedi\u00e7\u00e3o<\/h2>\t\t\t\t<\/div>\n\t\t\t\t<\/div>\n\t\t\t\t<div class=\"elementor-element elementor-element-6074b4a elementor-widget elementor-widget-text-editor\" data-id=\"6074b4a\" data-element_type=\"widget\" data-e-type=\"widget\" data-settings=\"{&quot;ekit_we_effect_on&quot;:&quot;none&quot;}\" data-widget_type=\"text-editor.default\">\n\t\t\t\t<div class=\"elementor-widget-container\">\n\t\t\t\t\t\t\t\t\tAp\u00f3s a montagem da antena, efectuamos um teste de desempenho 100% antes da embalagem e exigimos uma taxa de aprova\u00e7\u00e3o 100%. Antes da expedi\u00e7\u00e3o, efectuamos inspec\u00e7\u00f5es aleat\u00f3rias em cada caixa de mercadorias. Se for detectada uma taxa de defeito superior a 3%, todos os produtos ser\u00e3o novamente testados.\t\t\t\t\t\t\t\t<\/div>\n\t\t\t\t<\/div>\n\t\t\t\t<\/div>\n\t\t\t\t\t<\/div>\n\t\t\t\t<\/div>\n\t\t\t\t<\/div>","protected":false},"excerpt":{"rendered":"<p>Home We regard quality as life As an\u00a0antenna manufacturing company\u00a0that has passed ISO 9001:2015 certification, we have always put product quality in the most important position. The company has a strict quality control system from raw materials to finished products to ensure that it provides the highest quality antenna products to customers around the world. [&hellip;]<\/p>\n","protected":false},"author":1,"featured_media":0,"parent":0,"menu_order":0,"comment_status":"closed","ping_status":"closed","template":"elementor_header_footer","meta":{"_acf_changed":false,"footnotes":""},"class_list":["post-1333","page","type-page","status-publish","hentry"],"acf":[],"_links":{"self":[{"href":"https:\/\/www.tesswave.com\/pt\/wp-json\/wp\/v2\/pages\/1333","targetHints":{"allow":["GET"]}}],"collection":[{"href":"https:\/\/www.tesswave.com\/pt\/wp-json\/wp\/v2\/pages"}],"about":[{"href":"https:\/\/www.tesswave.com\/pt\/wp-json\/wp\/v2\/types\/page"}],"author":[{"embeddable":true,"href":"https:\/\/www.tesswave.com\/pt\/wp-json\/wp\/v2\/users\/1"}],"replies":[{"embeddable":true,"href":"https:\/\/www.tesswave.com\/pt\/wp-json\/wp\/v2\/comments?post=1333"}],"version-history":[{"count":3,"href":"https:\/\/www.tesswave.com\/pt\/wp-json\/wp\/v2\/pages\/1333\/revisions"}],"predecessor-version":[{"id":10184,"href":"https:\/\/www.tesswave.com\/pt\/wp-json\/wp\/v2\/pages\/1333\/revisions\/10184"}],"wp:attachment":[{"href":"https:\/\/www.tesswave.com\/pt\/wp-json\/wp\/v2\/media?parent=1333"}],"curies":[{"name":"wp","href":"https:\/\/api.w.org\/{rel}","templated":true}]}}