{"id":1619,"date":"2021-09-26T08:20:30","date_gmt":"2021-09-26T00:20:30","guid":{"rendered":"https:\/\/www.tesswave.com\/?page_id=1619"},"modified":"2025-06-21T22:45:46","modified_gmt":"2025-06-21T14:45:46","slug":"custom-antenna","status":"publish","type":"page","link":"https:\/\/www.tesswave.com\/pt\/custom-antenna\/","title":{"rendered":"Antena personalizada"},"content":{"rendered":"<div data-elementor-type=\"wp-page\" data-elementor-id=\"1619\" class=\"elementor elementor-1619\" data-elementor-post-type=\"page\">\n\t\t\t\t\t\t<section class=\"elementor-section elementor-top-section elementor-element elementor-element-3fdf7e45 elementor-section-boxed elementor-section-height-default elementor-section-height-default\" data-id=\"3fdf7e45\" data-element_type=\"section\" data-e-type=\"section\" data-settings=\"{&quot;background_background&quot;:&quot;classic&quot;,&quot;ekit_has_onepagescroll_dot&quot;:&quot;yes&quot;}\">\n\t\t\t\t\t\t<div class=\"elementor-container elementor-column-gap-default\">\n\t\t\t\t\t<div class=\"elementor-column elementor-col-50 elementor-top-column elementor-element elementor-element-72ff8549\" data-id=\"72ff8549\" data-element_type=\"column\" data-e-type=\"column\">\n\t\t\t<div class=\"elementor-widget-wrap elementor-element-populated\">\n\t\t\t\t\t\t<div class=\"elementor-element elementor-element-34cbf10e elementor-widget elementor-widget-heading\" data-id=\"34cbf10e\" data-element_type=\"widget\" data-e-type=\"widget\" data-settings=\"{&quot;ekit_we_effect_on&quot;:&quot;none&quot;}\" data-widget_type=\"heading.default\">\n\t\t\t\t<div class=\"elementor-widget-container\">\n\t\t\t\t\t<h2 class=\"elementor-heading-title elementor-size-default\">Fabricante de antenas personalizadas<\/h2>\t\t\t\t<\/div>\n\t\t\t\t<\/div>\n\t\t\t\t<div class=\"elementor-element elementor-element-6b77f807 elementor-widget elementor-widget-text-editor\" data-id=\"6b77f807\" data-element_type=\"widget\" data-e-type=\"widget\" data-settings=\"{&quot;ekit_we_effect_on&quot;:&quot;none&quot;}\" data-widget_type=\"text-editor.default\">\n\t\t\t\t<div class=\"elementor-widget-container\">\n\t\t\t\t\t\t\t\t\tA Tesswave oferece servi\u00e7os de design e personaliza\u00e7\u00e3o de antenas para muitas das marcas l\u00edderes mundiais, como Mikrotik, huawei, comba, etc.\nmarcas l\u00edderes mundiais como Mikrotik, huawei, comba, etc. Somos especialmente bons em\nconce\u00e7\u00e3o de antenas em frequ\u00eancias de 100MHz a 6GHz, incluindo yagi, painel,\nomni, dipolo, sector e parab\u00f3lica, etc.\t\t\t\t\t\t\t\t<\/div>\n\t\t\t\t<\/div>\n\t\t\t\t<div class=\"elementor-element elementor-element-5eec4f1e elementor-widget elementor-widget-button\" data-id=\"5eec4f1e\" data-element_type=\"widget\" data-e-type=\"widget\" data-settings=\"{&quot;ekit_we_effect_on&quot;:&quot;none&quot;}\" data-widget_type=\"button.default\">\n\t\t\t\t<div class=\"elementor-widget-container\">\n\t\t\t\t\t\t\t\t\t<div class=\"elementor-button-wrapper\">\n\t\t\t\t\t<a class=\"elementor-button elementor-button-link elementor-size-sm\" href=\"#elementor-action%3Aaction%3Dpopup%3Aopen%26settings%3DeyJpZCI6Ijg4NjAiLCJ0b2dnbGUiOmZhbHNlfQ%3D%3D\">\n\t\t\t\t\t\t<span class=\"elementor-button-content-wrapper\">\n\t\t\t\t\t\t<span class=\"elementor-button-icon\">\n\t\t\t\t<svg aria-hidden=\"true\" class=\"e-font-icon-svg e-fas-caret-right\" viewbox=\"0 0 192 512\" xmlns=\"http:\/\/www.w3.org\/2000\/svg\"><path d=\"M0 384.662V127.338c0-17.818 21.543-26.741 34.142-14.142l128.662 128.662c7.81 7.81 7.81 20.474 0 28.284L34.142 398.804C21.543 411.404 0 402.48 0 384.662z\"><\/path><\/svg>\t\t\t<\/span>\n\t\t\t\t\t\t\t\t\t<span class=\"elementor-button-text\">Contactar-nos<\/span>\n\t\t\t\t\t<\/span>\n\t\t\t\t\t<\/a>\n\t\t\t\t<\/div>\n\t\t\t\t\t\t\t\t<\/div>\n\t\t\t\t<\/div>\n\t\t\t\t\t<\/div>\n\t\t<\/div>\n\t\t\t\t<div class=\"elementor-column elementor-col-50 elementor-top-column elementor-element elementor-element-2a40894f\" data-id=\"2a40894f\" data-element_type=\"column\" data-e-type=\"column\">\n\t\t\t<div class=\"elementor-widget-wrap elementor-element-populated\">\n\t\t\t\t\t\t<div class=\"elementor-element elementor-element-2719387 elementor-widget elementor-widget-image\" data-id=\"2719387\" data-element_type=\"widget\" data-e-type=\"widget\" data-settings=\"{&quot;ekit_we_effect_on&quot;:&quot;none&quot;}\" data-widget_type=\"image.default\">\n\t\t\t\t<div class=\"elementor-widget-container\">\n\t\t\t\t\t\t\t\t\t\t\t\t\t\t\t<img fetchpriority=\"high\" decoding=\"async\" width=\"300\" height=\"241\" src=\"https:\/\/www.tesswave.com\/wp-content\/uploads\/2023\/03\/6446d860dbbfe540e9e223-300x241.png\" class=\"attachment-medium size-medium wp-image-4730\" alt=\"\" srcset=\"https:\/\/www.tesswave.com\/wp-content\/uploads\/2023\/03\/6446d860dbbfe540e9e223-300x241.png 300w, https:\/\/www.tesswave.com\/wp-content\/uploads\/2023\/03\/6446d860dbbfe540e9e223-50x40.png 50w, https:\/\/www.tesswave.com\/wp-content\/uploads\/2023\/03\/6446d860dbbfe540e9e223.png 637w\" sizes=\"(max-width: 300px) 100vw, 300px\" \/>\t\t\t\t\t\t\t\t\t\t\t\t\t\t\t<\/div>\n\t\t\t\t<\/div>\n\t\t\t\t\t<\/div>\n\t\t<\/div>\n\t\t\t\t\t<\/div>\n\t\t<\/section>\n\t\t\t\t<section class=\"elementor-section elementor-top-section elementor-element elementor-element-54e0a3d5 elementor-section-boxed elementor-section-height-default elementor-section-height-default\" data-id=\"54e0a3d5\" data-element_type=\"section\" data-e-type=\"section\" data-settings=\"{&quot;ekit_has_onepagescroll_dot&quot;:&quot;yes&quot;}\">\n\t\t\t\t\t\t<div class=\"elementor-container elementor-column-gap-default\">\n\t\t\t\t\t<div class=\"elementor-column elementor-col-100 elementor-top-column elementor-element elementor-element-35a37150\" data-id=\"35a37150\" data-element_type=\"column\" data-e-type=\"column\">\n\t\t\t<div class=\"elementor-widget-wrap elementor-element-populated\">\n\t\t\t\t\t\t<div class=\"elementor-element elementor-element-2723d23b elementor-widget elementor-widget-heading\" data-id=\"2723d23b\" data-element_type=\"widget\" data-e-type=\"widget\" data-settings=\"{&quot;ekit_we_effect_on&quot;:&quot;none&quot;}\" data-widget_type=\"heading.default\">\n\t\t\t\t<div class=\"elementor-widget-container\">\n\t\t\t\t\t<h2 class=\"elementor-heading-title elementor-size-default\">Vantagens da antena personalizada<\/h2>\t\t\t\t<\/div>\n\t\t\t\t<\/div>\n\t\t\t\t<div class=\"elementor-element elementor-element-4803affe elementor-widget-mobile__width-initial elementor-widget elementor-widget-text-editor\" data-id=\"4803affe\" data-element_type=\"widget\" data-e-type=\"widget\" data-settings=\"{&quot;ekit_we_effect_on&quot;:&quot;none&quot;}\" data-widget_type=\"text-editor.default\">\n\t\t\t\t<div class=\"elementor-widget-container\">\n\t\t\t\t\t\t\t\t\t<p>A escolha de uma antena personalizada ajuda-o a entrar mais rapidamente no mercado em constante mudan\u00e7a. Com muitos anos de experi\u00eancia em investiga\u00e7\u00e3o e desenvolvimento de antenas, temos o orgulho de anunciar que podemos fornecer servi\u00e7os de personaliza\u00e7\u00e3o de antenas topo de gama e econ\u00f3micos. Concentramo-nos no desenvolvimento e na personaliza\u00e7\u00e3o de antenas da banda de frequ\u00eancia 100MHz a 6.8GHz, as op\u00e7\u00f5es personaliz\u00e1veis incluem a banda de frequ\u00eancia da antena, a largura do feixe, o ganho, o tamanho, o kit de montagem, os conectores, etc. Tamb\u00e9m \u00e9 poss\u00edvel personalizar a embalagem com o log\u00f3tipo da empresa e o aspeto da antena, como a cor e a forma do radome.<\/p>\t\t\t\t\t\t\t\t<\/div>\n\t\t\t\t<\/div>\n\t\t\t\t\t<\/div>\n\t\t<\/div>\n\t\t\t\t\t<\/div>\n\t\t<\/section>\n\t\t<div class=\"elementor-element elementor-element-a82a1be e-flex e-con-boxed e-con e-parent\" data-id=\"a82a1be\" data-element_type=\"container\" data-e-type=\"container\" data-settings=\"{&quot;ekit_has_onepagescroll_dot&quot;:&quot;yes&quot;}\">\n\t\t\t\t\t<div class=\"e-con-inner\">\n\t\t<div class=\"elementor-element elementor-element-8be3711 e-con-full e-flex e-con e-child\" data-id=\"8be3711\" data-element_type=\"container\" data-e-type=\"container\" data-settings=\"{&quot;ekit_has_onepagescroll_dot&quot;:&quot;yes&quot;}\">\n\t\t\t\t<div class=\"elementor-element elementor-element-f8db5b2 elementor-widget elementor-widget-heading\" data-id=\"f8db5b2\" data-element_type=\"widget\" data-e-type=\"widget\" data-settings=\"{&quot;ekit_we_effect_on&quot;:&quot;none&quot;}\" data-widget_type=\"heading.default\">\n\t\t\t\t<div class=\"elementor-widget-container\">\n\t\t\t\t\t<span class=\"elementor-heading-title elementor-size-xxl\">01<\/span>\t\t\t\t<\/div>\n\t\t\t\t<\/div>\n\t\t\t\t<div class=\"elementor-element elementor-element-7b1bf88 elementor-widget elementor-widget-heading\" data-id=\"7b1bf88\" data-element_type=\"widget\" data-e-type=\"widget\" data-settings=\"{&quot;ekit_we_effect_on&quot;:&quot;none&quot;}\" data-widget_type=\"heading.default\">\n\t\t\t\t<div class=\"elementor-widget-container\">\n\t\t\t\t\t<h2 class=\"elementor-heading-title elementor-size-default\">Avalia\u00e7\u00e3o e aprova\u00e7\u00e3o de projectos<\/h2>\t\t\t\t<\/div>\n\t\t\t\t<\/div>\n\t\t\t\t<div class=\"elementor-element elementor-element-ebe0460 elementor-widget elementor-widget-text-editor\" data-id=\"ebe0460\" data-element_type=\"widget\" data-e-type=\"widget\" data-settings=\"{&quot;ekit_we_effect_on&quot;:&quot;none&quot;}\" data-widget_type=\"text-editor.default\">\n\t\t\t\t<div class=\"elementor-widget-container\">\n\t\t\t\t\t\t\t\t\t<p>Pode <a href=\"https:\/\/www.tesswave.com\/pt\/contact-us\/\">comunicar em profundidade<\/a> com a nossa equipa de engenheiros sobre os requisitos da sua antena personalizada. Depois de fornecer os seus requisitos espec\u00edficos, tais como a gama de frequ\u00eancias da antena, o ganho, o modo de polariza\u00e7\u00e3o e o tamanho da antena, procederemos a uma avalia\u00e7\u00e3o interna e, finalmente, determinaremos se o projeto pode ser estabelecido.<\/p>\t\t\t\t\t\t\t\t<\/div>\n\t\t\t\t<\/div>\n\t\t\t\t<\/div>\n\t\t<div class=\"elementor-element elementor-element-a8f1d19 e-con-full e-flex e-con e-child\" data-id=\"a8f1d19\" data-element_type=\"container\" data-e-type=\"container\" data-settings=\"{&quot;ekit_has_onepagescroll_dot&quot;:&quot;yes&quot;}\">\n\t\t\t\t<div class=\"elementor-element elementor-element-4532865 elementor-widget elementor-widget-image\" data-id=\"4532865\" data-element_type=\"widget\" data-e-type=\"widget\" data-settings=\"{&quot;ekit_we_effect_on&quot;:&quot;none&quot;}\" data-widget_type=\"image.default\">\n\t\t\t\t<div class=\"elementor-widget-container\">\n\t\t\t\t\t\t\t\t\t\t\t\t\t\t\t<img decoding=\"async\" width=\"725\" height=\"525\" src=\"https:\/\/www.tesswave.com\/wp-content\/uploads\/2023\/03\/4.jpg\" class=\"attachment-large size-large wp-image-4743\" alt=\"\" srcset=\"https:\/\/www.tesswave.com\/wp-content\/uploads\/2023\/03\/4.jpg 725w, https:\/\/www.tesswave.com\/wp-content\/uploads\/2023\/03\/4-300x217.jpg 300w, https:\/\/www.tesswave.com\/wp-content\/uploads\/2023\/03\/4-50x36.jpg 50w\" sizes=\"(max-width: 725px) 100vw, 725px\" \/>\t\t\t\t\t\t\t\t\t\t\t\t\t\t\t<\/div>\n\t\t\t\t<\/div>\n\t\t\t\t<\/div>\n\t\t\t\t\t<\/div>\n\t\t\t\t<\/div>\n\t\t<div class=\"elementor-element elementor-element-2205a5d e-flex e-con-boxed e-con e-parent\" data-id=\"2205a5d\" data-element_type=\"container\" data-e-type=\"container\" data-settings=\"{&quot;ekit_has_onepagescroll_dot&quot;:&quot;yes&quot;}\">\n\t\t\t\t\t<div class=\"e-con-inner\">\n\t\t<div class=\"elementor-element elementor-element-04fb077 e-con-full e-flex e-con e-child\" data-id=\"04fb077\" data-element_type=\"container\" data-e-type=\"container\" data-settings=\"{&quot;ekit_has_onepagescroll_dot&quot;:&quot;yes&quot;}\">\n\t\t\t\t<div class=\"elementor-element elementor-element-2cf3931 elementor-widget elementor-widget-image\" data-id=\"2cf3931\" data-element_type=\"widget\" data-e-type=\"widget\" data-settings=\"{&quot;ekit_we_effect_on&quot;:&quot;none&quot;}\" data-widget_type=\"image.default\">\n\t\t\t\t<div class=\"elementor-widget-container\">\n\t\t\t\t\t\t\t\t\t\t\t\t\t\t\t<img decoding=\"async\" width=\"725\" height=\"525\" src=\"https:\/\/www.tesswave.com\/wp-content\/uploads\/2023\/03\/3.jpg\" class=\"attachment-large size-large wp-image-4718\" alt=\"\" srcset=\"https:\/\/www.tesswave.com\/wp-content\/uploads\/2023\/03\/3.jpg 725w, https:\/\/www.tesswave.com\/wp-content\/uploads\/2023\/03\/3-300x217.jpg 300w, https:\/\/www.tesswave.com\/wp-content\/uploads\/2023\/03\/3-50x36.jpg 50w\" sizes=\"(max-width: 725px) 100vw, 725px\" \/>\t\t\t\t\t\t\t\t\t\t\t\t\t\t\t<\/div>\n\t\t\t\t<\/div>\n\t\t\t\t<\/div>\n\t\t<div class=\"elementor-element elementor-element-143b679 e-con-full e-flex e-con e-child\" data-id=\"143b679\" data-element_type=\"container\" data-e-type=\"container\" data-settings=\"{&quot;ekit_has_onepagescroll_dot&quot;:&quot;yes&quot;}\">\n\t\t\t\t<div class=\"elementor-element elementor-element-043db18 elementor-widget elementor-widget-heading\" data-id=\"043db18\" data-element_type=\"widget\" data-e-type=\"widget\" data-settings=\"{&quot;ekit_we_effect_on&quot;:&quot;none&quot;}\" data-widget_type=\"heading.default\">\n\t\t\t\t<div class=\"elementor-widget-container\">\n\t\t\t\t\t<span class=\"elementor-heading-title elementor-size-xxl\">02<\/span>\t\t\t\t<\/div>\n\t\t\t\t<\/div>\n\t\t\t\t<div class=\"elementor-element elementor-element-1da4f97 elementor-widget elementor-widget-heading\" data-id=\"1da4f97\" data-element_type=\"widget\" data-e-type=\"widget\" data-settings=\"{&quot;ekit_we_effect_on&quot;:&quot;none&quot;}\" data-widget_type=\"heading.default\">\n\t\t\t\t<div class=\"elementor-widget-container\">\n\t\t\t\t\t<h2 class=\"elementor-heading-title elementor-size-default\">Simula\u00e7\u00e3o e conce\u00e7\u00e3o<\/h2>\t\t\t\t<\/div>\n\t\t\t\t<\/div>\n\t\t\t\t<div class=\"elementor-element elementor-element-c56cd68 elementor-widget elementor-widget-text-editor\" data-id=\"c56cd68\" data-element_type=\"widget\" data-e-type=\"widget\" data-settings=\"{&quot;ekit_we_effect_on&quot;:&quot;none&quot;}\" data-widget_type=\"text-editor.default\">\n\t\t\t\t<div class=\"elementor-widget-container\">\n\t\t\t\t\t\t\t\t\tAp\u00f3s a aprova\u00e7\u00e3o do projeto, os nossos engenheiros come\u00e7am por utilizar um software de simula\u00e7\u00e3o electromagn\u00e9tica 3D para simular e conceber a antena. Com a ajuda do HFSS, tentamos resolver os desafios de ganho, matriz, correspond\u00eancia efectiva com o sistema de r\u00e1dio e outros requisitos de espa\u00e7o e material.\t\t\t\t\t\t\t\t<\/div>\n\t\t\t\t<\/div>\n\t\t\t\t<\/div>\n\t\t\t\t\t<\/div>\n\t\t\t\t<\/div>\n\t\t<div class=\"elementor-element elementor-element-65732a4 e-flex e-con-boxed e-con e-parent\" data-id=\"65732a4\" data-element_type=\"container\" data-e-type=\"container\" data-settings=\"{&quot;ekit_has_onepagescroll_dot&quot;:&quot;yes&quot;}\">\n\t\t\t\t\t<div class=\"e-con-inner\">\n\t\t<div class=\"elementor-element elementor-element-b953335 e-con-full e-flex e-con e-child\" data-id=\"b953335\" data-element_type=\"container\" data-e-type=\"container\" data-settings=\"{&quot;ekit_has_onepagescroll_dot&quot;:&quot;yes&quot;}\">\n\t\t\t\t<div class=\"elementor-element elementor-element-2897166 elementor-widget elementor-widget-heading\" data-id=\"2897166\" data-element_type=\"widget\" data-e-type=\"widget\" data-settings=\"{&quot;ekit_we_effect_on&quot;:&quot;none&quot;}\" data-widget_type=\"heading.default\">\n\t\t\t\t<div class=\"elementor-widget-container\">\n\t\t\t\t\t<span class=\"elementor-heading-title elementor-size-xxl\">03<\/span>\t\t\t\t<\/div>\n\t\t\t\t<\/div>\n\t\t\t\t<div class=\"elementor-element elementor-element-93c3d3f elementor-widget elementor-widget-heading\" data-id=\"93c3d3f\" data-element_type=\"widget\" data-e-type=\"widget\" data-settings=\"{&quot;ekit_we_effect_on&quot;:&quot;none&quot;}\" data-widget_type=\"heading.default\">\n\t\t\t\t<div class=\"elementor-widget-container\">\n\t\t\t\t\t<h2 class=\"elementor-heading-title elementor-size-default\">Prot\u00f3tipo feito \u00e0 m\u00e3o<\/h2>\t\t\t\t<\/div>\n\t\t\t\t<\/div>\n\t\t\t\t<div class=\"elementor-element elementor-element-8843c9c elementor-widget elementor-widget-text-editor\" data-id=\"8843c9c\" data-element_type=\"widget\" data-e-type=\"widget\" data-settings=\"{&quot;ekit_we_effect_on&quot;:&quot;none&quot;}\" data-widget_type=\"text-editor.default\">\n\t\t\t\t<div class=\"elementor-widget-container\">\n\t\t\t\t\t\t\t\t\t<p>Esta \u00e9 uma fase de transforma\u00e7\u00e3o da simula\u00e7\u00e3o em realidade. Atrav\u00e9s da simula\u00e7\u00e3o, podemos obter uma s\u00e9rie de informa\u00e7\u00f5es sobre a pe\u00e7a de trabalho, temos a nossa pr\u00f3pria <a href=\"https:\/\/www.tesswave.com\/pt\/factory-tour\/\">oficina de hardware<\/a> para construir estas pe\u00e7as de trabalho, \u00e9 muito conveniente para n\u00f3s construir uma amostra rapidamente.<\/p>\t\t\t\t\t\t\t\t<\/div>\n\t\t\t\t<\/div>\n\t\t\t\t<\/div>\n\t\t<div class=\"elementor-element elementor-element-409c320 e-con-full e-flex e-con e-child\" data-id=\"409c320\" data-element_type=\"container\" data-e-type=\"container\" data-settings=\"{&quot;ekit_has_onepagescroll_dot&quot;:&quot;yes&quot;}\">\n\t\t\t\t<div class=\"elementor-element elementor-element-ae14efa elementor-widget elementor-widget-image\" data-id=\"ae14efa\" data-element_type=\"widget\" data-e-type=\"widget\" data-settings=\"{&quot;ekit_we_effect_on&quot;:&quot;none&quot;}\" data-widget_type=\"image.default\">\n\t\t\t\t<div class=\"elementor-widget-container\">\n\t\t\t\t\t\t\t\t\t\t\t\t\t\t\t<img loading=\"lazy\" decoding=\"async\" width=\"725\" height=\"525\" src=\"https:\/\/www.tesswave.com\/wp-content\/uploads\/2023\/03\/111.jpg\" class=\"attachment-large size-large wp-image-4744\" alt=\"\" srcset=\"https:\/\/www.tesswave.com\/wp-content\/uploads\/2023\/03\/111.jpg 725w, https:\/\/www.tesswave.com\/wp-content\/uploads\/2023\/03\/111-300x217.jpg 300w, https:\/\/www.tesswave.com\/wp-content\/uploads\/2023\/03\/111-50x36.jpg 50w\" sizes=\"(max-width: 725px) 100vw, 725px\" \/>\t\t\t\t\t\t\t\t\t\t\t\t\t\t\t<\/div>\n\t\t\t\t<\/div>\n\t\t\t\t<\/div>\n\t\t\t\t\t<\/div>\n\t\t\t\t<\/div>\n\t\t<div class=\"elementor-element elementor-element-dd22d43 e-flex e-con-boxed e-con e-parent\" data-id=\"dd22d43\" data-element_type=\"container\" data-e-type=\"container\" data-settings=\"{&quot;ekit_has_onepagescroll_dot&quot;:&quot;yes&quot;}\">\n\t\t\t\t\t<div class=\"e-con-inner\">\n\t\t<div class=\"elementor-element elementor-element-84e054d e-con-full e-flex e-con e-child\" data-id=\"84e054d\" data-element_type=\"container\" data-e-type=\"container\" data-settings=\"{&quot;ekit_has_onepagescroll_dot&quot;:&quot;yes&quot;}\">\n\t\t\t\t<div class=\"elementor-element elementor-element-9150735 elementor-widget elementor-widget-image\" data-id=\"9150735\" data-element_type=\"widget\" data-e-type=\"widget\" data-settings=\"{&quot;ekit_we_effect_on&quot;:&quot;none&quot;}\" data-widget_type=\"image.default\">\n\t\t\t\t<div class=\"elementor-widget-container\">\n\t\t\t\t\t\t\t\t\t\t\t\t\t\t\t<img loading=\"lazy\" decoding=\"async\" width=\"725\" height=\"525\" src=\"https:\/\/www.tesswave.com\/wp-content\/uploads\/2023\/03\/7-1.jpg\" class=\"attachment-large size-large wp-image-4745\" alt=\"\" srcset=\"https:\/\/www.tesswave.com\/wp-content\/uploads\/2023\/03\/7-1.jpg 725w, https:\/\/www.tesswave.com\/wp-content\/uploads\/2023\/03\/7-1-300x217.jpg 300w, https:\/\/www.tesswave.com\/wp-content\/uploads\/2023\/03\/7-1-50x36.jpg 50w\" sizes=\"(max-width: 725px) 100vw, 725px\" \/>\t\t\t\t\t\t\t\t\t\t\t\t\t\t\t<\/div>\n\t\t\t\t<\/div>\n\t\t\t\t<\/div>\n\t\t<div class=\"elementor-element elementor-element-5ec4a73 e-con-full e-flex e-con e-child\" data-id=\"5ec4a73\" data-element_type=\"container\" data-e-type=\"container\" data-settings=\"{&quot;ekit_has_onepagescroll_dot&quot;:&quot;yes&quot;}\">\n\t\t\t\t<div class=\"elementor-element elementor-element-cf8bf52 elementor-widget elementor-widget-heading\" data-id=\"cf8bf52\" data-element_type=\"widget\" data-e-type=\"widget\" data-settings=\"{&quot;ekit_we_effect_on&quot;:&quot;none&quot;}\" data-widget_type=\"heading.default\">\n\t\t\t\t<div class=\"elementor-widget-container\">\n\t\t\t\t\t<span class=\"elementor-heading-title elementor-size-xxl\">04<\/span>\t\t\t\t<\/div>\n\t\t\t\t<\/div>\n\t\t\t\t<div class=\"elementor-element elementor-element-43e4e0a elementor-widget elementor-widget-heading\" data-id=\"43e4e0a\" data-element_type=\"widget\" data-e-type=\"widget\" data-settings=\"{&quot;ekit_we_effect_on&quot;:&quot;none&quot;}\" data-widget_type=\"heading.default\">\n\t\t\t\t<div class=\"elementor-widget-container\">\n\t\t\t\t\t<h2 class=\"elementor-heading-title elementor-size-default\">Teste interno do prot\u00f3tipo<\/h2>\t\t\t\t<\/div>\n\t\t\t\t<\/div>\n\t\t\t\t<div class=\"elementor-element elementor-element-f913d07 elementor-widget elementor-widget-text-editor\" data-id=\"f913d07\" data-element_type=\"widget\" data-e-type=\"widget\" data-settings=\"{&quot;ekit_we_effect_on&quot;:&quot;none&quot;}\" data-widget_type=\"text-editor.default\">\n\t\t\t\t<div class=\"elementor-widget-container\">\n\t\t\t\t\t\t\t\t\tTestaremos internamente o prot\u00f3tipo da antena na c\u00e2mara anec\u00f3ica de micro-ondas para verificar o padr\u00e3o de radia\u00e7\u00e3o, ganho, VSWR e outros par\u00e2metros e, finalmente, chegar \u00e0 melhor solu\u00e7\u00e3o.\t\t\t\t\t\t\t\t<\/div>\n\t\t\t\t<\/div>\n\t\t\t\t<\/div>\n\t\t\t\t\t<\/div>\n\t\t\t\t<\/div>\n\t\t<div class=\"elementor-element elementor-element-aa1d5dc e-flex e-con-boxed e-con e-parent\" data-id=\"aa1d5dc\" data-element_type=\"container\" data-e-type=\"container\" data-settings=\"{&quot;ekit_has_onepagescroll_dot&quot;:&quot;yes&quot;}\">\n\t\t\t\t\t<div class=\"e-con-inner\">\n\t\t<div class=\"elementor-element elementor-element-9de1cd0 e-con-full e-flex e-con e-child\" data-id=\"9de1cd0\" data-element_type=\"container\" data-e-type=\"container\" data-settings=\"{&quot;ekit_has_onepagescroll_dot&quot;:&quot;yes&quot;}\">\n\t\t\t\t<div class=\"elementor-element elementor-element-8ba2821 elementor-widget elementor-widget-heading\" data-id=\"8ba2821\" data-element_type=\"widget\" data-e-type=\"widget\" data-settings=\"{&quot;ekit_we_effect_on&quot;:&quot;none&quot;}\" data-widget_type=\"heading.default\">\n\t\t\t\t<div class=\"elementor-widget-container\">\n\t\t\t\t\t<span class=\"elementor-heading-title elementor-size-xxl\">05<\/span>\t\t\t\t<\/div>\n\t\t\t\t<\/div>\n\t\t\t\t<div class=\"elementor-element elementor-element-efaa123 elementor-widget elementor-widget-heading\" data-id=\"efaa123\" data-element_type=\"widget\" data-e-type=\"widget\" data-settings=\"{&quot;ekit_we_effect_on&quot;:&quot;none&quot;}\" data-widget_type=\"heading.default\">\n\t\t\t\t<div class=\"elementor-widget-container\">\n\t\t\t\t\t<h2 class=\"elementor-heading-title elementor-size-default\">Teste e confirma\u00e7\u00e3o de cliente<\/h2>\t\t\t\t<\/div>\n\t\t\t\t<\/div>\n\t\t\t\t<div class=\"elementor-element elementor-element-82a8ca2 elementor-widget elementor-widget-text-editor\" data-id=\"82a8ca2\" data-element_type=\"widget\" data-e-type=\"widget\" data-settings=\"{&quot;ekit_we_effect_on&quot;:&quot;none&quot;}\" data-widget_type=\"text-editor.default\">\n\t\t\t\t<div class=\"elementor-widget-container\">\n\t\t\t\t\t\t\t\t\t<p>Depois de completarmos a amostra do prot\u00f3tipo, esta ser-lhe-\u00e1 enviada por correio expresso. Pode verificar a apar\u00eancia da antena e testar se o seu desempenho pode satisfazer os seus requisitos. Come\u00e7aremos a produ\u00e7\u00e3o em massa depois de confirmar que a amostra do prot\u00f3tipo est\u00e1 ok.<\/p>\t\t\t\t\t\t\t\t<\/div>\n\t\t\t\t<\/div>\n\t\t\t\t<\/div>\n\t\t<div class=\"elementor-element elementor-element-8e08e0a e-con-full e-flex e-con e-child\" data-id=\"8e08e0a\" data-element_type=\"container\" data-e-type=\"container\" data-settings=\"{&quot;ekit_has_onepagescroll_dot&quot;:&quot;yes&quot;}\">\n\t\t\t\t<div class=\"elementor-element elementor-element-c36ffaa elementor-widget elementor-widget-image\" data-id=\"c36ffaa\" data-element_type=\"widget\" data-e-type=\"widget\" data-settings=\"{&quot;ekit_we_effect_on&quot;:&quot;none&quot;}\" data-widget_type=\"image.default\">\n\t\t\t\t<div class=\"elementor-widget-container\">\n\t\t\t\t\t\t\t\t\t\t\t\t\t\t\t<img loading=\"lazy\" decoding=\"async\" width=\"725\" height=\"525\" src=\"https:\/\/www.tesswave.com\/wp-content\/uploads\/2023\/03\/10.1.jpg\" class=\"attachment-large size-large wp-image-4722\" alt=\"\" srcset=\"https:\/\/www.tesswave.com\/wp-content\/uploads\/2023\/03\/10.1.jpg 725w, https:\/\/www.tesswave.com\/wp-content\/uploads\/2023\/03\/10.1-300x217.jpg 300w, https:\/\/www.tesswave.com\/wp-content\/uploads\/2023\/03\/10.1-50x36.jpg 50w\" sizes=\"(max-width: 725px) 100vw, 725px\" \/>\t\t\t\t\t\t\t\t\t\t\t\t\t\t\t<\/div>\n\t\t\t\t<\/div>\n\t\t\t\t<\/div>\n\t\t\t\t\t<\/div>\n\t\t\t\t<\/div>\n\t\t\t\t<\/div>","protected":false},"excerpt":{"rendered":"<p>Custom Antenna Manufacturer Tesswave offers antenna design &#038; customization services for many of the world&#8217;s leading brands like Mikrotik, huawei, comba, etc. we are especially good at designing the antennas in frequency from 100MHz to 6GHz includes yagi, panel, omni, dipole, sector and parabolic, etc. Contact Us Benefits of Custom Antenna Choosing a customized antenna [&hellip;]<\/p>\n","protected":false},"author":1,"featured_media":0,"parent":0,"menu_order":0,"comment_status":"closed","ping_status":"closed","template":"elementor_header_footer","meta":{"_acf_changed":false,"footnotes":""},"class_list":["post-1619","page","type-page","status-publish","hentry"],"acf":[],"_links":{"self":[{"href":"https:\/\/www.tesswave.com\/pt\/wp-json\/wp\/v2\/pages\/1619","targetHints":{"allow":["GET"]}}],"collection":[{"href":"https:\/\/www.tesswave.com\/pt\/wp-json\/wp\/v2\/pages"}],"about":[{"href":"https:\/\/www.tesswave.com\/pt\/wp-json\/wp\/v2\/types\/page"}],"author":[{"embeddable":true,"href":"https:\/\/www.tesswave.com\/pt\/wp-json\/wp\/v2\/users\/1"}],"replies":[{"embeddable":true,"href":"https:\/\/www.tesswave.com\/pt\/wp-json\/wp\/v2\/comments?post=1619"}],"version-history":[{"count":3,"href":"https:\/\/www.tesswave.com\/pt\/wp-json\/wp\/v2\/pages\/1619\/revisions"}],"predecessor-version":[{"id":10165,"href":"https:\/\/www.tesswave.com\/pt\/wp-json\/wp\/v2\/pages\/1619\/revisions\/10165"}],"wp:attachment":[{"href":"https:\/\/www.tesswave.com\/pt\/wp-json\/wp\/v2\/media?parent=1619"}],"curies":[{"name":"wp","href":"https:\/\/api.w.org\/{rel}","templated":true}]}}