{"id":2188,"date":"2022-05-24T08:06:46","date_gmt":"2022-05-24T00:06:46","guid":{"rendered":"https:\/\/www.tesswave.com\/?post_type=product&#038;p=2188"},"modified":"2025-06-19T19:50:57","modified_gmt":"2025-06-19T11:50:57","slug":"5ghz-16dbi-90-degree-mimo-sector-antenna","status":"publish","type":"product","link":"https:\/\/www.tesswave.com\/pt\/product\/5ghz-16dbi-90-degree-mimo-sector-antenna\/","title":{"rendered":"4.9-5.8GHz 16dBi Antena WiFi setorial MIMO direcional de 90 graus de alto ganho"},"content":{"rendered":"<figure class=\"wp-block-table is-style-regular\"><table class=\"has-fixed-layout\"><tbody><tr><td><strong>Especifica\u00e7\u00f5es el\u00e9ctricas<\/strong><\/td><td>&nbsp;<\/td><\/tr><tr><td>Frequ\u00eancia<\/td><td>4900-5850 MHz<\/td><\/tr><tr><td>Ganho<\/td><td>16 dBi<\/td><\/tr><tr><td>VSWR<\/td><td>&lt;1.8<\/td><\/tr><tr><td>Polariza\u00e7\u00e3o<\/td><td>Horizontal e Vertical<\/td><\/tr><tr><td>Largura do feixe horizontal<\/td><td>90\u00b0<\/td><\/tr><tr><td>Largura do feixe vertical<\/td><td>7\u00b0<\/td><\/tr><tr><td>R\u00e1cio F\/B<\/td><td>\u226525dB<\/td><\/tr><tr><td>Isolamento<\/td><td>\u226528dB<\/td><\/tr><tr><td>Imped\u00e2ncia<\/td><td>50 ohms<\/td><\/tr><tr><td>M\u00e1x. Pot\u00eancia de entrada<\/td><td>100W<\/td><\/tr><tr><td>Prote\u00e7\u00e3o contra raios<\/td><td>Terra DC<\/td><\/tr><tr><td><strong>Especifica\u00e7\u00f5es mec\u00e2nicas<\/strong><\/td><td>&nbsp;<\/td><\/tr><tr><td>Conector<\/td><td>2\u00d7N F\u00eamea<\/td><\/tr><tr><td>Dimens\u00e3o<\/td><td>504\u00d7165\u00d760mm<\/td><\/tr><tr><td>Peso<\/td><td>2kg<\/td><\/tr><tr><td>Montagem<\/td><td>Mastro \u00d840-\u00d860 mm<\/td><\/tr><tr><td>Material do radome<\/td><td>PVC resistente aos UV<\/td><\/tr><tr><td>Taxa de velocidade do vento<\/td><td>210km\/h<\/td><\/tr><tr><td>Temperatura de funcionamento<\/td><td>-40\u2103 - +65\u2103<\/td><\/tr><\/tbody><\/table><\/figure>","protected":false},"author":1,"featured_media":5052,"menu_order":0,"template":"","meta":{"_acf_changed":true},"product_cat":[131,334,244],"product_tag":[],"class_list":["post-2188","product","type-product","status-publish","has-post-thumbnail","hentry","product_cat-mimo-sector-antennas","product_cat-5-ghz-antennas","product_cat-sector-wifi-antennas"],"acf":{"_sku":"TSC-4958-16D90","product-image":[5052],"_price":"42","pdsms":null,"excerpt":"<ul>\r\n<li>Funciona na banda de frequ\u00eancias 4900-5850MHz<\/li>\r\n<li>Ganho real de 16dBi para cada radiador<\/li>\r\n<li>Largura de feixe horizontal de 90 graus 3dB<\/li>\r\n<li>Polariza\u00e7\u00e3o dupla V\/H<\/li>\r\n<li>Suportes de montagem resistentes<\/li>\r\n<li>Caixa da antena em PVC resistente com prote\u00e7\u00e3o UV<\/li>\r\n<li>Dimens\u00f5es: 504\u00d7165\u00d760mm<\/li>\r\n<li>Conector f\u00eamea 2\u00d7N<\/li>\r\n<\/ul>","faqs":""},"_links":{"self":[{"href":"https:\/\/www.tesswave.com\/pt\/wp-json\/wp\/v2\/product\/2188","targetHints":{"allow":["GET"]}}],"collection":[{"href":"https:\/\/www.tesswave.com\/pt\/wp-json\/wp\/v2\/product"}],"about":[{"href":"https:\/\/www.tesswave.com\/pt\/wp-json\/wp\/v2\/types\/product"}],"author":[{"embeddable":true,"href":"https:\/\/www.tesswave.com\/pt\/wp-json\/wp\/v2\/users\/1"}],"acf:attachment":[{"embeddable":true,"href":"https:\/\/www.tesswave.com\/pt\/wp-json\/wp\/v2\/media\/5052"}],"wp:featuredmedia":[{"embeddable":true,"href":"https:\/\/www.tesswave.com\/pt\/wp-json\/wp\/v2\/media\/5052"}],"wp:attachment":[{"href":"https:\/\/www.tesswave.com\/pt\/wp-json\/wp\/v2\/media?parent=2188"}],"wp:term":[{"taxonomy":"product_cat","embeddable":true,"href":"https:\/\/www.tesswave.com\/pt\/wp-json\/wp\/v2\/product_cat?post=2188"},{"taxonomy":"product_tag","embeddable":true,"href":"https:\/\/www.tesswave.com\/pt\/wp-json\/wp\/v2\/product_tag?post=2188"}],"curies":[{"name":"wp","href":"https:\/\/api.w.org\/{rel}","templated":true}]}}